{"id":4053,"date":"2024-12-06T15:24:20","date_gmt":"2024-12-06T12:24:20","guid":{"rendered":"https:\/\/paripesaapp.com\/sobre-nosotros\/"},"modified":"2024-12-12T17:27:54","modified_gmt":"2024-12-12T14:27:54","slug":"sobre-nosotros","status":"publish","type":"page","link":"https:\/\/paripesaapp.com\/es\/sobre-nosotros\/","title":{"rendered":"Sobre nosotros"},"content":{"rendered":"<div id=\"ez-toc-container\" class=\"ez-toc-v2_0_71 counter-hierarchy ez-toc-counter ez-toc-grey ez-toc-container-direction\">\n<div class=\"ez-toc-title-container\">\n<p class=\"ez-toc-title\" style=\"cursor:inherit\">Tabla de contenidos<\/p>\n<span class=\"ez-toc-title-toggle\"><a href=\"#\" class=\"ez-toc-pull-right ez-toc-btn ez-toc-btn-xs ez-toc-btn-default ez-toc-toggle\" aria-label=\"Toggle Table of Content\"><span class=\"ez-toc-js-icon-con\"><span class=\"\"><span class=\"eztoc-hide\" style=\"display:none;\">Toggle<\/span><span class=\"ez-toc-icon-toggle-span\"><svg style=\"fill: #999;color:#999\" xmlns=\"http:\/\/www.w3.org\/2000\/svg\" class=\"list-377408\" width=\"20px\" height=\"20px\" viewBox=\"0 0 24 24\" fill=\"none\"><path d=\"M6 6H4v2h2V6zm14 0H8v2h12V6zM4 11h2v2H4v-2zm16 0H8v2h12v-2zM4 16h2v2H4v-2zm16 0H8v2h12v-2z\" fill=\"currentColor\"><\/path><\/svg><svg style=\"fill: #999;color:#999\" class=\"arrow-unsorted-368013\" xmlns=\"http:\/\/www.w3.org\/2000\/svg\" width=\"10px\" height=\"10px\" viewBox=\"0 0 24 24\" version=\"1.2\" baseProfile=\"tiny\"><path d=\"M18.2 9.3l-6.2-6.3-6.2 6.3c-.2.2-.3.4-.3.7s.1.5.3.7c.2.2.4.3.7.3h11c.3 0 .5-.1.7-.3.2-.2.3-.5.3-.7s-.1-.5-.3-.7zM5.8 14.7l6.2 6.3 6.2-6.3c.2-.2.3-.5.3-.7s-.1-.5-.3-.7c-.2-.2-.4-.3-.7-.3h-11c-.3 0-.5.1-.7.3-.2.2-.3.5-.3.7s.1.5.3.7z\"\/><\/svg><\/span><\/span><\/span><\/a><\/span><\/div>\n<nav><ul class='ez-toc-list ez-toc-list-level-1 ' ><li class='ez-toc-page-1 ez-toc-heading-level-1'><a class=\"ez-toc-link ez-toc-heading-1\" href=\"https:\/\/paripesaapp.com\/es\/sobre-nosotros\/#Sobre_Nosotros_%E2%80%93_Paripesa\" title=\"Sobre Nosotros &#8211; Paripesa\">Sobre Nosotros &#8211; Paripesa<\/a><ul class='ez-toc-list-level-3' ><li class='ez-toc-heading-level-3'><ul class='ez-toc-list-level-3' ><li class='ez-toc-heading-level-3'><a class=\"ez-toc-link ez-toc-heading-2\" href=\"https:\/\/paripesaapp.com\/es\/sobre-nosotros\/#Quienes_somos\" title=\"Quienes somos\">Quienes somos<\/a><\/li><\/ul><\/li><li class='ez-toc-page-1 ez-toc-heading-level-2'><a class=\"ez-toc-link ez-toc-heading-3\" href=\"https:\/\/paripesaapp.com\/es\/sobre-nosotros\/#%C2%BFPor_que_elegir_Paripesa\" title=\"\u00bfPor qu\u00e9 elegir Paripesa?\">\u00bfPor qu\u00e9 elegir Paripesa?<\/a><ul class='ez-toc-list-level-3' ><li class='ez-toc-heading-level-3'><a class=\"ez-toc-link ez-toc-heading-4\" href=\"https:\/\/paripesaapp.com\/es\/sobre-nosotros\/#Accesibilidad\" title=\"Accesibilidad\">Accesibilidad<\/a><\/li><\/ul><\/li><\/ul><\/li><\/ul><\/nav><\/div>\n<h1><span class=\"ez-toc-section\" id=\"Sobre_Nosotros_%E2%80%93_Paripesa\"><\/span>Sobre Nosotros &#8211; Paripesa<span class=\"ez-toc-section-end\"><\/span><\/h1>\n<p>Bienvenido a la <a href=\"\/es\/\">aplicaci\u00f3n Paripesa<\/a> para Espa\u00f1a, tu plataforma de confianza para juegos, apuestas y entretenimiento en l\u00ednea. Nos dedicamos a brindar una experiencia fluida y segura que cumpla con los est\u00e1ndares m\u00e1s altos de la industria. Desde nuestra interfaz intuitiva hasta la atenci\u00f3n al cliente integral, cada aspecto de Paripesa est\u00e1 dise\u00f1ado pensando en el usuario.<\/p>\n<h3><span class=\"ez-toc-section\" id=\"Quienes_somos\"><\/span>Quienes somos<span class=\"ez-toc-section-end\"><\/span><\/h3>\n<p>Paripesa es una marca pionera en la industria de las apuestas en l\u00ednea, conocida por su integridad, transparencia y alcance global. El propietario de Paripesa se compromete a proporcionar una plataforma en la que los jugadores puedan confiar, ofreciendo una amplia gama de juegos y opciones de apuestas que se adaptan a todas las preferencias.<\/p>\n<h2><span class=\"ez-toc-section\" id=\"%C2%BFPor_que_elegir_Paripesa\"><\/span>\u00bfPor qu\u00e9 elegir Paripesa?<span class=\"ez-toc-section-end\"><\/span><\/h2>\n<ul>\n<li>Paripesa Leg\u00edtimo: Nuestras operaciones se adhieren a estrictas pautas y regulaciones de la industria, lo que garantiza un juego limpio y confiabilidad en todo momento.<\/li>\n<li>Paripesa Safe &#8211; Empleamos protocolos de seguridad avanzados y encriptaci\u00f3n de datos para proteger su informaci\u00f3n personal y financiera.<\/li>\n<li>Paripesa Mobile: la aplicaci\u00f3n Paripesa est\u00e1 optimizada para tel\u00e9fonos inteligentes y tabletas, lo que le permite disfrutar de una experiencia de juego premium en cualquier momento y en cualquier lugar.<\/li>\n<\/ul>\n<h3><span class=\"ez-toc-section\" id=\"Accesibilidad\"><\/span>Accesibilidad<span class=\"ez-toc-section-end\"><\/span><\/h3>\n<p>Descargar Paripesa: Con un proceso de instalaci\u00f3n sencillo y f\u00e1cil de usar, puede comenzar r\u00e1pidamente a utilizar la aplicaci\u00f3n Paripesa en su dispositivo preferido. Ofrecemos actualizaciones peri\u00f3dicas para garantizar un rendimiento \u00f3ptimo, correcciones de errores y nuevas funciones que mejoran su experiencia de usuario general. En Paripesa, nuestra misi\u00f3n es mantener una plataforma que priorice la seguridad, la imparcialidad y la facilidad de uso, lo que nos convierte en una opci\u00f3n l\u00edder para los jugadores en Espa\u00f1a que buscan un entorno de apuestas en l\u00ednea confiable y agradable.<\/p>\n","protected":false},"excerpt":{"rendered":"<p>Sobre Nosotros &#8211; Paripesa Bienvenido a la aplicaci\u00f3n Paripesa para Espa\u00f1a, tu plataforma de confianza para juegos, apuestas y entretenimiento en l\u00ednea. Nos dedicamos a brindar una experiencia fluida y segura que cumpla con los est\u00e1ndares m\u00e1s altos de la industria. Desde nuestra interfaz intuitiva hasta la atenci\u00f3n al cliente integral, cada aspecto de Paripesa&#8230;<\/p>\n","protected":false},"author":2,"featured_media":0,"parent":0,"menu_order":0,"comment_status":"closed","ping_status":"closed","template":"","meta":{"_sitemap_exclude":false,"_sitemap_priority":"","_sitemap_frequency":"","footnotes":""},"class_list":["post-4053","page","type-page","status-publish","hentry"],"acf":[],"yoast_head":"<!-- This site is optimized with the Yoast SEO plugin v24.0 - https:\/\/yoast.com\/wordpress\/plugins\/seo\/ -->\n<title>Sobre Nosotros - Paripesa | Tu Plataforma de Confianza<\/title>\n<meta name=\"description\" content=\"Descubre m\u00e1s sobre Paripesa en Espa\u00f1a. Tu plataforma de apuestas deportivas y casino m\u00f3vil con pagos seguros y una experiencia de juego excepcional.\" \/>\n<meta name=\"robots\" content=\"index, follow, max-snippet:-1, max-image-preview:large, max-video-preview:-1\" \/>\n<meta property=\"og:locale\" content=\"es_ES\" \/>\n<meta property=\"og:type\" content=\"article\" \/>\n<meta property=\"og:url\" content=\"https:\/\/paripesaapp.com\/es\/sobre-nosotros\/\" \/>\n<meta property=\"og:site_name\" content=\"Descarga de la aplicaci\u00f3n PariPesa la \u00faltima versi\u00f3n para IOS Android\" \/>\n<meta property=\"article:modified_time\" content=\"2024-12-12T14:27:54+00:00\" \/>\n<meta name=\"twitter:label1\" content=\"Tiempo de lectura\" \/>\n\t<meta name=\"twitter:data1\" content=\"2 minutos\" \/>\n<script type=\"application\/ld+json\" class=\"yoast-schema-graph\">{\"@context\":\"https:\/\/schema.org\",\"@graph\":[{\"@type\":\"WebPage\",\"@id\":\"https:\/\/paripesaapp.com\/es\/sobre-nosotros\/\",\"url\":\"https:\/\/paripesaapp.com\/es\/sobre-nosotros\/\",\"name\":\"Sobre Nosotros - Paripesa | Tu Plataforma de Confianza\",\"isPartOf\":{\"@id\":\"https:\/\/paripesaapp.com\/#website\"},\"datePublished\":\"2024-12-06T12:24:20+00:00\",\"dateModified\":\"2024-12-12T14:27:54+00:00\",\"description\":\"Descubre m\u00e1s sobre Paripesa en Espa\u00f1a. Tu plataforma de apuestas deportivas y casino m\u00f3vil con pagos seguros y una experiencia de juego excepcional.\",\"breadcrumb\":{\"@id\":\"https:\/\/paripesaapp.com\/es\/sobre-nosotros\/#breadcrumb\"},\"inLanguage\":\"es\",\"potentialAction\":[{\"@type\":\"ReadAction\",\"target\":[\"https:\/\/paripesaapp.com\/es\/sobre-nosotros\/\"]}]},{\"@type\":\"BreadcrumbList\",\"@id\":\"https:\/\/paripesaapp.com\/es\/sobre-nosotros\/#breadcrumb\",\"itemListElement\":[{\"@type\":\"ListItem\",\"position\":1,\"name\":\"Home\",\"item\":\"https:\/\/paripesaapp.com\/es\/\"},{\"@type\":\"ListItem\",\"position\":2,\"name\":\"Sobre nosotros\"}]},{\"@type\":\"WebSite\",\"@id\":\"https:\/\/paripesaapp.com\/#website\",\"url\":\"https:\/\/paripesaapp.com\/\",\"name\":\"PariPesa App Download Latest Version for IOS Android\",\"description\":\"\",\"publisher\":{\"@id\":\"https:\/\/paripesaapp.com\/#organization\"},\"inLanguage\":\"es\"},{\"@type\":\"Organization\",\"@id\":\"https:\/\/paripesaapp.com\/#organization\",\"name\":\"PariPesa App Download Latest Version for IOS Android\",\"url\":\"https:\/\/paripesaapp.com\/\",\"logo\":{\"@type\":\"ImageObject\",\"inLanguage\":\"es\",\"@id\":\"https:\/\/paripesaapp.com\/#\/schema\/logo\/image\/\",\"url\":\"https:\/\/paripesaapp.com\/wp-content\/uploads\/2024\/03\/logo-2.png\",\"contentUrl\":\"https:\/\/paripesaapp.com\/wp-content\/uploads\/2024\/03\/logo-2.png\",\"width\":463,\"height\":79,\"caption\":\"PariPesa App Download Latest Version for IOS Android\"},\"image\":{\"@id\":\"https:\/\/paripesaapp.com\/#\/schema\/logo\/image\/\"}}]}<\/script>\n<!-- \/ Yoast SEO plugin. -->","yoast_head_json":{"title":"Sobre Nosotros - Paripesa | Tu Plataforma de Confianza","description":"Descubre m\u00e1s sobre Paripesa en Espa\u00f1a. Tu plataforma de apuestas deportivas y casino m\u00f3vil con pagos seguros y una experiencia de juego excepcional.","robots":{"index":"index","follow":"follow","max-snippet":"max-snippet:-1","max-image-preview":"max-image-preview:large","max-video-preview":"max-video-preview:-1"},"og_locale":"es_ES","og_type":"article","og_url":"https:\/\/paripesaapp.com\/es\/sobre-nosotros\/","og_site_name":"Descarga de la aplicaci\u00f3n PariPesa la \u00faltima versi\u00f3n para IOS Android","article_modified_time":"2024-12-12T14:27:54+00:00","twitter_misc":{"Tiempo de lectura":"2 minutos"},"schema":{"@context":"https:\/\/schema.org","@graph":[{"@type":"WebPage","@id":"https:\/\/paripesaapp.com\/es\/sobre-nosotros\/","url":"https:\/\/paripesaapp.com\/es\/sobre-nosotros\/","name":"Sobre Nosotros - Paripesa | Tu Plataforma de Confianza","isPartOf":{"@id":"https:\/\/paripesaapp.com\/#website"},"datePublished":"2024-12-06T12:24:20+00:00","dateModified":"2024-12-12T14:27:54+00:00","description":"Descubre m\u00e1s sobre Paripesa en Espa\u00f1a. Tu plataforma de apuestas deportivas y casino m\u00f3vil con pagos seguros y una experiencia de juego excepcional.","breadcrumb":{"@id":"https:\/\/paripesaapp.com\/es\/sobre-nosotros\/#breadcrumb"},"inLanguage":"es","potentialAction":[{"@type":"ReadAction","target":["https:\/\/paripesaapp.com\/es\/sobre-nosotros\/"]}]},{"@type":"BreadcrumbList","@id":"https:\/\/paripesaapp.com\/es\/sobre-nosotros\/#breadcrumb","itemListElement":[{"@type":"ListItem","position":1,"name":"Home","item":"https:\/\/paripesaapp.com\/es\/"},{"@type":"ListItem","position":2,"name":"Sobre nosotros"}]},{"@type":"WebSite","@id":"https:\/\/paripesaapp.com\/#website","url":"https:\/\/paripesaapp.com\/","name":"PariPesa App Download Latest Version for IOS Android","description":"","publisher":{"@id":"https:\/\/paripesaapp.com\/#organization"},"inLanguage":"es"},{"@type":"Organization","@id":"https:\/\/paripesaapp.com\/#organization","name":"PariPesa App Download Latest Version for IOS Android","url":"https:\/\/paripesaapp.com\/","logo":{"@type":"ImageObject","inLanguage":"es","@id":"https:\/\/paripesaapp.com\/#\/schema\/logo\/image\/","url":"https:\/\/paripesaapp.com\/wp-content\/uploads\/2024\/03\/logo-2.png","contentUrl":"https:\/\/paripesaapp.com\/wp-content\/uploads\/2024\/03\/logo-2.png","width":463,"height":79,"caption":"PariPesa App Download Latest Version for IOS Android"},"image":{"@id":"https:\/\/paripesaapp.com\/#\/schema\/logo\/image\/"}}]}},"_links":{"self":[{"href":"https:\/\/paripesaapp.com\/es\/wp-json\/wp\/v2\/pages\/4053","targetHints":{"allow":["GET"]}}],"collection":[{"href":"https:\/\/paripesaapp.com\/es\/wp-json\/wp\/v2\/pages"}],"about":[{"href":"https:\/\/paripesaapp.com\/es\/wp-json\/wp\/v2\/types\/page"}],"author":[{"embeddable":true,"href":"https:\/\/paripesaapp.com\/es\/wp-json\/wp\/v2\/users\/2"}],"replies":[{"embeddable":true,"href":"https:\/\/paripesaapp.com\/es\/wp-json\/wp\/v2\/comments?post=4053"}],"version-history":[{"count":2,"href":"https:\/\/paripesaapp.com\/es\/wp-json\/wp\/v2\/pages\/4053\/revisions"}],"predecessor-version":[{"id":4162,"href":"https:\/\/paripesaapp.com\/es\/wp-json\/wp\/v2\/pages\/4053\/revisions\/4162"}],"wp:attachment":[{"href":"https:\/\/paripesaapp.com\/es\/wp-json\/wp\/v2\/media?parent=4053"}],"curies":[{"name":"wp","href":"https:\/\/api.w.org\/{rel}","templated":true}]}}