{"id":4054,"date":"2024-12-06T15:37:46","date_gmt":"2024-12-06T12:37:46","guid":{"rendered":"https:\/\/paripesaapp.com\/contacta-con-nosotros\/"},"modified":"2024-12-12T17:28:38","modified_gmt":"2024-12-12T14:28:38","slug":"contacta-con-nosotros","status":"publish","type":"page","link":"https:\/\/paripesaapp.com\/es\/contacta-con-nosotros\/","title":{"rendered":"Contacta con nosotros"},"content":{"rendered":"<div id=\"ez-toc-container\" class=\"ez-toc-v2_0_71 counter-hierarchy ez-toc-counter ez-toc-grey ez-toc-container-direction\">\n<div class=\"ez-toc-title-container\">\n<p class=\"ez-toc-title\" style=\"cursor:inherit\">Tabla de contenidos<\/p>\n<span class=\"ez-toc-title-toggle\"><a href=\"#\" class=\"ez-toc-pull-right ez-toc-btn ez-toc-btn-xs ez-toc-btn-default ez-toc-toggle\" aria-label=\"Toggle Table of Content\"><span class=\"ez-toc-js-icon-con\"><span class=\"\"><span class=\"eztoc-hide\" style=\"display:none;\">Toggle<\/span><span class=\"ez-toc-icon-toggle-span\"><svg style=\"fill: #999;color:#999\" xmlns=\"http:\/\/www.w3.org\/2000\/svg\" class=\"list-377408\" width=\"20px\" height=\"20px\" viewBox=\"0 0 24 24\" fill=\"none\"><path d=\"M6 6H4v2h2V6zm14 0H8v2h12V6zM4 11h2v2H4v-2zm16 0H8v2h12v-2zM4 16h2v2H4v-2zm16 0H8v2h12v-2z\" fill=\"currentColor\"><\/path><\/svg><svg style=\"fill: #999;color:#999\" class=\"arrow-unsorted-368013\" xmlns=\"http:\/\/www.w3.org\/2000\/svg\" width=\"10px\" height=\"10px\" viewBox=\"0 0 24 24\" version=\"1.2\" baseProfile=\"tiny\"><path d=\"M18.2 9.3l-6.2-6.3-6.2 6.3c-.2.2-.3.4-.3.7s.1.5.3.7c.2.2.4.3.7.3h11c.3 0 .5-.1.7-.3.2-.2.3-.5.3-.7s-.1-.5-.3-.7zM5.8 14.7l6.2 6.3 6.2-6.3c.2-.2.3-.5.3-.7s-.1-.5-.3-.7c-.2-.2-.4-.3-.7-.3h-11c-.3 0-.5.1-.7.3-.2.2-.3.5-.3.7s.1.5.3.7z\"\/><\/svg><\/span><\/span><\/span><\/a><\/span><\/div>\n<nav><ul class='ez-toc-list ez-toc-list-level-1 ' ><li class='ez-toc-page-1 ez-toc-heading-level-1'><a class=\"ez-toc-link ez-toc-heading-1\" href=\"https:\/\/paripesaapp.com\/es\/contacta-con-nosotros\/#Contactanos_%E2%80%93_Paripesa\" title=\"Cont\u00e1ctanos &#8211; Paripesa\">Cont\u00e1ctanos &#8211; Paripesa<\/a><ul class='ez-toc-list-level-2' ><li class='ez-toc-heading-level-2'><a class=\"ez-toc-link ez-toc-heading-2\" href=\"https:\/\/paripesaapp.com\/es\/contacta-con-nosotros\/#Como_llegar_a_nosotros\" title=\"C\u00f3mo llegar a nosotros\">C\u00f3mo llegar a nosotros<\/a><ul class='ez-toc-list-level-3' ><li class='ez-toc-heading-level-3'><a class=\"ez-toc-link ez-toc-heading-3\" href=\"https:\/\/paripesaapp.com\/es\/contacta-con-nosotros\/#Recursos_adicionales\" title=\"Recursos adicionales\">Recursos adicionales<\/a><\/li><\/ul><\/li><li class='ez-toc-page-1 ez-toc-heading-level-2'><a class=\"ez-toc-link ez-toc-heading-4\" href=\"https:\/\/paripesaapp.com\/es\/contacta-con-nosotros\/#Comentarios_y_sugerencias\" title=\"Comentarios y sugerencias\">Comentarios y sugerencias<\/a><\/li><\/ul><\/li><\/ul><\/nav><\/div>\n<h1><span class=\"ez-toc-section\" id=\"Contactanos_%E2%80%93_Paripesa\"><\/span>Cont\u00e1ctanos &#8211; Paripesa<span class=\"ez-toc-section-end\"><\/span><\/h1>\n<p>En <a href=\"\/es\/\">Paripesa<\/a>, nuestra prioridad es brindar un soporte confiable y eficiente para garantizar que tenga una experiencia positiva en nuestra plataforma. Ya sea que necesite ayuda con el proceso de registro en Paripesa, tenga consultas sobre su cuenta o necesite asistencia t\u00e9cnica, nuestro equipo est\u00e1 aqu\u00ed para ayudarlo.<\/p>\n<h2><span class=\"ez-toc-section\" id=\"Como_llegar_a_nosotros\"><\/span>C\u00f3mo llegar a nosotros<span class=\"ez-toc-section-end\"><\/span><\/h2>\n<ul>\n<li>Por tel\u00e9fono<br \/>\nPara obtener asistencia directa, llame a nuestra l\u00ednea de soporte dedicada al n\u00famero de contacto de Paripesa: +91 8000 123 456. Nuestros agentes de soporte capacitados est\u00e1n disponibles para guiarlo en caso de problemas con su cuenta, retiros o cualquier problema t\u00e9cnico.<\/li>\n<li>L\u00ednea directa de atenci\u00f3n al cliente<br \/>\nSi necesita atenci\u00f3n inmediata, llame al n\u00famero de atenci\u00f3n al cliente de Paripesa al +91 8000 654 321. Esta l\u00ednea cuenta con profesionales listos para ayudar con asuntos como pautas de juego responsable, aclaraciones sobre pagos o consultas generales sobre las caracter\u00edsticas de la plataforma.<\/li>\n<li>Soporte por correo electr\u00f3nico<br \/>\nPara consultas m\u00e1s detalladas que requieran documentaci\u00f3n o capturas de pantalla, puede enviar un correo electr\u00f3nico a nuestro equipo de soporte a support@paripesa.in. Recibir\u00e1 una respuesta en un plazo de 24 a 48 horas, con instrucciones completas para resolver su problema.<\/li>\n<\/ul>\n<h3><span class=\"ez-toc-section\" id=\"Recursos_adicionales\"><\/span>Recursos adicionales<span class=\"ez-toc-section-end\"><\/span><\/h3>\n<ul>\n<li>Preguntas frecuentes: explore nuestra secci\u00f3n de preguntas frecuentes dentro de la aplicaci\u00f3n Paripesa para encontrar respuestas a preguntas comunes sobre el proceso de registro de Paripesa, la verificaci\u00f3n de la cuenta y los m\u00e9todos de pago.<\/li>\n<li>Art\u00edculos del Centro de ayuda: acceda a gu\u00edas paso a paso, tutoriales en video y sugerencias para la soluci\u00f3n de problemas t\u00e9cnicos que pueda enfrentar.<\/li>\n<\/ul>\n<h2><span class=\"ez-toc-section\" id=\"Comentarios_y_sugerencias\"><\/span>Comentarios y sugerencias<span class=\"ez-toc-section-end\"><\/span><\/h2>\n<p>Tus comentarios nos ayudan a mejorar. Si tienes sugerencias o solicitudes de funciones, comun\u00edcate con nosotros a trav\u00e9s de cualquiera de los canales de contacto anteriores. Valoramos tus comentarios y nos esforzamos por mejorar tu experiencia en Paripesa, garantizando un entorno de apuestas seguro, protegido y f\u00e1cil de usar.<\/p>\n","protected":false},"excerpt":{"rendered":"<p>Cont\u00e1ctanos &#8211; Paripesa En Paripesa, nuestra prioridad es brindar un soporte confiable y eficiente para garantizar que tenga una experiencia positiva en nuestra plataforma. Ya sea que necesite ayuda con el proceso de registro en Paripesa, tenga consultas sobre su cuenta o necesite asistencia t\u00e9cnica, nuestro equipo est\u00e1 aqu\u00ed para ayudarlo. C\u00f3mo llegar a nosotros&#8230;<\/p>\n","protected":false},"author":2,"featured_media":0,"parent":0,"menu_order":0,"comment_status":"closed","ping_status":"closed","template":"","meta":{"_sitemap_exclude":false,"_sitemap_priority":"","_sitemap_frequency":"","footnotes":""},"class_list":["post-4054","page","type-page","status-publish","hentry"],"acf":[],"yoast_head":"<!-- This site is optimized with the Yoast SEO plugin v24.0 - https:\/\/yoast.com\/wordpress\/plugins\/seo\/ -->\n<title>Cont\u00e1ctanos - Paripesa | Espa\u00f1a - Soporte 24\/7<\/title>\n<meta name=\"description\" content=\"\u00bfNecesitas ayuda con Paripesa en Espa\u00f1a? Cont\u00e1ctanos para soporte 24\/7 sobre pagos, cuenta, apuestas y cualquier consulta. Estamos aqu\u00ed para ayudarte.\" \/>\n<meta name=\"robots\" content=\"index, follow, max-snippet:-1, max-image-preview:large, max-video-preview:-1\" \/>\n<meta property=\"og:locale\" content=\"es_ES\" \/>\n<meta property=\"og:type\" content=\"article\" \/>\n<meta property=\"og:url\" content=\"https:\/\/paripesaapp.com\/es\/contacta-con-nosotros\/\" \/>\n<meta property=\"og:site_name\" content=\"Descarga de la aplicaci\u00f3n PariPesa la \u00faltima versi\u00f3n para IOS Android\" \/>\n<meta property=\"article:modified_time\" content=\"2024-12-12T14:28:38+00:00\" \/>\n<meta name=\"twitter:label1\" content=\"Tiempo de lectura\" \/>\n\t<meta name=\"twitter:data1\" content=\"2 minutos\" \/>\n<script type=\"application\/ld+json\" class=\"yoast-schema-graph\">{\"@context\":\"https:\/\/schema.org\",\"@graph\":[{\"@type\":\"WebPage\",\"@id\":\"https:\/\/paripesaapp.com\/es\/contacta-con-nosotros\/\",\"url\":\"https:\/\/paripesaapp.com\/es\/contacta-con-nosotros\/\",\"name\":\"Cont\u00e1ctanos - Paripesa | Espa\u00f1a - Soporte 24\/7\",\"isPartOf\":{\"@id\":\"https:\/\/paripesaapp.com\/#website\"},\"datePublished\":\"2024-12-06T12:37:46+00:00\",\"dateModified\":\"2024-12-12T14:28:38+00:00\",\"description\":\"\u00bfNecesitas ayuda con Paripesa en Espa\u00f1a? Cont\u00e1ctanos para soporte 24\/7 sobre pagos, cuenta, apuestas y cualquier consulta. Estamos aqu\u00ed para ayudarte.\",\"breadcrumb\":{\"@id\":\"https:\/\/paripesaapp.com\/es\/contacta-con-nosotros\/#breadcrumb\"},\"inLanguage\":\"es\",\"potentialAction\":[{\"@type\":\"ReadAction\",\"target\":[\"https:\/\/paripesaapp.com\/es\/contacta-con-nosotros\/\"]}]},{\"@type\":\"BreadcrumbList\",\"@id\":\"https:\/\/paripesaapp.com\/es\/contacta-con-nosotros\/#breadcrumb\",\"itemListElement\":[{\"@type\":\"ListItem\",\"position\":1,\"name\":\"Home\",\"item\":\"https:\/\/paripesaapp.com\/es\/\"},{\"@type\":\"ListItem\",\"position\":2,\"name\":\"Contacta con nosotros\"}]},{\"@type\":\"WebSite\",\"@id\":\"https:\/\/paripesaapp.com\/#website\",\"url\":\"https:\/\/paripesaapp.com\/\",\"name\":\"PariPesa App Download Latest Version for IOS Android\",\"description\":\"\",\"publisher\":{\"@id\":\"https:\/\/paripesaapp.com\/#organization\"},\"inLanguage\":\"es\"},{\"@type\":\"Organization\",\"@id\":\"https:\/\/paripesaapp.com\/#organization\",\"name\":\"PariPesa App Download Latest Version for IOS Android\",\"url\":\"https:\/\/paripesaapp.com\/\",\"logo\":{\"@type\":\"ImageObject\",\"inLanguage\":\"es\",\"@id\":\"https:\/\/paripesaapp.com\/#\/schema\/logo\/image\/\",\"url\":\"https:\/\/paripesaapp.com\/wp-content\/uploads\/2024\/03\/logo-2.png\",\"contentUrl\":\"https:\/\/paripesaapp.com\/wp-content\/uploads\/2024\/03\/logo-2.png\",\"width\":463,\"height\":79,\"caption\":\"PariPesa App Download Latest Version for IOS Android\"},\"image\":{\"@id\":\"https:\/\/paripesaapp.com\/#\/schema\/logo\/image\/\"}}]}<\/script>\n<!-- \/ Yoast SEO plugin. -->","yoast_head_json":{"title":"Cont\u00e1ctanos - Paripesa | Espa\u00f1a - Soporte 24\/7","description":"\u00bfNecesitas ayuda con Paripesa en Espa\u00f1a? Cont\u00e1ctanos para soporte 24\/7 sobre pagos, cuenta, apuestas y cualquier consulta. Estamos aqu\u00ed para ayudarte.","robots":{"index":"index","follow":"follow","max-snippet":"max-snippet:-1","max-image-preview":"max-image-preview:large","max-video-preview":"max-video-preview:-1"},"og_locale":"es_ES","og_type":"article","og_url":"https:\/\/paripesaapp.com\/es\/contacta-con-nosotros\/","og_site_name":"Descarga de la aplicaci\u00f3n PariPesa la \u00faltima versi\u00f3n para IOS Android","article_modified_time":"2024-12-12T14:28:38+00:00","twitter_misc":{"Tiempo de lectura":"2 minutos"},"schema":{"@context":"https:\/\/schema.org","@graph":[{"@type":"WebPage","@id":"https:\/\/paripesaapp.com\/es\/contacta-con-nosotros\/","url":"https:\/\/paripesaapp.com\/es\/contacta-con-nosotros\/","name":"Cont\u00e1ctanos - Paripesa | Espa\u00f1a - Soporte 24\/7","isPartOf":{"@id":"https:\/\/paripesaapp.com\/#website"},"datePublished":"2024-12-06T12:37:46+00:00","dateModified":"2024-12-12T14:28:38+00:00","description":"\u00bfNecesitas ayuda con Paripesa en Espa\u00f1a? Cont\u00e1ctanos para soporte 24\/7 sobre pagos, cuenta, apuestas y cualquier consulta. Estamos aqu\u00ed para ayudarte.","breadcrumb":{"@id":"https:\/\/paripesaapp.com\/es\/contacta-con-nosotros\/#breadcrumb"},"inLanguage":"es","potentialAction":[{"@type":"ReadAction","target":["https:\/\/paripesaapp.com\/es\/contacta-con-nosotros\/"]}]},{"@type":"BreadcrumbList","@id":"https:\/\/paripesaapp.com\/es\/contacta-con-nosotros\/#breadcrumb","itemListElement":[{"@type":"ListItem","position":1,"name":"Home","item":"https:\/\/paripesaapp.com\/es\/"},{"@type":"ListItem","position":2,"name":"Contacta con nosotros"}]},{"@type":"WebSite","@id":"https:\/\/paripesaapp.com\/#website","url":"https:\/\/paripesaapp.com\/","name":"PariPesa App Download Latest Version for IOS Android","description":"","publisher":{"@id":"https:\/\/paripesaapp.com\/#organization"},"inLanguage":"es"},{"@type":"Organization","@id":"https:\/\/paripesaapp.com\/#organization","name":"PariPesa App Download Latest Version for IOS Android","url":"https:\/\/paripesaapp.com\/","logo":{"@type":"ImageObject","inLanguage":"es","@id":"https:\/\/paripesaapp.com\/#\/schema\/logo\/image\/","url":"https:\/\/paripesaapp.com\/wp-content\/uploads\/2024\/03\/logo-2.png","contentUrl":"https:\/\/paripesaapp.com\/wp-content\/uploads\/2024\/03\/logo-2.png","width":463,"height":79,"caption":"PariPesa App Download Latest Version for IOS Android"},"image":{"@id":"https:\/\/paripesaapp.com\/#\/schema\/logo\/image\/"}}]}},"_links":{"self":[{"href":"https:\/\/paripesaapp.com\/es\/wp-json\/wp\/v2\/pages\/4054","targetHints":{"allow":["GET"]}}],"collection":[{"href":"https:\/\/paripesaapp.com\/es\/wp-json\/wp\/v2\/pages"}],"about":[{"href":"https:\/\/paripesaapp.com\/es\/wp-json\/wp\/v2\/types\/page"}],"author":[{"embeddable":true,"href":"https:\/\/paripesaapp.com\/es\/wp-json\/wp\/v2\/users\/2"}],"replies":[{"embeddable":true,"href":"https:\/\/paripesaapp.com\/es\/wp-json\/wp\/v2\/comments?post=4054"}],"version-history":[{"count":2,"href":"https:\/\/paripesaapp.com\/es\/wp-json\/wp\/v2\/pages\/4054\/revisions"}],"predecessor-version":[{"id":4163,"href":"https:\/\/paripesaapp.com\/es\/wp-json\/wp\/v2\/pages\/4054\/revisions\/4163"}],"wp:attachment":[{"href":"https:\/\/paripesaapp.com\/es\/wp-json\/wp\/v2\/media?parent=4054"}],"curies":[{"name":"wp","href":"https:\/\/api.w.org\/{rel}","templated":true}]}}