{"id":4072,"date":"2024-12-06T16:31:12","date_gmt":"2024-12-06T13:31:12","guid":{"rendered":"https:\/\/paripesaapp.com\/politica-de-privacidad-2\/"},"modified":"2024-12-12T17:30:50","modified_gmt":"2024-12-12T14:30:50","slug":"juego-responsable","status":"publish","type":"page","link":"https:\/\/paripesaapp.com\/es\/juego-responsable\/","title":{"rendered":"Juego Responsable"},"content":{"rendered":"<section class=\"l-section wpb_row height_auto\"><div class=\"l-section-h i-cf\"><div class=\"g-cols vc_row via_grid cols_1 laptops-cols_inherit tablets-cols_inherit mobiles-cols_1 valign_top type_default stacking_default\"><div class=\"wpb_column vc_column_container\"><div class=\"vc_column-inner\"><div class=\"wpb_text_column\"><div class=\"wpb_wrapper\"><div id=\"ez-toc-container\" class=\"ez-toc-v2_0_71 counter-hierarchy ez-toc-counter ez-toc-grey ez-toc-container-direction\">\n<div class=\"ez-toc-title-container\">\n<p class=\"ez-toc-title\" style=\"cursor:inherit\">Tabla de contenidos<\/p>\n<span class=\"ez-toc-title-toggle\"><a href=\"#\" class=\"ez-toc-pull-right ez-toc-btn ez-toc-btn-xs ez-toc-btn-default ez-toc-toggle\" aria-label=\"Toggle Table of Content\"><span class=\"ez-toc-js-icon-con\"><span class=\"\"><span class=\"eztoc-hide\" style=\"display:none;\">Toggle<\/span><span class=\"ez-toc-icon-toggle-span\"><svg style=\"fill: #999;color:#999\" xmlns=\"http:\/\/www.w3.org\/2000\/svg\" class=\"list-377408\" width=\"20px\" height=\"20px\" viewBox=\"0 0 24 24\" fill=\"none\"><path d=\"M6 6H4v2h2V6zm14 0H8v2h12V6zM4 11h2v2H4v-2zm16 0H8v2h12v-2zM4 16h2v2H4v-2zm16 0H8v2h12v-2z\" fill=\"currentColor\"><\/path><\/svg><svg style=\"fill: #999;color:#999\" class=\"arrow-unsorted-368013\" xmlns=\"http:\/\/www.w3.org\/2000\/svg\" width=\"10px\" height=\"10px\" viewBox=\"0 0 24 24\" version=\"1.2\" baseProfile=\"tiny\"><path d=\"M18.2 9.3l-6.2-6.3-6.2 6.3c-.2.2-.3.4-.3.7s.1.5.3.7c.2.2.4.3.7.3h11c.3 0 .5-.1.7-.3.2-.2.3-.5.3-.7s-.1-.5-.3-.7zM5.8 14.7l6.2 6.3 6.2-6.3c.2-.2.3-.5.3-.7s-.1-.5-.3-.7c-.2-.2-.4-.3-.7-.3h-11c-.3 0-.5.1-.7.3-.2.2-.3.5-.3.7s.1.5.3.7z\"\/><\/svg><\/span><\/span><\/span><\/a><\/span><\/div>\n<nav><ul class='ez-toc-list ez-toc-list-level-1 ' ><li class='ez-toc-page-1 ez-toc-heading-level-1'><a class=\"ez-toc-link ez-toc-heading-1\" href=\"https:\/\/paripesaapp.com\/es\/juego-responsable\/#Juego_Responsable_%E2%80%93_Paripesa\" title=\"Juego Responsable &#8211; Paripesa\">Juego Responsable &#8211; Paripesa<\/a><ul class='ez-toc-list-level-2' ><li class='ez-toc-heading-level-2'><a class=\"ez-toc-link ez-toc-heading-2\" href=\"https:\/\/paripesaapp.com\/es\/juego-responsable\/#Establecer_limites_financieros\" title=\"Establecer l\u00edmites financieros\">Establecer l\u00edmites financieros<\/a><ul class='ez-toc-list-level-3' ><li class='ez-toc-heading-level-3'><a class=\"ez-toc-link ez-toc-heading-3\" href=\"https:\/\/paripesaapp.com\/es\/juego-responsable\/#Herramientas_y_recursos\" title=\"Herramientas y recursos\">Herramientas y recursos<\/a><\/li><li class='ez-toc-page-1 ez-toc-heading-level-3'><a class=\"ez-toc-link ez-toc-heading-4\" href=\"https:\/\/paripesaapp.com\/es\/juego-responsable\/#Confianza_y_Transparencia\" title=\"Confianza y Transparencia\">Confianza y Transparencia<\/a><ul class='ez-toc-list-level-4' ><li class='ez-toc-heading-level-4'><a class=\"ez-toc-link ez-toc-heading-5\" href=\"https:\/\/paripesaapp.com\/es\/juego-responsable\/#Buscando_ayuda\" title=\"Buscando ayuda\">Buscando ayuda<\/a><\/li><\/ul><\/li><\/ul><\/li><\/ul><\/li><\/ul><\/nav><\/div>\n<h1><span class=\"ez-toc-section\" id=\"Juego_Responsable_%E2%80%93_Paripesa\"><\/span>Juego Responsable &#8211; Paripesa<span class=\"ez-toc-section-end\"><\/span><\/h1>\n<p>En <a href=\"\/es\/\">Paripesa<\/a>, nos dedicamos a promover un entorno de juego seguro y responsable. Nuestro objetivo es garantizar que los jugadores disfruten de una experiencia equilibrada, manteniendo el control sobre sus actividades de apuestas y evitando posibles consecuencias negativas. Ya sea que est\u00e9 haciendo apuestas o explorando nuestra amplia gama de juegos, el juego responsable es el n\u00facleo de nuestras operaciones.<\/p>\n<h2><span class=\"ez-toc-section\" id=\"Establecer_limites_financieros\"><\/span>Establecer l\u00edmites financieros<span class=\"ez-toc-section-end\"><\/span><\/h2>\n<p>Un aspecto clave del juego responsable es la gesti\u00f3n de las finanzas. Paripesa ofrece flexibilidad y claridad en lo que respecta a dep\u00f3sitos y retiros:<\/p>\n<ul>\n<li>Dep\u00f3sito m\u00ednimo de Paripesa: hemos implementado un l\u00edmite de dep\u00f3sito m\u00ednimo, lo que le permite comenzar su viaje de juego con una cantidad que mejor se adapte a su presupuesto.<\/li>\n<li>Retiro de Paripesa: nuestro sistema de retiro est\u00e1 dise\u00f1ado para ser seguro y transparente. Comprender el retiro m\u00ednimo de Paripesa le garantiza que podr\u00e1 recuperar sus ganancias de manera responsable sin excederse.<\/li>\n<li>Tiempo de retiro de Paripesa: todos los pagos se procesan dentro de un per\u00edodo de tiempo espec\u00edfico, lo que le ayuda a planificar cu\u00e1ndo y c\u00f3mo desea acceder a sus fondos. Este enfoque estructurado favorece la toma de decisiones mesuradas en lugar de un juego impulsivo.<\/li>\n<\/ul>\n<h3><span class=\"ez-toc-section\" id=\"Herramientas_y_recursos\"><\/span>Herramientas y recursos<span class=\"ez-toc-section-end\"><\/span><\/h3>\n<p>Animamos a los jugadores a utilizar las herramientas disponibles en la aplicaci\u00f3n Paripesa para establecer l\u00edmites personales de dep\u00f3sitos y p\u00e9rdidas. Controlar peri\u00f3dicamente su juego, tomar descansos y revisar su historial de apuestas ayuda a mantener una relaci\u00f3n saludable con las actividades de juego.<\/p>\n<h3><span class=\"ez-toc-section\" id=\"Confianza_y_Transparencia\"><\/span>Confianza y Transparencia<span class=\"ez-toc-section-end\"><\/span><\/h3>\n<p>Nuestro compromiso con el juego responsable se ve reforzado por nuestra posici\u00f3n en la comunidad en general. Las rese\u00f1as de usuarios independientes en plataformas como Paripesa Trustpilot reflejan nuestro enfoque en la integridad, la satisfacci\u00f3n del jugador y la transparencia. Nos enorgullecemos de ofrecer un entorno confiable que respalde la toma de decisiones informada y el juego respetuoso.<\/p>\n<h4><span class=\"ez-toc-section\" id=\"Buscando_ayuda\"><\/span>Buscando ayuda<span class=\"ez-toc-section-end\"><\/span><\/h4>\n<p>Si tiene dificultades para controlar sus h\u00e1bitos de juego, le recomendamos que busque ayuda profesional. Hay numerosas organizaciones de juego responsable y l\u00edneas de ayuda disponibles para guiarlo hacia pr\u00e1cticas de juego m\u00e1s saludables. En Paripesa, su bienestar es primordial. Si comprende las herramientas, los l\u00edmites y las mejores pr\u00e1cticas que se describen aqu\u00ed, puede mantener una experiencia positiva, agradable y responsable en nuestra plataforma.<\/p>\n<\/div><\/div><\/div><\/div><\/div><\/div><\/section>\n","protected":false},"excerpt":{"rendered":"Juego Responsable &#8211; Paripesa En Paripesa, nos dedicamos a promover un entorno de juego seguro y responsable. Nuestro objetivo es garantizar que los jugadores disfruten de una experiencia equilibrada, manteniendo el control sobre sus actividades de apuestas y evitando posibles consecuencias negativas. Ya sea que est\u00e9 haciendo apuestas o explorando nuestra amplia gama de juegos,...","protected":false},"author":2,"featured_media":0,"parent":0,"menu_order":0,"comment_status":"closed","ping_status":"closed","template":"","meta":{"_sitemap_exclude":false,"_sitemap_priority":"","_sitemap_frequency":"","footnotes":""},"class_list":["post-4072","page","type-page","status-publish","hentry"],"acf":[],"yoast_head":"<!-- This site is optimized with the Yoast SEO plugin v24.0 - https:\/\/yoast.com\/wordpress\/plugins\/seo\/ -->\n<title>Juego Responsable - Paripesa | Apuesta con Seguridad<\/title>\n<meta name=\"description\" content=\"Descubre c\u00f3mo la Paripesa fomenta el juego responsable. Accede a herramientas y recursos para garantizar una experiencia de juego segura y equilibrada.\" \/>\n<meta name=\"robots\" content=\"index, follow, max-snippet:-1, max-image-preview:large, max-video-preview:-1\" \/>\n<meta property=\"og:locale\" content=\"es_ES\" \/>\n<meta property=\"og:type\" content=\"article\" \/>\n<meta property=\"og:url\" content=\"https:\/\/paripesaapp.com\/es\/juego-responsable\/\" \/>\n<meta property=\"og:site_name\" content=\"Descarga de la aplicaci\u00f3n PariPesa la \u00faltima versi\u00f3n para IOS Android\" \/>\n<meta property=\"article:modified_time\" content=\"2024-12-12T14:30:50+00:00\" \/>\n<meta name=\"twitter:label1\" content=\"Tiempo de lectura\" \/>\n\t<meta name=\"twitter:data1\" content=\"2 minutos\" \/>\n<script type=\"application\/ld+json\" class=\"yoast-schema-graph\">{\"@context\":\"https:\/\/schema.org\",\"@graph\":[{\"@type\":\"WebPage\",\"@id\":\"https:\/\/paripesaapp.com\/es\/juego-responsable\/\",\"url\":\"https:\/\/paripesaapp.com\/es\/juego-responsable\/\",\"name\":\"Juego Responsable - Paripesa | Apuesta con Seguridad\",\"isPartOf\":{\"@id\":\"https:\/\/paripesaapp.com\/#website\"},\"datePublished\":\"2024-12-06T13:31:12+00:00\",\"dateModified\":\"2024-12-12T14:30:50+00:00\",\"description\":\"Descubre c\u00f3mo la Paripesa fomenta el juego responsable. Accede a herramientas y recursos para garantizar una experiencia de juego segura y equilibrada.\",\"breadcrumb\":{\"@id\":\"https:\/\/paripesaapp.com\/es\/juego-responsable\/#breadcrumb\"},\"inLanguage\":\"es\",\"potentialAction\":[{\"@type\":\"ReadAction\",\"target\":[\"https:\/\/paripesaapp.com\/es\/juego-responsable\/\"]}]},{\"@type\":\"BreadcrumbList\",\"@id\":\"https:\/\/paripesaapp.com\/es\/juego-responsable\/#breadcrumb\",\"itemListElement\":[{\"@type\":\"ListItem\",\"position\":1,\"name\":\"Home\",\"item\":\"https:\/\/paripesaapp.com\/es\/\"},{\"@type\":\"ListItem\",\"position\":2,\"name\":\"Juego Responsable\"}]},{\"@type\":\"WebSite\",\"@id\":\"https:\/\/paripesaapp.com\/#website\",\"url\":\"https:\/\/paripesaapp.com\/\",\"name\":\"PariPesa App Download Latest Version for IOS Android\",\"description\":\"\",\"publisher\":{\"@id\":\"https:\/\/paripesaapp.com\/#organization\"},\"inLanguage\":\"es\"},{\"@type\":\"Organization\",\"@id\":\"https:\/\/paripesaapp.com\/#organization\",\"name\":\"PariPesa App Download Latest Version for IOS Android\",\"url\":\"https:\/\/paripesaapp.com\/\",\"logo\":{\"@type\":\"ImageObject\",\"inLanguage\":\"es\",\"@id\":\"https:\/\/paripesaapp.com\/#\/schema\/logo\/image\/\",\"url\":\"https:\/\/paripesaapp.com\/wp-content\/uploads\/2024\/03\/logo-2.png\",\"contentUrl\":\"https:\/\/paripesaapp.com\/wp-content\/uploads\/2024\/03\/logo-2.png\",\"width\":463,\"height\":79,\"caption\":\"PariPesa App Download Latest Version for IOS Android\"},\"image\":{\"@id\":\"https:\/\/paripesaapp.com\/#\/schema\/logo\/image\/\"}}]}<\/script>\n<!-- \/ Yoast SEO plugin. -->","yoast_head_json":{"title":"Juego Responsable - Paripesa | Apuesta con Seguridad","description":"Descubre c\u00f3mo la Paripesa fomenta el juego responsable. Accede a herramientas y recursos para garantizar una experiencia de juego segura y equilibrada.","robots":{"index":"index","follow":"follow","max-snippet":"max-snippet:-1","max-image-preview":"max-image-preview:large","max-video-preview":"max-video-preview:-1"},"og_locale":"es_ES","og_type":"article","og_url":"https:\/\/paripesaapp.com\/es\/juego-responsable\/","og_site_name":"Descarga de la aplicaci\u00f3n PariPesa la \u00faltima versi\u00f3n para IOS Android","article_modified_time":"2024-12-12T14:30:50+00:00","twitter_misc":{"Tiempo de lectura":"2 minutos"},"schema":{"@context":"https:\/\/schema.org","@graph":[{"@type":"WebPage","@id":"https:\/\/paripesaapp.com\/es\/juego-responsable\/","url":"https:\/\/paripesaapp.com\/es\/juego-responsable\/","name":"Juego Responsable - Paripesa | Apuesta con Seguridad","isPartOf":{"@id":"https:\/\/paripesaapp.com\/#website"},"datePublished":"2024-12-06T13:31:12+00:00","dateModified":"2024-12-12T14:30:50+00:00","description":"Descubre c\u00f3mo la Paripesa fomenta el juego responsable. Accede a herramientas y recursos para garantizar una experiencia de juego segura y equilibrada.","breadcrumb":{"@id":"https:\/\/paripesaapp.com\/es\/juego-responsable\/#breadcrumb"},"inLanguage":"es","potentialAction":[{"@type":"ReadAction","target":["https:\/\/paripesaapp.com\/es\/juego-responsable\/"]}]},{"@type":"BreadcrumbList","@id":"https:\/\/paripesaapp.com\/es\/juego-responsable\/#breadcrumb","itemListElement":[{"@type":"ListItem","position":1,"name":"Home","item":"https:\/\/paripesaapp.com\/es\/"},{"@type":"ListItem","position":2,"name":"Juego Responsable"}]},{"@type":"WebSite","@id":"https:\/\/paripesaapp.com\/#website","url":"https:\/\/paripesaapp.com\/","name":"PariPesa App Download Latest Version for IOS Android","description":"","publisher":{"@id":"https:\/\/paripesaapp.com\/#organization"},"inLanguage":"es"},{"@type":"Organization","@id":"https:\/\/paripesaapp.com\/#organization","name":"PariPesa App Download Latest Version for IOS Android","url":"https:\/\/paripesaapp.com\/","logo":{"@type":"ImageObject","inLanguage":"es","@id":"https:\/\/paripesaapp.com\/#\/schema\/logo\/image\/","url":"https:\/\/paripesaapp.com\/wp-content\/uploads\/2024\/03\/logo-2.png","contentUrl":"https:\/\/paripesaapp.com\/wp-content\/uploads\/2024\/03\/logo-2.png","width":463,"height":79,"caption":"PariPesa App Download Latest Version for IOS Android"},"image":{"@id":"https:\/\/paripesaapp.com\/#\/schema\/logo\/image\/"}}]}},"_links":{"self":[{"href":"https:\/\/paripesaapp.com\/es\/wp-json\/wp\/v2\/pages\/4072","targetHints":{"allow":["GET"]}}],"collection":[{"href":"https:\/\/paripesaapp.com\/es\/wp-json\/wp\/v2\/pages"}],"about":[{"href":"https:\/\/paripesaapp.com\/es\/wp-json\/wp\/v2\/types\/page"}],"author":[{"embeddable":true,"href":"https:\/\/paripesaapp.com\/es\/wp-json\/wp\/v2\/users\/2"}],"replies":[{"embeddable":true,"href":"https:\/\/paripesaapp.com\/es\/wp-json\/wp\/v2\/comments?post=4072"}],"version-history":[{"count":4,"href":"https:\/\/paripesaapp.com\/es\/wp-json\/wp\/v2\/pages\/4072\/revisions"}],"predecessor-version":[{"id":4166,"href":"https:\/\/paripesaapp.com\/es\/wp-json\/wp\/v2\/pages\/4072\/revisions\/4166"}],"wp:attachment":[{"href":"https:\/\/paripesaapp.com\/es\/wp-json\/wp\/v2\/media?parent=4072"}],"curies":[{"name":"wp","href":"https:\/\/api.w.org\/{rel}","templated":true}]}}