{"id":4448,"date":"2024-05-17T15:02:55","date_gmt":"2024-05-17T12:02:55","guid":{"rendered":"https:\/\/paripesaapp.com\/"},"modified":"2025-02-27T12:40:33","modified_gmt":"2025-02-27T09:40:33","slug":"apk","status":"publish","type":"page","link":"https:\/\/paripesaapp.com\/es\/apk\/","title":{"rendered":"apk"},"content":{"rendered":"<section class=\"l-section wpb_row us_custom_f8f95f86 height_auto\"><div class=\"l-section-h i-cf\"><div class=\"g-cols vc_row via_grid cols_1 laptops-cols_inherit tablets-cols_inherit mobiles-cols_1 valign_top type_default stacking_default\"><div class=\"wpb_column vc_column_container\"><div class=\"vc_column-inner\"><nav class=\"g-breadcrumbs separator_icon align_none\" itemscope itemtype=\"http:\/\/schema.org\/BreadcrumbList\"><div class=\"g-breadcrumbs-item\" itemscope itemprop=\"itemListElement\" itemtype=\"http:\/\/schema.org\/ListItem\"><a itemprop=\"item\" href=\"https:\/\/paripesaapp.com\/es\/\"><span itemprop=\"name\">Paripesa <\/span><\/a><meta itemprop=\"position\" content=\"1\"\/><\/div><div class=\"g-breadcrumbs-separator\"><i class=\"far fa-angle-right\"><\/i><\/div><div class=\"g-breadcrumbs-item\">P\u00e1ginas<\/div><\/nav><div class=\"w-separator size_custom\" style=\"height:30px\"><\/div><div class=\"wpb_text_column\"><div class=\"wpb_wrapper\"><div id=\"ez-toc-container\" class=\"ez-toc-v2_0_71 counter-hierarchy ez-toc-counter ez-toc-grey ez-toc-container-direction\">\n<div class=\"ez-toc-title-container\">\n<p class=\"ez-toc-title\" style=\"cursor:inherit\">Tabla de contenidos<\/p>\n<span class=\"ez-toc-title-toggle\"><a href=\"#\" class=\"ez-toc-pull-right ez-toc-btn ez-toc-btn-xs ez-toc-btn-default ez-toc-toggle\" aria-label=\"Toggle Table of Content\"><span class=\"ez-toc-js-icon-con\"><span class=\"\"><span class=\"eztoc-hide\" style=\"display:none;\">Toggle<\/span><span class=\"ez-toc-icon-toggle-span\"><svg style=\"fill: #999;color:#999\" xmlns=\"http:\/\/www.w3.org\/2000\/svg\" class=\"list-377408\" width=\"20px\" height=\"20px\" viewBox=\"0 0 24 24\" fill=\"none\"><path d=\"M6 6H4v2h2V6zm14 0H8v2h12V6zM4 11h2v2H4v-2zm16 0H8v2h12v-2zM4 16h2v2H4v-2zm16 0H8v2h12v-2z\" fill=\"currentColor\"><\/path><\/svg><svg style=\"fill: #999;color:#999\" class=\"arrow-unsorted-368013\" xmlns=\"http:\/\/www.w3.org\/2000\/svg\" width=\"10px\" height=\"10px\" viewBox=\"0 0 24 24\" version=\"1.2\" baseProfile=\"tiny\"><path d=\"M18.2 9.3l-6.2-6.3-6.2 6.3c-.2.2-.3.4-.3.7s.1.5.3.7c.2.2.4.3.7.3h11c.3 0 .5-.1.7-.3.2-.2.3-.5.3-.7s-.1-.5-.3-.7zM5.8 14.7l6.2 6.3 6.2-6.3c.2-.2.3-.5.3-.7s-.1-.5-.3-.7c-.2-.2-.4-.3-.7-.3h-11c-.3 0-.5.1-.7.3-.2.2-.3.5-.3.7s.1.5.3.7z\"\/><\/svg><\/span><\/span><\/span><\/a><\/span><\/div>\n<nav><ul class='ez-toc-list ez-toc-list-level-1 ' ><li class='ez-toc-page-1 ez-toc-heading-level-1'><a class=\"ez-toc-link ez-toc-heading-1\" href=\"https:\/\/paripesaapp.com\/es\/apk\/#Descarga_el_archivo_APK_de_Paripesa_y_disfruta_del_juego_de_azar_en_Android\" title=\"Descarga el archivo APK de Paripesa y disfruta del juego de azar en Android\">Descarga el archivo APK de Paripesa y disfruta del juego de azar en Android<\/a><ul class='ez-toc-list-level-2' ><li class='ez-toc-heading-level-2'><a class=\"ez-toc-link ez-toc-heading-2\" href=\"https:\/\/paripesaapp.com\/es\/apk\/#Ventajas_de_descargar_el_APK_de_Paripesa_%C2%BFvale_la_pena_usar_la_app\" title=\"Ventajas de descargar el APK de Paripesa: \u00bfvale la pena usar la app?\">Ventajas de descargar el APK de Paripesa: \u00bfvale la pena usar la app?<\/a><\/li><li class='ez-toc-page-1 ez-toc-heading-level-2'><a class=\"ez-toc-link ez-toc-heading-3\" href=\"https:\/\/paripesaapp.com\/es\/apk\/#Paripesa_APK_compatibilidad_de_dispositivos_y_requisitos_del_sistema\" title=\"Paripesa APK: compatibilidad de dispositivos y requisitos del sistema\">Paripesa APK: compatibilidad de dispositivos y requisitos del sistema<\/a><\/li><li class='ez-toc-page-1 ez-toc-heading-level-2'><a class=\"ez-toc-link ez-toc-heading-4\" href=\"https:\/\/paripesaapp.com\/es\/apk\/#Preguntas_frecuentes_sobre_Paripesa_APK_disipa_tus_dudas\" title=\"Preguntas frecuentes sobre Paripesa APK: disipa tus dudas\">Preguntas frecuentes sobre Paripesa APK: disipa tus dudas<\/a><\/li><\/ul><\/li><\/ul><\/nav><\/div>\n<h1 style=\"text-align: center;\"><span class=\"ez-toc-section\" id=\"Descarga_el_archivo_APK_de_Paripesa_y_disfruta_del_juego_de_azar_en_Android\"><\/span>Descarga el archivo APK de Paripesa y disfruta del juego de azar en Android<span class=\"ez-toc-section-end\"><\/span><\/h1>\n<p>Descarga la \u00faltima versi\u00f3n de <a href=\"\/es\/\">Paripesa<\/a> APK y aprovecha las ventajas de esta app: una plataforma repleta de entretenimiento y funcionalidades \u00fanicas. Tendr\u00e1s al alcance de tus dedos todo lo que un jugador podr\u00eda desear: m\u00e1s de 50 deportes para apostar, m\u00e1s de 3500 juegos de casino y herramientas exclusivas.<br \/>\nPero \u00bfcu\u00e1l es el significado del archivo APK? Las siglas corresponden a \u201cAndroid Package Kit\u201d, un formato utilizado por el sistema operativo para distribuir e instalar aplicaciones. Normalmente, la Play Store se encarga de este proceso de forma autom\u00e1tica.<br \/>\nEn el caso de Paripesa APK, al tratarse de una aplicaci\u00f3n de juegos de azar no disponible en la tienda oficial, debe instalarse manualmente. La buena noticia es que el proceso es sencillo, solo tienes que abrir el archivo APK y seguir unos pasos intuitivos. Estar\u00e1s explorando la plataforma en cuesti\u00f3n de minutos.<\/p>\n<h2 style=\"text-align: center;\"><span class=\"ez-toc-section\" id=\"Ventajas_de_descargar_el_APK_de_Paripesa_%C2%BFvale_la_pena_usar_la_app\"><\/span>Ventajas de descargar el APK de Paripesa: \u00bfvale la pena usar la app?<span class=\"ez-toc-section-end\"><\/span><\/h2>\n<p>Los usuarios obtienen muchos beneficios al descargar Paripesa APK, empezando porque hay funciones exclusivas que no est\u00e1n disponibles en la web. En este listado resumo las principales ventajas de Paripesa APK:<\/p>\n<ul>\n<li>Notificaciones personalizadas: podr\u00e1s recibir alertas de los eventos deportivos de tu preferencia.<\/li>\n<li>Transmisi\u00f3n en vivo mejorada: tienes la facilidad de activar la retransmisi\u00f3n de los partidos y, simult\u00e1neamente, navegar entre los mercados de apuesta y las estad\u00edsticas del evento.<\/li>\n<li>Acceso biom\u00e9trico: configura tu PIN y huella dactilar para entrar y salir de tu cuenta en cuesti\u00f3n de segundos.<\/li>\n<li>Menor dependencia de las tiendas de aplicaciones: evita restricciones innecesarias e instala la app offline. Solo necesitas internet para descargar el archivo APK en l\u00ednea.<\/li>\n<li>Rendimiento mejorado: el archivo APK es moderno y totalmente nativo, por lo que todas las secciones del sitio est\u00e1n precargadas y ofrecen una navegaci\u00f3n intuitiva.<\/li>\n<\/ul>\n<p>La aplicaci\u00f3n entrega sensaciones muy buenas. Es una plataforma super\u00e1gil y con un dise\u00f1o f\u00e1cil de usar.<\/p>\n<p><img loading=\"lazy\" decoding=\"async\" class=\"aligncenter size-full wp-image-4442\" src=\"https:\/\/paripesaapp.com\/wp-content\/uploads\/2025\/02\/paripesa_apk-removebg-preview.png\" alt=\"paripesa apk \" width=\"605\" height=\"412\" srcset=\"https:\/\/paripesaapp.com\/wp-content\/uploads\/2025\/02\/paripesa_apk-removebg-preview.png 605w, https:\/\/paripesaapp.com\/wp-content\/uploads\/2025\/02\/paripesa_apk-removebg-preview-300x204.png 300w, https:\/\/paripesaapp.com\/wp-content\/uploads\/2025\/02\/paripesa_apk-removebg-preview-117x80.png 117w\" sizes=\"auto, (max-width: 605px) 100vw, 605px\" \/><\/p>\n<h2 style=\"text-align: center;\"><span class=\"ez-toc-section\" id=\"Paripesa_APK_compatibilidad_de_dispositivos_y_requisitos_del_sistema\"><\/span>Paripesa APK: compatibilidad de dispositivos y requisitos del sistema<span class=\"ez-toc-section-end\"><\/span><\/h2>\n<p>Si posees un dispositivo medianamente moderno, no tendr\u00e1s inconvenientes para abrir el archivo APK e instalarlo. Casi cualquier m\u00f3vil posterior al a\u00f1o 2017 ejecutar\u00e1 esta aplicaci\u00f3n de forma fluida. De todos modos, aqu\u00ed te dejo las especificaciones t\u00e9cnicas.<\/p>\n<table>\n<tbody>\n<tr>\n<td><b>Versi\u00f3n de <\/b><b>Paripesa APK<\/b><\/td>\n<td>paripesa-24<\/td>\n<\/tr>\n<tr>\n<td><b>Peso del <\/b><b>archivo APK<\/b><\/td>\n<td>70 MB<\/td>\n<\/tr>\n<tr>\n<td><b>Versi\u00f3n de Android<\/b><\/td>\n<td>5.0 o superior<\/td>\n<\/tr>\n<tr>\n<td><b>RAM m\u00ednima requerida<\/b><\/td>\n<td>2 GB<\/td>\n<\/tr>\n<tr>\n<td><b>Almacenamiento libre<\/b><\/td>\n<td>201 MB<\/td>\n<\/tr>\n<\/tbody>\n<\/table>\n<p>Para que te hagas una idea, estos son algunos dispositivos que corren la app de forma fluida:<\/p>\n<ul>\n<li>Samsung Galaxy A15, A54\/A55 y S24.<\/li>\n<li>Redmi Note 13 y 13 Pro.<\/li>\n<li>Xiaomi 14 Ultra.<\/li>\n<li>Moto G14 y Edge 40.<\/li>\n<li>Realme C55 y 12 Pro.<\/li>\n<\/ul>\n<p>Por otro lado, aseg\u00farate de que el archivo tenga la extensi\u00f3n .APK y no .ZIP. Si tu navegador descarga el archivo con la extensi\u00f3n err\u00f3nea, puedes renombrar el archivo ZIP a APK de forma manual.<\/p>\n<\/div><\/div><div class=\"w-separator size_custom\" style=\"height:15px\"><\/div><div class=\"w-btn-wrapper align_center\"><a class=\"w-btn us-btn-style_1 us_custom_c67b15c7\" href=\"https:\/\/combodef.com\/L?tag=d_4824592m_45569c_&amp;site=4824592&amp;ad=45569\"><span class=\"w-btn-label\">Descargar APK<\/span><\/a><\/div><div class=\"w-separator size_custom\" style=\"height:15px\"><\/div><\/div><\/div><\/div><\/div><\/section><section class=\"l-section wpb_row height_auto\"><div class=\"l-section-h i-cf\"><div class=\"g-cols vc_row via_grid cols_1 laptops-cols_inherit tablets-cols_inherit mobiles-cols_1 valign_top type_default stacking_default\"><div class=\"wpb_column vc_column_container\"><div class=\"vc_column-inner\"><h2 class=\"w-text us_custom_eb849559\"><span class=\"ez-toc-section\" id=\"Preguntas_frecuentes_sobre_Paripesa_APK_disipa_tus_dudas\"><\/span><span class=\"w-text-h\"><span class=\"w-text-value\">Preguntas frecuentes sobre Paripesa APK: disipa tus dudas<\/span><\/span><span class=\"ez-toc-section-end\"><\/span><\/h2><div class=\"w-separator size_custom\" style=\"height:15px\"><\/div><div class=\"w-tabs style_default switch_click accordion has_scrolling\" style=\"--sections-title-size:inherit\"><div class=\"w-tabs-sections titles-align_none icon_chevron cpos_right\"><div class=\"w-tabs-section\" id=\"q220\"><button class=\"w-tabs-section-header\" aria-controls=\"content-q220\" aria-expanded=\"false\"><div class=\"w-tabs-section-title\">\u00bfEs seguro descargar el APK?<\/div><div class=\"w-tabs-section-control\"><\/div><\/button><div  class=\"w-tabs-section-content\" id=\"content-q220\"><div class=\"w-tabs-section-content-h i-cf\"><div class=\"wpb_text_column\"><div class=\"wpb_wrapper\"><p><span style=\"font-weight: 400;\">S\u00ed, <\/span><span style=\"font-weight: 400;\">Paripesa APK<\/span><span style=\"font-weight: 400;\"> es de buena reputaci\u00f3n y est\u00e1 regulada por la Comisi\u00f3n de Control del Juego de Curazao.<\/span><\/p>\n<\/div><\/div><\/div><\/div><\/div><div class=\"w-tabs-section\" id=\"e312\"><button class=\"w-tabs-section-header\" aria-controls=\"content-e312\" aria-expanded=\"false\"><div class=\"w-tabs-section-title\">\u00bfPor qu\u00e9 la aplicaci\u00f3n no est\u00e1 disponible en Google Play?<\/div><div class=\"w-tabs-section-control\"><\/div><\/button><div  class=\"w-tabs-section-content\" id=\"content-e312\"><div class=\"w-tabs-section-content-h i-cf\"><div class=\"wpb_text_column\"><div class=\"wpb_wrapper\"><p><span style=\"font-weight: 400;\">Esto se debe a que Google impone restricciones y limitaciones sobre las apps de apuestas. Al <\/span><span style=\"font-weight: 400;\">descargar la APK Paripesa<\/span><span style=\"font-weight: 400;\"> de forma manual, puedes acceder a funcionalidades completas y sin demoras.<\/span><\/p>\n<\/div><\/div><\/div><\/div><\/div><div class=\"w-tabs-section\" id=\"t3ee\"><button class=\"w-tabs-section-header\" aria-controls=\"content-t3ee\" aria-expanded=\"false\"><div class=\"w-tabs-section-title\">\u00bfPuedo actualizar el APK manualmente?<\/div><div class=\"w-tabs-section-control\"><\/div><\/button><div  class=\"w-tabs-section-content\" id=\"content-t3ee\"><div class=\"w-tabs-section-content-h i-cf\"><div class=\"wpb_text_column\"><div class=\"wpb_wrapper\"><p><span style=\"font-weight: 400;\">Sure. Simply <\/span><span style=\"font-weight: 400;\">download the latest version of Paripesa APK <\/span><span style=\"font-weight: 400;\">from the bookmaker&#8217;s official site and install it over the existing version.<\/span><\/p>\n<\/div><\/div><\/div><\/div><\/div><div class=\"w-tabs-section\" id=\"l4a9\"><button class=\"w-tabs-section-header\" aria-controls=\"content-l4a9\" aria-expanded=\"false\"><div class=\"w-tabs-section-title\">\u00bfQu\u00e9 debo hacer si el APK no se instala?<\/div><div class=\"w-tabs-section-control\"><\/div><\/button><div  class=\"w-tabs-section-content\" id=\"content-l4a9\"><div class=\"w-tabs-section-content-h i-cf\"><div class=\"wpb_text_column\"><div class=\"wpb_wrapper\"><p><span style=\"font-weight: 400;\">Contacta con el soporte t\u00e9cnico de Paripesa, aunque posiblemente solo necesites otorgar permisos para instalar aplicaciones desconocidas<\/span><\/p>\n<\/div><\/div><\/div><\/div><\/div><div class=\"w-tabs-section\" id=\"f570\"><button class=\"w-tabs-section-header\" aria-controls=\"content-f570\" aria-expanded=\"false\"><div class=\"w-tabs-section-title\">\u00bfC\u00f3mo activo las fuentes desconocidas en mi tel\u00e9fono?<\/div><div class=\"w-tabs-section-control\"><\/div><\/button><div  class=\"w-tabs-section-content\" id=\"content-f570\"><div class=\"w-tabs-section-content-h i-cf\"><div class=\"wpb_text_column\"><div class=\"wpb_wrapper\"><p><span style=\"font-weight: 400;\">Ve al apartado de Privacidad\/Acceso especial de apps\/Instalar aplicaciones desconocidas en las configuraciones y habilita el navegador que hayas usado para descargar la APK.<\/span><\/p>\n<\/div><\/div><\/div><\/div><\/div><\/div><\/div><\/div><\/div><\/div><\/div><\/section>\n","protected":false},"excerpt":{"rendered":"Paripesa P\u00e1ginasDescarga el archivo APK de Paripesa y disfruta del juego de azar en Android Descarga la \u00faltima versi\u00f3n de Paripesa APK y aprovecha las ventajas de esta app: una plataforma repleta de entretenimiento y funcionalidades \u00fanicas. Tendr\u00e1s al alcance de tus dedos todo lo que un jugador podr\u00eda desear: m\u00e1s de 50 deportes para...","protected":false},"author":2,"featured_media":0,"parent":0,"menu_order":0,"comment_status":"closed","ping_status":"closed","template":"","meta":{"_sitemap_exclude":false,"_sitemap_priority":"","_sitemap_frequency":"","footnotes":""},"class_list":["post-4448","page","type-page","status-publish","hentry"],"acf":[],"yoast_head":"<!-- This site is optimized with the Yoast SEO plugin v24.0 - https:\/\/yoast.com\/wordpress\/plugins\/seo\/ -->\n<title>Paripesa APK | Descarga para Apuestas y Casino M\u00f3vil | 2025<\/title>\n<meta name=\"description\" content=\"Descarga el APK de Paripesa y disfruta de apuestas deportivas y juegos de casino en tu m\u00f3vil. Pagos seguros, apuestas en vivo y bonos exclusivos.\" \/>\n<meta name=\"robots\" content=\"index, follow, max-snippet:-1, max-image-preview:large, max-video-preview:-1\" \/>\n<meta property=\"og:locale\" content=\"es_ES\" \/>\n<meta property=\"og:type\" content=\"article\" \/>\n<meta property=\"og:url\" content=\"https:\/\/paripesaapp.com\/es\/apk\/\" \/>\n<meta property=\"og:site_name\" content=\"Descarga de la aplicaci\u00f3n PariPesa la \u00faltima versi\u00f3n para IOS Android\" \/>\n<meta property=\"article:modified_time\" content=\"2025-02-27T09:40:33+00:00\" \/>\n<meta property=\"og:image\" content=\"https:\/\/paripesaapp.com\/wp-content\/uploads\/2025\/02\/paripesa_apk-removebg-preview.png\" \/>\n\t<meta property=\"og:image:width\" content=\"605\" \/>\n\t<meta property=\"og:image:height\" content=\"412\" \/>\n\t<meta property=\"og:image:type\" content=\"image\/png\" \/>\n<meta name=\"twitter:label1\" content=\"Tiempo de lectura\" \/>\n\t<meta name=\"twitter:data1\" content=\"4 minutos\" \/>\n<script type=\"application\/ld+json\" class=\"yoast-schema-graph\">{\"@context\":\"https:\/\/schema.org\",\"@graph\":[{\"@type\":\"WebPage\",\"@id\":\"https:\/\/paripesaapp.com\/es\/apk\/\",\"url\":\"https:\/\/paripesaapp.com\/es\/apk\/\",\"name\":\"Paripesa APK | Descarga para Apuestas y Casino M\u00f3vil | 2025\",\"isPartOf\":{\"@id\":\"https:\/\/paripesaapp.com\/#website\"},\"primaryImageOfPage\":{\"@id\":\"https:\/\/paripesaapp.com\/es\/apk\/#primaryimage\"},\"image\":{\"@id\":\"https:\/\/paripesaapp.com\/es\/apk\/#primaryimage\"},\"thumbnailUrl\":\"https:\/\/paripesaapp.com\/wp-content\/uploads\/2025\/02\/paripesa_apk-removebg-preview.png\",\"datePublished\":\"2024-05-17T12:02:55+00:00\",\"dateModified\":\"2025-02-27T09:40:33+00:00\",\"description\":\"Descarga el APK de Paripesa y disfruta de apuestas deportivas y juegos de casino en tu m\u00f3vil. Pagos seguros, apuestas en vivo y bonos exclusivos.\",\"breadcrumb\":{\"@id\":\"https:\/\/paripesaapp.com\/es\/apk\/#breadcrumb\"},\"inLanguage\":\"es\",\"potentialAction\":[{\"@type\":\"ReadAction\",\"target\":[\"https:\/\/paripesaapp.com\/es\/apk\/\"]}]},{\"@type\":\"ImageObject\",\"inLanguage\":\"es\",\"@id\":\"https:\/\/paripesaapp.com\/es\/apk\/#primaryimage\",\"url\":\"https:\/\/paripesaapp.com\/wp-content\/uploads\/2025\/02\/paripesa_apk-removebg-preview.png\",\"contentUrl\":\"https:\/\/paripesaapp.com\/wp-content\/uploads\/2025\/02\/paripesa_apk-removebg-preview.png\"},{\"@type\":\"BreadcrumbList\",\"@id\":\"https:\/\/paripesaapp.com\/es\/apk\/#breadcrumb\",\"itemListElement\":[{\"@type\":\"ListItem\",\"position\":1,\"name\":\"Home\",\"item\":\"https:\/\/paripesaapp.com\/es\/\"},{\"@type\":\"ListItem\",\"position\":2,\"name\":\"apk\"}]},{\"@type\":\"WebSite\",\"@id\":\"https:\/\/paripesaapp.com\/#website\",\"url\":\"https:\/\/paripesaapp.com\/\",\"name\":\"PariPesa App Download Latest Version for IOS Android\",\"description\":\"\",\"publisher\":{\"@id\":\"https:\/\/paripesaapp.com\/#organization\"},\"inLanguage\":\"es\"},{\"@type\":\"Organization\",\"@id\":\"https:\/\/paripesaapp.com\/#organization\",\"name\":\"PariPesa App Download Latest Version for IOS Android\",\"url\":\"https:\/\/paripesaapp.com\/\",\"logo\":{\"@type\":\"ImageObject\",\"inLanguage\":\"es\",\"@id\":\"https:\/\/paripesaapp.com\/#\/schema\/logo\/image\/\",\"url\":\"https:\/\/paripesaapp.com\/wp-content\/uploads\/2024\/03\/logo-2.png\",\"contentUrl\":\"https:\/\/paripesaapp.com\/wp-content\/uploads\/2024\/03\/logo-2.png\",\"width\":463,\"height\":79,\"caption\":\"PariPesa App Download Latest Version for IOS Android\"},\"image\":{\"@id\":\"https:\/\/paripesaapp.com\/#\/schema\/logo\/image\/\"}}]}<\/script>\n<!-- \/ Yoast SEO plugin. -->","yoast_head_json":{"title":"Paripesa APK | Descarga para Apuestas y Casino M\u00f3vil | 2025","description":"Descarga el APK de Paripesa y disfruta de apuestas deportivas y juegos de casino en tu m\u00f3vil. Pagos seguros, apuestas en vivo y bonos exclusivos.","robots":{"index":"index","follow":"follow","max-snippet":"max-snippet:-1","max-image-preview":"max-image-preview:large","max-video-preview":"max-video-preview:-1"},"og_locale":"es_ES","og_type":"article","og_url":"https:\/\/paripesaapp.com\/es\/apk\/","og_site_name":"Descarga de la aplicaci\u00f3n PariPesa la \u00faltima versi\u00f3n para IOS Android","article_modified_time":"2025-02-27T09:40:33+00:00","og_image":[{"width":605,"height":412,"url":"https:\/\/paripesaapp.com\/wp-content\/uploads\/2025\/02\/paripesa_apk-removebg-preview.png","type":"image\/png"}],"twitter_misc":{"Tiempo de lectura":"4 minutos"},"schema":{"@context":"https:\/\/schema.org","@graph":[{"@type":"WebPage","@id":"https:\/\/paripesaapp.com\/es\/apk\/","url":"https:\/\/paripesaapp.com\/es\/apk\/","name":"Paripesa APK | Descarga para Apuestas y Casino M\u00f3vil | 2025","isPartOf":{"@id":"https:\/\/paripesaapp.com\/#website"},"primaryImageOfPage":{"@id":"https:\/\/paripesaapp.com\/es\/apk\/#primaryimage"},"image":{"@id":"https:\/\/paripesaapp.com\/es\/apk\/#primaryimage"},"thumbnailUrl":"https:\/\/paripesaapp.com\/wp-content\/uploads\/2025\/02\/paripesa_apk-removebg-preview.png","datePublished":"2024-05-17T12:02:55+00:00","dateModified":"2025-02-27T09:40:33+00:00","description":"Descarga el APK de Paripesa y disfruta de apuestas deportivas y juegos de casino en tu m\u00f3vil. Pagos seguros, apuestas en vivo y bonos exclusivos.","breadcrumb":{"@id":"https:\/\/paripesaapp.com\/es\/apk\/#breadcrumb"},"inLanguage":"es","potentialAction":[{"@type":"ReadAction","target":["https:\/\/paripesaapp.com\/es\/apk\/"]}]},{"@type":"ImageObject","inLanguage":"es","@id":"https:\/\/paripesaapp.com\/es\/apk\/#primaryimage","url":"https:\/\/paripesaapp.com\/wp-content\/uploads\/2025\/02\/paripesa_apk-removebg-preview.png","contentUrl":"https:\/\/paripesaapp.com\/wp-content\/uploads\/2025\/02\/paripesa_apk-removebg-preview.png"},{"@type":"BreadcrumbList","@id":"https:\/\/paripesaapp.com\/es\/apk\/#breadcrumb","itemListElement":[{"@type":"ListItem","position":1,"name":"Home","item":"https:\/\/paripesaapp.com\/es\/"},{"@type":"ListItem","position":2,"name":"apk"}]},{"@type":"WebSite","@id":"https:\/\/paripesaapp.com\/#website","url":"https:\/\/paripesaapp.com\/","name":"PariPesa App Download Latest Version for IOS Android","description":"","publisher":{"@id":"https:\/\/paripesaapp.com\/#organization"},"inLanguage":"es"},{"@type":"Organization","@id":"https:\/\/paripesaapp.com\/#organization","name":"PariPesa App Download Latest Version for IOS Android","url":"https:\/\/paripesaapp.com\/","logo":{"@type":"ImageObject","inLanguage":"es","@id":"https:\/\/paripesaapp.com\/#\/schema\/logo\/image\/","url":"https:\/\/paripesaapp.com\/wp-content\/uploads\/2024\/03\/logo-2.png","contentUrl":"https:\/\/paripesaapp.com\/wp-content\/uploads\/2024\/03\/logo-2.png","width":463,"height":79,"caption":"PariPesa App Download Latest Version for IOS Android"},"image":{"@id":"https:\/\/paripesaapp.com\/#\/schema\/logo\/image\/"}}]}},"_links":{"self":[{"href":"https:\/\/paripesaapp.com\/es\/wp-json\/wp\/v2\/pages\/4448","targetHints":{"allow":["GET"]}}],"collection":[{"href":"https:\/\/paripesaapp.com\/es\/wp-json\/wp\/v2\/pages"}],"about":[{"href":"https:\/\/paripesaapp.com\/es\/wp-json\/wp\/v2\/types\/page"}],"author":[{"embeddable":true,"href":"https:\/\/paripesaapp.com\/es\/wp-json\/wp\/v2\/users\/2"}],"replies":[{"embeddable":true,"href":"https:\/\/paripesaapp.com\/es\/wp-json\/wp\/v2\/comments?post=4448"}],"version-history":[{"count":2,"href":"https:\/\/paripesaapp.com\/es\/wp-json\/wp\/v2\/pages\/4448\/revisions"}],"predecessor-version":[{"id":4455,"href":"https:\/\/paripesaapp.com\/es\/wp-json\/wp\/v2\/pages\/4448\/revisions\/4455"}],"wp:attachment":[{"href":"https:\/\/paripesaapp.com\/es\/wp-json\/wp\/v2\/media?parent=4448"}],"curies":[{"name":"wp","href":"https:\/\/api.w.org\/{rel}","templated":true}]}}