{"id":2335,"date":"2024-05-17T15:02:55","date_gmt":"2024-05-17T12:02:55","guid":{"rendered":"https:\/\/paripesaapp.com\/deposit\/"},"modified":"2025-02-26T16:28:59","modified_gmt":"2025-02-26T13:28:59","slug":"deposit","status":"publish","type":"page","link":"https:\/\/paripesaapp.com\/fi\/deposit\/","title":{"rendered":"deposit"},"content":{"rendered":"<section class=\"l-section wpb_row us_custom_f8f95f86 height_auto\"><div class=\"l-section-h i-cf\"><div class=\"g-cols vc_row via_grid cols_1 laptops-cols_inherit tablets-cols_inherit mobiles-cols_1 valign_top type_default stacking_default\"><div class=\"wpb_column vc_column_container\"><div class=\"vc_column-inner\"><nav class=\"g-breadcrumbs separator_icon align_none\" itemscope itemtype=\"http:\/\/schema.org\/BreadcrumbList\"><div class=\"g-breadcrumbs-item\" itemscope itemprop=\"itemListElement\" itemtype=\"http:\/\/schema.org\/ListItem\"><a itemprop=\"item\" href=\"https:\/\/paripesaapp.com\/fi\/\"><span itemprop=\"name\">Paripesa Suomi<\/span><\/a><meta itemprop=\"position\" content=\"1\"\/><\/div><div class=\"g-breadcrumbs-separator\"><i class=\"far fa-angle-right\"><\/i><\/div><div class=\"g-breadcrumbs-item\">Pages<\/div><\/nav><div class=\"w-separator size_custom\" style=\"height:30px\"><\/div><div class=\"wpb_text_column\"><div class=\"wpb_wrapper\"><div id=\"ez-toc-container\" class=\"ez-toc-v2_0_71 counter-hierarchy ez-toc-counter ez-toc-grey ez-toc-container-direction\">\n<div class=\"ez-toc-title-container\">\n<p class=\"ez-toc-title\" style=\"cursor:inherit\">Table of Contents<\/p>\n<span class=\"ez-toc-title-toggle\"><a href=\"#\" class=\"ez-toc-pull-right ez-toc-btn ez-toc-btn-xs ez-toc-btn-default ez-toc-toggle\" aria-label=\"Toggle Table of Content\"><span class=\"ez-toc-js-icon-con\"><span class=\"\"><span class=\"eztoc-hide\" style=\"display:none;\">Toggle<\/span><span class=\"ez-toc-icon-toggle-span\"><svg style=\"fill: #999;color:#999\" xmlns=\"http:\/\/www.w3.org\/2000\/svg\" class=\"list-377408\" width=\"20px\" height=\"20px\" viewBox=\"0 0 24 24\" fill=\"none\"><path d=\"M6 6H4v2h2V6zm14 0H8v2h12V6zM4 11h2v2H4v-2zm16 0H8v2h12v-2zM4 16h2v2H4v-2zm16 0H8v2h12v-2z\" fill=\"currentColor\"><\/path><\/svg><svg style=\"fill: #999;color:#999\" class=\"arrow-unsorted-368013\" xmlns=\"http:\/\/www.w3.org\/2000\/svg\" width=\"10px\" height=\"10px\" viewBox=\"0 0 24 24\" version=\"1.2\" baseProfile=\"tiny\"><path d=\"M18.2 9.3l-6.2-6.3-6.2 6.3c-.2.2-.3.4-.3.7s.1.5.3.7c.2.2.4.3.7.3h11c.3 0 .5-.1.7-.3.2-.2.3-.5.3-.7s-.1-.5-.3-.7zM5.8 14.7l6.2 6.3 6.2-6.3c.2-.2.3-.5.3-.7s-.1-.5-.3-.7c-.2-.2-.4-.3-.7-.3h-11c-.3 0-.5.1-.7.3-.2.2-.3.5-.3.7s.1.5.3.7z\"\/><\/svg><\/span><\/span><\/span><\/a><\/span><\/div>\n<nav><ul class='ez-toc-list ez-toc-list-level-1 ' ><li class='ez-toc-page-1 ez-toc-heading-level-1'><a class=\"ez-toc-link ez-toc-heading-1\" href=\"https:\/\/paripesaapp.com\/fi\/deposit\/#Paripesa_Suomi-_Kasino_Trustly-talletuksella_Paripesa-sovellus_%E2%80%93_sinun_voittotakuusi\" title=\"Paripesa Suomi- Kasino Trustly-talletuksella Paripesa-sovellus \u2013 sinun voittotakuusi\">Paripesa Suomi- Kasino Trustly-talletuksella Paripesa-sovellus \u2013 sinun voittotakuusi<\/a><ul class='ez-toc-list-level-2' ><li class='ez-toc-heading-level-2'><a class=\"ez-toc-link ez-toc-heading-2\" href=\"https:\/\/paripesaapp.com\/fi\/deposit\/#Paripesa_Suomi-_Uusia_mahdollisuuksia_kryptotalletuksilla\" title=\"Paripesa Suomi- Uusia mahdollisuuksia kryptotalletuksilla\">Paripesa Suomi- Uusia mahdollisuuksia kryptotalletuksilla<\/a><ul class='ez-toc-list-level-3' ><li class='ez-toc-heading-level-3'><a class=\"ez-toc-link ez-toc-heading-3\" href=\"https:\/\/paripesaapp.com\/fi\/deposit\/#Paripesa-sovellus_%E2%80%93_Get_Lucky\" title=\"Paripesa-sovellus \u2013 Get Lucky\">Paripesa-sovellus \u2013 Get Lucky<\/a><\/li><\/ul><\/li><\/ul><\/li><\/ul><\/nav><\/div>\n<h1><span class=\"ez-toc-section\" id=\"Paripesa_Suomi-_Kasino_Trustly-talletuksella_Paripesa-sovellus_%E2%80%93_sinun_voittotakuusi\"><\/span><span style=\"font-weight: 400;\">Paripesa Suomi- Kasino Trustly-talletuksella Paripesa-sovellus \u2013 sinun voittotakuusi<\/span><span class=\"ez-toc-section-end\"><\/span><\/h1>\n<p>Vuoteen 2029 menness\u00e4 online-uhkapelien pelaajien m\u00e4\u00e4r\u00e4 kasvaa 281,3 miljoonaan. T\u00e4m\u00e4 tarkoittaa, ett\u00e4 kunkin heist\u00e4 voittomahdollisuudet ovat pienemm\u00e4t kuin esimerkiksi t\u00e4n\u00e4\u00e4n.<\/p>\n<p><a href=\"https:\/\/paripesaapp.com\/fi\/\"><b>Paripesa<\/b><\/a>, <strong>kasino luotettavalla talletuksella<\/strong> \u2013 t\u00e4m\u00e4 on tilaisuutesi alkaa ansaita vedoilla nyt ja ty\u00f6skennell\u00e4 eri valuutoilla.<\/p>\n<p>T\u00e4m\u00e4 on johdanto ensimm\u00e4iseen alustaan, jonka avulla voit vastaanottaa ilmoittautumisen kryptovaluuttamuodossa ja kotiuttaa voitot kryptolompakkoon. Kiinnostunut? Lue lis\u00e4\u00e4 alustasta!<\/p>\n<picture class=\"size-full wp-image-2598 aligncenter\"><source srcset=\"https:\/\/paripesaapp.com\/wp-content\/uploads\/2024\/05\/finland.jpg.webp\" type=\"image\/webp\" \/><\/picture><picture class=\"size-full wp-image-2598 aligncenter\"><img loading=\"lazy\" decoding=\"async\" class=\"aligncenter\" src=\"data:image\/gif;base64,R0lGODdhAQABAPAAAMPDwwAAACwAAAAAAQABAAACAkQBADs=\" alt=\"kasino luotettavalla talletuksella\" width=\"900\" height=\"410\" data-lazyloaded=\"1\" data-src=\"https:\/\/paripesaapp.com\/wp-content\/uploads\/2024\/05\/finland.jpg.webp\" \/><\/picture><noscript><img loading=\"lazy\" decoding=\"async\" src=\"https:\/\/paripesaapp.com\/wp-content\/uploads\/2024\/05\/finland.jpg.webp\" alt=\"kasino luotettavalla talletuksella\" width=\"900\" height=\"410\"\/><\/noscript><\/p>\n<\/div><\/div><div class=\"w-separator size_custom\" style=\"height:15px\"><\/div><div class=\"w-btn-wrapper align_center\"><a class=\"w-btn us-btn-style_1 us_custom_c67b15c7\" href=\"https:\/\/combodef.com\/L?tag=d_4824592m_45569c_&amp;site=4824592&amp;ad=45569\"><span class=\"w-btn-label\">Rekister\u00f6idy<\/span><\/a><\/div><div class=\"w-separator size_custom\" style=\"height:15px\"><\/div><\/div><\/div><\/div><\/div><\/section><section class=\"l-section wpb_row us_custom_f8f95f86 height_auto\"><div class=\"l-section-h i-cf\"><div class=\"g-cols vc_row via_grid cols_1 laptops-cols_inherit tablets-cols_inherit mobiles-cols_1 valign_top type_default stacking_default\"><div class=\"wpb_column vc_column_container\"><div class=\"vc_column-inner\"><div class=\"w-separator size_custom\" style=\"height:30px\"><\/div><div class=\"wpb_text_column\"><div class=\"wpb_wrapper\"><h2><span class=\"ez-toc-section\" id=\"Paripesa_Suomi-_Uusia_mahdollisuuksia_kryptotalletuksilla\"><\/span><span style=\"font-weight: 200;\">Paripesa Suomi- <\/span>Uusia mahdollisuuksia kryptotalletuksilla<span class=\"ez-toc-section-end\"><\/span><\/h2>\n<p>Paripesa-sovellus tarjoaa toiminnon nopeaan saldon t\u00e4ydent\u00e4miseen kryptoinstrumenteilla ja vastaavalla valuutalla. T\u00e4st\u00e4 syyst\u00e4 saat useita etuja, kuten:<\/p>\n<ul>\n<li>Lis\u00e4\u00e4 v\u00e4litt\u00f6m\u00e4sti varoja saldoon sovelluksen kautta.<\/li>\n<li>Mahdollisuus t\u00e4ydent\u00e4\u00e4 panoksia ja voittoja.<\/li>\n<li>Tuki suosituimmille kryptovaluutoille.<\/li>\n<li>Tervetuliaisbonukset uusille pelaajille<\/li>\n<li>Mahdollisuus moninkertaistaa varoja korkeiden kertoimien ansiosta.<\/li>\n<\/ul>\n<p>Muuten, n\u00e4m\u00e4 eiv\u00e4t ole kaukana kaikista Paripesa-sovelluksen sinulle tarjoamista eduista. Yll\u00e4mainittujen lis\u00e4ksi sinua odottaa k\u00e4tevin t\u00e4ydennys- ja nostoj\u00e4rjestelm\u00e4.<\/p>\n<p>Vaihtoehdot tilin t\u00e4ydent\u00e4miseen ja pelin aloittamiseen<\/p>\n<picture class=\"aligncenter wp-image-2256 size-full\"><source srcset=\"https:\/\/paripesaapp.com\/wp-content\/uploads\/2024\/05\/bit.jpg.webp\" type=\"image\/webp\" \/><\/picture><picture class=\"aligncenter wp-image-2256 size-full\"><img loading=\"lazy\" decoding=\"async\" class=\"aligncenter\" src=\"data:image\/gif;base64,R0lGODdhAQABAPAAAMPDwwAAACwAAAAAAQABAAACAkQBADs=\" alt=\"crypto deposit\" width=\"900\" height=\"252\" data-lazyloaded=\"1\" data-src=\"https:\/\/paripesaapp.com\/wp-content\/uploads\/2024\/05\/bit.jpg.webp\" \/><\/picture><noscript><img loading=\"lazy\" decoding=\"async\" src=\"https:\/\/paripesaapp.com\/wp-content\/uploads\/2024\/05\/bit.jpg.webp\" alt=\"crypto deposit\" width=\"900\" height=\"252\"\/><\/noscript><\/p>\n<p>Voittamisen aloittamiseksi sinun on luotava tili Paripesa-sovelluksessa ja suoritettava <strong>kryptotalletuksen<\/strong> perustaminen. T\u00e4m\u00e4 voidaan tehd\u00e4 seuraavasti:<\/p>\n<ol>\n<li>Siirry Paripesan verkkosivujen talletussivulle.<\/li>\n<li>Luo tili tai kirjaudu sis\u00e4\u00e4n matkapuhelinnumerolla tai s\u00e4hk\u00f6postilla.<\/li>\n<li>Valitse lataustapa: fiat tai kryptovaluutta (lompakko, kortti, maksupalvelu).<\/li>\n<li>Ilmoita ilmoittautumisen summa. Saadaksesi lis\u00e4bonuksia, valitse sopiva summa.<\/li>\n<li>Vahvista maksu valtuuttamalla tapahtuma asianmukaisessa j\u00e4rjestelm\u00e4ss\u00e4.<\/li>\n<li>Odota, ett\u00e4 varat hyvitet\u00e4\u00e4n ja aloita suosikkipelisi!<\/li>\n<\/ol>\n<p>N\u00e4in helposti kasinolle p\u00e4\u00e4set luotettavan talletuksen Paripesa-sovelluksella ja voit aloittaa pelaamisen.<\/p>\n<h3><span class=\"ez-toc-section\" id=\"Paripesa-sovellus_%E2%80%93_Get_Lucky\"><\/span>Paripesa-sovellus \u2013 Get Lucky<span class=\"ez-toc-section-end\"><\/span><\/h3>\n<p>Uhkapelit, vedonly\u00f6nti ja vedonly\u00f6nti. Mik\u00e4 voisi olla parempaa kuin tunne, ett\u00e4 j\u00e4ttipotti on tulossa sinulle? Oikein; se on vain todellinen voitto ja tunteet siit\u00e4 tosiasiasta, ett\u00e4 moninkertaistit budjettisi uusilla fiat- tai kryptovaluuttavirroilla tilille.<\/p>\n<p>Haluatko tuntea itsesi kuninkaaksi? Asenna<strong> Paripesa-sovellus<\/strong> ja voita!<\/p>\n<\/div><\/div><\/div><\/div><\/div><\/div><\/section><section class=\"l-section wpb_row height_auto\"><div class=\"l-section-h i-cf\"><div class=\"g-cols vc_row via_grid cols_1 laptops-cols_inherit tablets-cols_inherit mobiles-cols_1 valign_top type_default stacking_default\"><div class=\"wpb_column vc_column_container\"><div class=\"vc_column-inner\"><div class=\"w-separator size_custom\" style=\"height:15px\"><\/div><div class=\"w-btn-wrapper align_center\"><a class=\"w-btn us-btn-style_1 us_custom_c67b15c7\" href=\"https:\/\/combodef.com\/L?tag=d_4824592m_45569c_&amp;site=4824592&amp;ad=45569\"><span class=\"w-btn-label\">Rekister\u00f6idy<\/span><\/a><\/div><div class=\"w-separator size_custom\" style=\"height:15px\"><\/div><\/div><\/div><\/div><\/div><\/section><section class=\"l-section wpb_row height_auto\"><div class=\"l-section-h i-cf\"><div class=\"g-cols vc_row via_grid cols_1 laptops-cols_inherit tablets-cols_inherit mobiles-cols_1 valign_top type_default stacking_default\"><div class=\"wpb_column vc_column_container\"><div class=\"vc_column-inner\"><div class=\"w-text\"><span class=\"w-text-h\"><span class=\"w-text-value\">Usein Kysytyt Kysymykset<\/span><\/span><\/div><div class=\"w-separator size_custom\" style=\"height:15px\"><\/div><div class=\"w-tabs style_default switch_click accordion has_scrolling\" style=\"--sections-title-size:inherit\"><div class=\"w-tabs-sections titles-align_none icon_chevron cpos_right\"><div class=\"w-tabs-section\" id=\"c8da\"><button class=\"w-tabs-section-header\" aria-controls=\"content-c8da\" aria-expanded=\"false\"><div class=\"w-tabs-section-title\">Rahansiirtona tilill\u00e4?<\/div><div class=\"w-tabs-section-control\"><\/div><\/button><div  class=\"w-tabs-section-content\" id=\"content-c8da\"><div class=\"w-tabs-section-content-h i-cf\"><div class=\"wpb_text_column\"><div class=\"wpb_wrapper\"><p>Kirjaudu sis\u00e4\u00e4n verkkosivustolle tai sovellukseen. Valitse summa ja m\u00e4\u00e4rit\u00e4 nostoosoite. Fiat-valuutalle t\u00e4m\u00e4 on kortin numero tai digitaalisen lompakon osoite. Kryptovaluuttaa varten sy\u00f6t\u00e4 vastaavan lompakon numero, joka tukee m\u00e4\u00e4ritetty\u00e4 lohkoketjua.<\/p>\n<\/div><\/div><\/div><\/div><\/div><div class=\"w-tabs-section\" id=\"r99f\"><button class=\"w-tabs-section-header\" aria-controls=\"content-r99f\" aria-expanded=\"false\"><div class=\"w-tabs-section-title\">Vaikuttaako bonus minun salaustasoon?<\/div><div class=\"w-tabs-section-control\"><\/div><\/button><div  class=\"w-tabs-section-content\" id=\"content-r99f\"><div class=\"w-tabs-section-content-h i-cf\"><div class=\"wpb_text_column\"><div class=\"wpb_wrapper\"><p>Bonusvarat on tarkoitettu vetojen asettamiseen, joten niill\u00e4 ei ole vaikutusta tilin todelliseen saldoon. Jos veto kuitenkin onnistuu, saat todellisia varoja, jotka hyvitet\u00e4\u00e4n p\u00e4\u00e4saldoosi.<\/p>\n<\/div><\/div><\/div><\/div><\/div><div class=\"w-tabs-section\" id=\"ya49\"><button class=\"w-tabs-section-header\" aria-controls=\"content-ya49\" aria-expanded=\"false\"><div class=\"w-tabs-section-title\">Saanko lis\u00e4varoja tallettamiseen tai t\u00e4ydent\u00e4miseen?<\/div><div class=\"w-tabs-section-control\"><\/div><\/button><div  class=\"w-tabs-section-content\" id=\"content-ya49\"><div class=\"w-tabs-section-content-h i-cf\"><div class=\"wpb_text_column\"><div class=\"wpb_wrapper\"><p>Kyll\u00e4, ohjelman ehtojen mukaisesti. Jos esimerkiksi lis\u00e4\u00e4t saldoasi bonukset takaavalla talletuksella, saat lis\u00e4varoja vastaavalle tilille.<\/p>\n<\/div><\/div><\/div><\/div><\/div><div class=\"w-tabs-section\" id=\"iaf7\"><button class=\"w-tabs-section-header\" aria-controls=\"content-iaf7\" aria-expanded=\"false\"><div class=\"w-tabs-section-title\">Miksi minulla on Trust Paripesa -sovellus?<\/div><div class=\"w-tabs-section-control\"><\/div><\/button><div  class=\"w-tabs-section-content\" id=\"content-iaf7\"><div class=\"w-tabs-section-content-h i-cf\"><div class=\"wpb_text_column\"><div class=\"wpb_wrapper\"><p>Sovellus on kehitetty nykyaikaisimpien kyberturvallisuusstandardien mukaisesti ja se on t\u00e4ysin luotettava ja vakaa. Jokainen tapahtuma k\u00e4sitell\u00e4\u00e4n siten, ett\u00e4 rahasi menev\u00e4t yksinomaan m\u00e4\u00e4r\u00e4tylle tilille, eik\u00e4 niit\u00e4 voida siepata tai varastaa.<\/p>\n<\/div><\/div><\/div><\/div><\/div><\/div><\/div><\/div><\/div><\/div><\/div><\/section>\n","protected":false},"excerpt":{"rendered":"Paripesa SuomiPagesParipesa Suomi- Kasino Trustly-talletuksella Paripesa-sovellus \u2013 sinun voittotakuusi Vuoteen 2029 menness\u00e4 online-uhkapelien pelaajien m\u00e4\u00e4r\u00e4 kasvaa 281,3 miljoonaan. T\u00e4m\u00e4 tarkoittaa, ett\u00e4 kunkin heist\u00e4 voittomahdollisuudet ovat pienemm\u00e4t kuin esimerkiksi t\u00e4n\u00e4\u00e4n. Paripesa, kasino luotettavalla talletuksella \u2013 t\u00e4m\u00e4 on tilaisuutesi alkaa ansaita vedoilla nyt ja ty\u00f6skennell\u00e4 eri valuutoilla. T\u00e4m\u00e4 on johdanto ensimm\u00e4iseen alustaan, jonka avulla voit vastaanottaa ilmoittautumisen...","protected":false},"author":2,"featured_media":0,"parent":0,"menu_order":0,"comment_status":"closed","ping_status":"closed","template":"","meta":{"_sitemap_exclude":false,"_sitemap_priority":"","_sitemap_frequency":"","footnotes":""},"class_list":["post-2335","page","type-page","status-publish","hentry"],"acf":[],"yoast_head":"<!-- This site is optimized with the Yoast SEO plugin v24.0 - https:\/\/yoast.com\/wordpress\/plugins\/seo\/ -->\n<title>Paripesa Talletus | Nopeat ja Turvalliset Maksutavat<\/title>\n<meta name=\"description\" content=\"Opi tekem\u00e4\u00e4n talletus Paripesa Suomessa. K\u00e4yt\u00e4 nopeita ja turvallisia maksutapoja tilisi rahoittamiseen ja vedonly\u00f6nnin aloittamiseen helposti.\" \/>\n<meta name=\"robots\" content=\"index, follow, max-snippet:-1, max-image-preview:large, max-video-preview:-1\" \/>\n<meta property=\"og:locale\" content=\"fi_FI\" \/>\n<meta property=\"og:type\" content=\"article\" \/>\n<meta property=\"og:url\" content=\"https:\/\/paripesaapp.com\/fi\/deposit\/\" \/>\n<meta property=\"og:site_name\" content=\"PariPesa App Lataa uusin versio IOS Androidille\" \/>\n<meta property=\"article:modified_time\" content=\"2025-02-26T13:28:59+00:00\" \/>\n<meta property=\"og:image\" content=\"https:\/\/paripesaapp.com\/wp-content\/uploads\/2024\/05\/finland.jpg.webp\" \/>\n<meta name=\"twitter:label1\" content=\"Est. reading time\" \/>\n\t<meta name=\"twitter:data1\" content=\"3 minutes\" \/>\n<script type=\"application\/ld+json\" class=\"yoast-schema-graph\">{\"@context\":\"https:\/\/schema.org\",\"@graph\":[{\"@type\":\"WebPage\",\"@id\":\"https:\/\/paripesaapp.com\/fi\/deposit\/\",\"url\":\"https:\/\/paripesaapp.com\/fi\/deposit\/\",\"name\":\"Paripesa Talletus | Nopeat ja Turvalliset Maksutavat\",\"isPartOf\":{\"@id\":\"https:\/\/paripesaapp.com\/#website\"},\"primaryImageOfPage\":{\"@id\":\"https:\/\/paripesaapp.com\/fi\/deposit\/#primaryimage\"},\"image\":{\"@id\":\"https:\/\/paripesaapp.com\/fi\/deposit\/#primaryimage\"},\"thumbnailUrl\":\"https:\/\/paripesaapp.com\/wp-content\/uploads\/2024\/05\/finland.jpg.webp\",\"datePublished\":\"2024-05-17T12:02:55+00:00\",\"dateModified\":\"2025-02-26T13:28:59+00:00\",\"description\":\"Opi tekem\u00e4\u00e4n talletus Paripesa Suomessa. K\u00e4yt\u00e4 nopeita ja turvallisia maksutapoja tilisi rahoittamiseen ja vedonly\u00f6nnin aloittamiseen helposti.\",\"breadcrumb\":{\"@id\":\"https:\/\/paripesaapp.com\/fi\/deposit\/#breadcrumb\"},\"inLanguage\":\"fi-FI\",\"potentialAction\":[{\"@type\":\"ReadAction\",\"target\":[\"https:\/\/paripesaapp.com\/fi\/deposit\/\"]}]},{\"@type\":\"ImageObject\",\"inLanguage\":\"fi-FI\",\"@id\":\"https:\/\/paripesaapp.com\/fi\/deposit\/#primaryimage\",\"url\":\"https:\/\/paripesaapp.com\/wp-content\/uploads\/2024\/05\/finland.jpg.webp\",\"contentUrl\":\"https:\/\/paripesaapp.com\/wp-content\/uploads\/2024\/05\/finland.jpg.webp\"},{\"@type\":\"BreadcrumbList\",\"@id\":\"https:\/\/paripesaapp.com\/fi\/deposit\/#breadcrumb\",\"itemListElement\":[{\"@type\":\"ListItem\",\"position\":1,\"name\":\"Home\",\"item\":\"https:\/\/paripesaapp.com\/fi\/\"},{\"@type\":\"ListItem\",\"position\":2,\"name\":\"deposit\"}]},{\"@type\":\"WebSite\",\"@id\":\"https:\/\/paripesaapp.com\/#website\",\"url\":\"https:\/\/paripesaapp.com\/\",\"name\":\"PariPesa App Download Latest Version for IOS Android\",\"description\":\"\",\"publisher\":{\"@id\":\"https:\/\/paripesaapp.com\/#organization\"},\"inLanguage\":\"fi-FI\"},{\"@type\":\"Organization\",\"@id\":\"https:\/\/paripesaapp.com\/#organization\",\"name\":\"PariPesa App Download Latest Version for IOS Android\",\"url\":\"https:\/\/paripesaapp.com\/\",\"logo\":{\"@type\":\"ImageObject\",\"inLanguage\":\"fi-FI\",\"@id\":\"https:\/\/paripesaapp.com\/#\/schema\/logo\/image\/\",\"url\":\"https:\/\/paripesaapp.com\/wp-content\/uploads\/2024\/03\/logo-2.png\",\"contentUrl\":\"https:\/\/paripesaapp.com\/wp-content\/uploads\/2024\/03\/logo-2.png\",\"width\":463,\"height\":79,\"caption\":\"PariPesa App Download Latest Version for IOS Android\"},\"image\":{\"@id\":\"https:\/\/paripesaapp.com\/#\/schema\/logo\/image\/\"}}]}<\/script>\n<!-- \/ Yoast SEO plugin. -->","yoast_head_json":{"title":"Paripesa Talletus | Nopeat ja Turvalliset Maksutavat","description":"Opi tekem\u00e4\u00e4n talletus Paripesa Suomessa. K\u00e4yt\u00e4 nopeita ja turvallisia maksutapoja tilisi rahoittamiseen ja vedonly\u00f6nnin aloittamiseen helposti.","robots":{"index":"index","follow":"follow","max-snippet":"max-snippet:-1","max-image-preview":"max-image-preview:large","max-video-preview":"max-video-preview:-1"},"og_locale":"fi_FI","og_type":"article","og_url":"https:\/\/paripesaapp.com\/fi\/deposit\/","og_site_name":"PariPesa App Lataa uusin versio IOS Androidille","article_modified_time":"2025-02-26T13:28:59+00:00","og_image":[{"url":"https:\/\/paripesaapp.com\/wp-content\/uploads\/2024\/05\/finland.jpg.webp","type":"","width":"","height":""}],"twitter_misc":{"Est. reading time":"3 minutes"},"schema":{"@context":"https:\/\/schema.org","@graph":[{"@type":"WebPage","@id":"https:\/\/paripesaapp.com\/fi\/deposit\/","url":"https:\/\/paripesaapp.com\/fi\/deposit\/","name":"Paripesa Talletus | Nopeat ja Turvalliset Maksutavat","isPartOf":{"@id":"https:\/\/paripesaapp.com\/#website"},"primaryImageOfPage":{"@id":"https:\/\/paripesaapp.com\/fi\/deposit\/#primaryimage"},"image":{"@id":"https:\/\/paripesaapp.com\/fi\/deposit\/#primaryimage"},"thumbnailUrl":"https:\/\/paripesaapp.com\/wp-content\/uploads\/2024\/05\/finland.jpg.webp","datePublished":"2024-05-17T12:02:55+00:00","dateModified":"2025-02-26T13:28:59+00:00","description":"Opi tekem\u00e4\u00e4n talletus Paripesa Suomessa. K\u00e4yt\u00e4 nopeita ja turvallisia maksutapoja tilisi rahoittamiseen ja vedonly\u00f6nnin aloittamiseen helposti.","breadcrumb":{"@id":"https:\/\/paripesaapp.com\/fi\/deposit\/#breadcrumb"},"inLanguage":"fi-FI","potentialAction":[{"@type":"ReadAction","target":["https:\/\/paripesaapp.com\/fi\/deposit\/"]}]},{"@type":"ImageObject","inLanguage":"fi-FI","@id":"https:\/\/paripesaapp.com\/fi\/deposit\/#primaryimage","url":"https:\/\/paripesaapp.com\/wp-content\/uploads\/2024\/05\/finland.jpg.webp","contentUrl":"https:\/\/paripesaapp.com\/wp-content\/uploads\/2024\/05\/finland.jpg.webp"},{"@type":"BreadcrumbList","@id":"https:\/\/paripesaapp.com\/fi\/deposit\/#breadcrumb","itemListElement":[{"@type":"ListItem","position":1,"name":"Home","item":"https:\/\/paripesaapp.com\/fi\/"},{"@type":"ListItem","position":2,"name":"deposit"}]},{"@type":"WebSite","@id":"https:\/\/paripesaapp.com\/#website","url":"https:\/\/paripesaapp.com\/","name":"PariPesa App Download Latest Version for IOS Android","description":"","publisher":{"@id":"https:\/\/paripesaapp.com\/#organization"},"inLanguage":"fi-FI"},{"@type":"Organization","@id":"https:\/\/paripesaapp.com\/#organization","name":"PariPesa App Download Latest Version for IOS Android","url":"https:\/\/paripesaapp.com\/","logo":{"@type":"ImageObject","inLanguage":"fi-FI","@id":"https:\/\/paripesaapp.com\/#\/schema\/logo\/image\/","url":"https:\/\/paripesaapp.com\/wp-content\/uploads\/2024\/03\/logo-2.png","contentUrl":"https:\/\/paripesaapp.com\/wp-content\/uploads\/2024\/03\/logo-2.png","width":463,"height":79,"caption":"PariPesa App Download Latest Version for IOS Android"},"image":{"@id":"https:\/\/paripesaapp.com\/#\/schema\/logo\/image\/"}}]}},"_links":{"self":[{"href":"https:\/\/paripesaapp.com\/fi\/wp-json\/wp\/v2\/pages\/2335","targetHints":{"allow":["GET"]}}],"collection":[{"href":"https:\/\/paripesaapp.com\/fi\/wp-json\/wp\/v2\/pages"}],"about":[{"href":"https:\/\/paripesaapp.com\/fi\/wp-json\/wp\/v2\/types\/page"}],"author":[{"embeddable":true,"href":"https:\/\/paripesaapp.com\/fi\/wp-json\/wp\/v2\/users\/2"}],"replies":[{"embeddable":true,"href":"https:\/\/paripesaapp.com\/fi\/wp-json\/wp\/v2\/comments?post=2335"}],"version-history":[{"count":7,"href":"https:\/\/paripesaapp.com\/fi\/wp-json\/wp\/v2\/pages\/2335\/revisions"}],"predecessor-version":[{"id":4402,"href":"https:\/\/paripesaapp.com\/fi\/wp-json\/wp\/v2\/pages\/2335\/revisions\/4402"}],"wp:attachment":[{"href":"https:\/\/paripesaapp.com\/fi\/wp-json\/wp\/v2\/media?parent=2335"}],"curies":[{"name":"wp","href":"https:\/\/api.w.org\/{rel}","templated":true}]}}