{"id":2407,"date":"2024-05-20T12:56:10","date_gmt":"2024-05-20T09:56:10","guid":{"rendered":"https:\/\/paripesaapp.com\/withdraw\/"},"modified":"2025-01-09T18:59:07","modified_gmt":"2025-01-09T15:59:07","slug":"withdraw","status":"publish","type":"page","link":"https:\/\/paripesaapp.com\/fi\/withdraw\/","title":{"rendered":"withdraw"},"content":{"rendered":"<section class=\"l-section wpb_row height_auto\"><div class=\"l-section-h i-cf\"><div class=\"g-cols vc_row via_grid cols_1 laptops-cols_inherit tablets-cols_inherit mobiles-cols_1 valign_top type_default stacking_default\"><div class=\"wpb_column vc_column_container\"><div class=\"vc_column-inner\"><nav class=\"g-breadcrumbs separator_icon align_none\" itemscope itemtype=\"http:\/\/schema.org\/BreadcrumbList\"><div class=\"g-breadcrumbs-item\" itemscope itemprop=\"itemListElement\" itemtype=\"http:\/\/schema.org\/ListItem\"><a itemprop=\"item\" href=\"https:\/\/paripesaapp.com\/fi\/\"><span itemprop=\"name\">PariPesa Suomi<\/span><\/a><meta itemprop=\"position\" content=\"1\"\/><\/div><div class=\"g-breadcrumbs-separator\"><i class=\"far fa-angle-right\"><\/i><\/div><div class=\"g-breadcrumbs-item\">Pages<\/div><\/nav><div class=\"w-separator size_custom\" style=\"height:30px\"><\/div><div id=\"ez-toc-container\" class=\"ez-toc-v2_0_71 counter-hierarchy ez-toc-counter ez-toc-grey ez-toc-container-direction\">\n<div class=\"ez-toc-title-container\">\n<p class=\"ez-toc-title\" style=\"cursor:inherit\">Table of Contents<\/p>\n<span class=\"ez-toc-title-toggle\"><a href=\"#\" class=\"ez-toc-pull-right ez-toc-btn ez-toc-btn-xs ez-toc-btn-default ez-toc-toggle\" aria-label=\"Toggle Table of Content\"><span class=\"ez-toc-js-icon-con\"><span class=\"\"><span class=\"eztoc-hide\" style=\"display:none;\">Toggle<\/span><span class=\"ez-toc-icon-toggle-span\"><svg style=\"fill: #999;color:#999\" xmlns=\"http:\/\/www.w3.org\/2000\/svg\" class=\"list-377408\" width=\"20px\" height=\"20px\" viewBox=\"0 0 24 24\" fill=\"none\"><path d=\"M6 6H4v2h2V6zm14 0H8v2h12V6zM4 11h2v2H4v-2zm16 0H8v2h12v-2zM4 16h2v2H4v-2zm16 0H8v2h12v-2z\" fill=\"currentColor\"><\/path><\/svg><svg style=\"fill: #999;color:#999\" class=\"arrow-unsorted-368013\" xmlns=\"http:\/\/www.w3.org\/2000\/svg\" width=\"10px\" height=\"10px\" viewBox=\"0 0 24 24\" version=\"1.2\" baseProfile=\"tiny\"><path d=\"M18.2 9.3l-6.2-6.3-6.2 6.3c-.2.2-.3.4-.3.7s.1.5.3.7c.2.2.4.3.7.3h11c.3 0 .5-.1.7-.3.2-.2.3-.5.3-.7s-.1-.5-.3-.7zM5.8 14.7l6.2 6.3 6.2-6.3c.2-.2.3-.5.3-.7s-.1-.5-.3-.7c-.2-.2-.4-.3-.7-.3h-11c-.3 0-.5.1-.7.3-.2.2-.3.5-.3.7s.1.5.3.7z\"\/><\/svg><\/span><\/span><\/span><\/a><\/span><\/div>\n<nav><ul class='ez-toc-list ez-toc-list-level-1 ' ><li class='ez-toc-page-1 ez-toc-heading-level-1'><a class=\"ez-toc-link ez-toc-heading-1\" href=\"https:\/\/paripesaapp.com\/fi\/withdraw\/#Paripesa_Kotiutukset_%E2%80%93_Nopeaa_ja_Luotettavaa_Rahansiirtoa_%F0%9F%93%B1\" title=\"Paripesa Kotiutukset \u2013 Nopeaa ja Luotettavaa Rahansiirtoa \ud83d\udcf1\">Paripesa Kotiutukset \u2013 Nopeaa ja Luotettavaa Rahansiirtoa \ud83d\udcf1<\/a><ul class='ez-toc-list-level-2' ><li class='ez-toc-heading-level-2'><a class=\"ez-toc-link ez-toc-heading-2\" href=\"https:\/\/paripesaapp.com\/fi\/withdraw\/#Kuinka_nostaa_varoja_Paripesa-sovelluksen_kautta\" title=\"Kuinka nostaa varoja Paripesa-sovelluksen kautta?\">Kuinka nostaa varoja Paripesa-sovelluksen kautta?<\/a><\/li><li class='ez-toc-page-1 ez-toc-heading-level-2'><a class=\"ez-toc-link ez-toc-heading-3\" href=\"https:\/\/paripesaapp.com\/fi\/withdraw\/#Usein_Kysytyt_Kysymykset\" title=\"Usein Kysytyt Kysymykset\">Usein Kysytyt Kysymykset<\/a><\/li><\/ul><\/li><\/ul><\/nav><\/div>\n<h1 class=\"w-text\"><span class=\"ez-toc-section\" id=\"Paripesa_Kotiutukset_%E2%80%93_Nopeaa_ja_Luotettavaa_Rahansiirtoa_%F0%9F%93%B1\"><\/span><span class=\"w-text-h\"><span class=\"w-text-value\">Paripesa Kotiutukset \u2013 Nopeaa ja Luotettavaa Rahansiirtoa \ud83d\udcf1<\/span><\/span><span class=\"ez-toc-section-end\"><\/span><\/h1><div class=\"w-separator size_custom\" style=\"height:30px\"><\/div><div class=\"wpb_text_column\"><div class=\"wpb_wrapper\"><p>Oletko kyll\u00e4stynyt odottamaan voittoja ja valtavia palkkioita? <a href=\"\/fi\/\">Paripesa<\/a>-sovellusbonuksella kaikki on mennytt\u00e4.<\/p>\n<p>Noudata vain yksinkertaista rekister\u00f6intimenettely\u00e4 sovelluksessa ja saat mahdollisuuden nostaa rahasi nopeasti alustalta. Kokeile my\u00f6s parhaita toimintoja:<\/p>\n<ul>\n<li><picture class=\"aligncenter wp-image-2413 size-full\">Kryptovaluuttamaksut.<\/picture> <picture class=\"aligncenter wp-image-2413 size-full\"><\/picture><\/li>\n<li><picture class=\"aligncenter wp-image-2413 size-full\">Luottamussertifikaatit ja algoritmit.<\/picture> <picture class=\"aligncenter wp-image-2413 size-full\"><\/picture><\/li>\n<li><picture class=\"aligncenter wp-image-2413 size-full\">Yli 100 peli\u00e4 ja muuta toimintaa.<\/picture> <picture class=\"aligncenter wp-image-2413 size-full\"><\/picture><\/li>\n<li><picture class=\"aligncenter wp-image-2413 size-full\">Tuki eri maksutapoille.<\/picture> <picture class=\"aligncenter wp-image-2413 size-full\"><\/picture><\/li>\n<li><picture class=\"aligncenter wp-image-2413 size-full\">Tervetuliaisbonukset ja erikoisohjelmat.<\/picture><picture class=\"aligncenter wp-image-2413 size-full\"><img loading=\"lazy\" decoding=\"async\" class=\"aligncenter\" src=\"data:image\/gif;base64,R0lGODdhAQABAPAAAMPDwwAAACwAAAAAAQABAAACAkQBADs=\" alt=\"v\u00e4litt\u00f6m\u00e4ss\u00e4 nostossa nettikasinolla\" width=\"900\" height=\"449\" data-lazyloaded=\"1\" data-src=\"https:\/\/paripesaapp.com\/wp-content\/uploads\/2024\/05\/W-finland.jpg.webp\" \/><\/picture><noscript><img loading=\"lazy\" decoding=\"async\" src=\"https:\/\/paripesaapp.com\/wp-content\/uploads\/2024\/05\/W-finland.jpg.webp\" alt=\"v\u00e4litt\u00f6m\u00e4ss\u00e4 nostossa nettikasinolla\" width=\"900\" height=\"449\"\/><\/noscript><\/li>\n<\/ul>\n<p>Oletko valmis voittamaan? Luo sitten tili ja liity meihin.<\/p>\n<h2><span class=\"ez-toc-section\" id=\"Kuinka_nostaa_varoja_Paripesa-sovelluksen_kautta\"><\/span>Kuinka nostaa varoja Paripesa-sovelluksen kautta?<span class=\"ez-toc-section-end\"><\/span><\/h2>\n<p>Suorittaaksesi rahoituksen nostoprosessin tililt\u00e4 v\u00e4litt\u00f6m\u00e4ss\u00e4 nostossa nettikasinolla, sinun on teht\u00e4v\u00e4 seuraavat:<\/p>\n<table>\n<tbody>\n<tr>\n<td>Kirjaudu sis\u00e4\u00e4n sovellukseen tai alustalle<\/td>\n<td>Sy\u00f6t\u00e4 matkapuhelinnumerosi, kirjautumistunnuksesi tai s\u00e4hk\u00f6postiosoitteesi.<\/td>\n<\/tr>\n<tr>\n<td>Tarkista nostosumman saatavuus<\/td>\n<td>Avaa saldon\u00e4ytt\u00f6, jossa n\u00e4kyy tilin tila.<\/td>\n<\/tr>\n<tr>\n<td>Valitse nostovaihtoehto<\/td>\n<td>T\u00e4ydellinen nosto, osittainen, vakiosummat.<\/td>\n<\/tr>\n<tr>\n<td>M\u00e4\u00e4rit\u00e4 varojen vastaanottamisen tiedot<\/td>\n<td>Pankkikortti tai digitaalinen palvelu fiatille, kryptolompakko kryptovaluutalle.<\/td>\n<\/tr>\n<tr>\n<td>Odota ilmoittautumista<\/td>\n<td>Tarkista kohdetilin tila. Kauppa on v\u00e4lit\u00f6n tai kest\u00e4\u00e4 muutaman minuutin.<\/td>\n<\/tr>\n<\/tbody>\n<\/table>\n<p>Paripesa-sovellus on alusta, jonka avulla voit vastaanottaa voittosi nopeasti ja k\u00e4tev\u00e4sti &#8220;omiin k\u00e4siins\u00e4&#8221;. Ei ole odotuksia, korkeita maksuja tai minimirajoja.<\/p>\n<\/div><\/div><div class=\"w-separator size_custom\" style=\"height:30px\"><\/div><div class=\"w-btn-wrapper align_center\"><a class=\"w-btn us-btn-style_1 us_custom_c67b15c7\" href=\"https:\/\/combodef.com\/L?tag=d_4824592m_45569c_&amp;site=4824592&amp;ad=45569\"><span class=\"w-btn-label\">REGISTER<\/span><\/a><\/div><div class=\"w-separator size_custom\" style=\"height:30px\"><\/div><\/div><\/div><\/div><\/div><\/section><section class=\"l-section wpb_row height_auto\"><div class=\"l-section-h i-cf\"><div class=\"g-cols vc_row via_grid cols_1 laptops-cols_inherit tablets-cols_inherit mobiles-cols_1 valign_top type_default stacking_default\"><div class=\"wpb_column vc_column_container\"><div class=\"vc_column-inner\"><h2 class=\"w-text\"><span class=\"ez-toc-section\" id=\"Usein_Kysytyt_Kysymykset\"><\/span><span class=\"w-text-h\"><span class=\"w-text-value\">Usein Kysytyt Kysymykset<\/span><\/span><span class=\"ez-toc-section-end\"><\/span><\/h2><div class=\"w-separator size_custom\" style=\"height:30px\"><\/div><div class=\"w-tabs style_default switch_click accordion has_scrolling\" style=\"--sections-title-size:inherit\"><div class=\"w-tabs-sections titles-align_none icon_chevron cpos_right\"><div class=\"w-tabs-section\" id=\"r819\"><button class=\"w-tabs-section-header\" aria-controls=\"content-r819\" aria-expanded=\"false\"><div class=\"w-tabs-section-title\">Kuinka kauan minun t\u00e4ytyy odottaa, ett\u00e4 voitot hyvitet\u00e4\u00e4n?<\/div><div class=\"w-tabs-section-control\"><\/div><\/button><div  class=\"w-tabs-section-content\" id=\"content-r819\"><div class=\"w-tabs-section-content-h i-cf\"><div class=\"wpb_text_column\"><div class=\"wpb_wrapper\"><p><strong>V\u00e4litt\u00f6m\u00e4n kotiutuksen nettikasino<\/strong> Paripesa -sovellus \u2013 silloin nimi puhuu puolestaan. Maksun maksimi odotusaika on enint\u00e4\u00e4n 5 minuuttia alustalta. Ainoa mahdollinen viive on pankin tapahtumank\u00e4sittelyn nopeus (fiat-valuuttojen tapauksessa).<\/p>\n<\/div><\/div><\/div><\/div><\/div><div class=\"w-tabs-section\" id=\"p89b\"><button class=\"w-tabs-section-header\" aria-controls=\"content-p89b\" aria-expanded=\"false\"><div class=\"w-tabs-section-title\">Mihin kasinolla voitetut rahat saapuvat?<\/div><div class=\"w-tabs-section-control\"><\/div><\/button><div  class=\"w-tabs-section-content\" id=\"content-p89b\"><div class=\"w-tabs-section-content-h i-cf\"><div class=\"wpb_text_column\"><div class=\"wpb_wrapper\"><p>Paripesa-sovelluksen avulla voit nostaa varoja useille eri maksualustoille, pankkitileille ja usean lohkoketjun kryptolompakoihin. Siksi voit itsen\u00e4isesti valita yksityiskohdat, joiden mukaan sinulta veloitetaan rahat kasinon voitoista.<\/p>\n<\/div><\/div><\/div><\/div><\/div><div class=\"w-tabs-section\" id=\"j910\"><button class=\"w-tabs-section-header\" aria-controls=\"content-j910\" aria-expanded=\"false\"><div class=\"w-tabs-section-title\">Voinko sy\u00f6tt\u00e4\u00e4 ja tulostaa kryptoa?<\/div><div class=\"w-tabs-section-control\"><\/div><\/button><div  class=\"w-tabs-section-content\" id=\"content-j910\"><div class=\"w-tabs-section-content-h i-cf\"><div class=\"wpb_text_column\"><div class=\"wpb_wrapper\"><p>Paripesa-sovellus on yksi harvoista alustoista, joka toimii suoraan kryptovaluuttojen ja erilaisten lohkoketjujen kanssa. T\u00e4\u00e4ll\u00e4 voit valita tunnuksen ja verkon, jossa laskenta suoritetaan. Varat l\u00e4hetet\u00e4\u00e4n sinulle v\u00e4litt\u00f6m\u00e4sti ja kirjaudut tilillesi v\u00e4litt\u00f6m\u00e4sti tapahtuman vahvistamisen j\u00e4lkeen.<\/p>\n<\/div><\/div><\/div><\/div><\/div><div class=\"w-tabs-section\" id=\"t97d\"><button class=\"w-tabs-section-header\" aria-controls=\"content-t97d\" aria-expanded=\"false\"><div class=\"w-tabs-section-title\">Onko uusille pelaajille bonuksia?<\/div><div class=\"w-tabs-section-control\"><\/div><\/button><div  class=\"w-tabs-section-content\" id=\"content-t97d\"><div class=\"w-tabs-section-content-h i-cf\"><div class=\"wpb_text_column\"><div class=\"wpb_wrapper\"><p>Paripesa-sovellus tarjoaa p\u00e4\u00e4syn erilaisiin bonusohjelmiin, kuten tervetuliaisbonuksiin tilille lis\u00e4korolla. Lis\u00e4ksi jokaisesta tapahtumasta saat +100 % k\u00e4teispalautuksen tai vaihtorahoitusta lis\u00e4hintoihin, korotettuihin kertoimiin jne.<\/p>\n<\/div><\/div><\/div><\/div><\/div><\/div><\/div><\/div><\/div><\/div><\/div><\/section>\n","protected":false},"excerpt":{"rendered":"PariPesa SuomiPagesParipesa Kotiutukset \u2013 Nopeaa ja Luotettavaa Rahansiirtoa \ud83d\udcf1Oletko kyll\u00e4stynyt odottamaan voittoja ja valtavia palkkioita? Paripesa-sovellusbonuksella kaikki on mennytt\u00e4. Noudata vain yksinkertaista rekister\u00f6intimenettely\u00e4 sovelluksessa ja saat mahdollisuuden nostaa rahasi nopeasti alustalta. Kokeile my\u00f6s parhaita toimintoja: Kryptovaluuttamaksut. Luottamussertifikaatit ja algoritmit. Yli 100 peli\u00e4 ja muuta toimintaa. Tuki eri maksutapoille. Tervetuliaisbonukset ja erikoisohjelmat. Oletko valmis voittamaan? Luo...","protected":false},"author":2,"featured_media":0,"parent":0,"menu_order":0,"comment_status":"closed","ping_status":"closed","template":"","meta":{"_sitemap_exclude":false,"_sitemap_priority":"","_sitemap_frequency":"","footnotes":""},"class_list":["post-2407","page","type-page","status-publish","hentry"],"acf":[],"yoast_head":"<!-- This site is optimized with the Yoast SEO plugin v24.0 - https:\/\/yoast.com\/wordpress\/plugins\/seo\/ -->\n<title>Paripesa Kotiutukset | Nopeat ja Turvalliset Maksut<\/title>\n<meta name=\"description\" content=\"Selvit\u00e4, miten tehd\u00e4 kotiutus Paripesasta Suomessa. Nauti nopeista ja turvallisista maksutavoista voittojesi saamiseksi helposti ja vaivattomasti.\" \/>\n<meta name=\"robots\" content=\"index, follow, max-snippet:-1, max-image-preview:large, max-video-preview:-1\" \/>\n<meta property=\"og:locale\" content=\"fi_FI\" \/>\n<meta property=\"og:type\" content=\"article\" \/>\n<meta property=\"og:url\" content=\"https:\/\/paripesaapp.com\/fi\/withdraw\/\" \/>\n<meta property=\"og:site_name\" content=\"PariPesa App Lataa uusin versio IOS Androidille\" \/>\n<meta property=\"article:modified_time\" content=\"2025-01-09T15:59:07+00:00\" \/>\n<meta property=\"og:image\" content=\"https:\/\/paripesaapp.com\/wp-content\/uploads\/2024\/05\/W-finland.jpg.webp\" \/>\n<meta name=\"twitter:label1\" content=\"Est. reading time\" \/>\n\t<meta name=\"twitter:data1\" content=\"2 minutes\" \/>\n<script type=\"application\/ld+json\" class=\"yoast-schema-graph\">{\"@context\":\"https:\/\/schema.org\",\"@graph\":[{\"@type\":\"WebPage\",\"@id\":\"https:\/\/paripesaapp.com\/fi\/withdraw\/\",\"url\":\"https:\/\/paripesaapp.com\/fi\/withdraw\/\",\"name\":\"Paripesa Kotiutukset | Nopeat ja Turvalliset Maksut\",\"isPartOf\":{\"@id\":\"https:\/\/paripesaapp.com\/#website\"},\"primaryImageOfPage\":{\"@id\":\"https:\/\/paripesaapp.com\/fi\/withdraw\/#primaryimage\"},\"image\":{\"@id\":\"https:\/\/paripesaapp.com\/fi\/withdraw\/#primaryimage\"},\"thumbnailUrl\":\"https:\/\/paripesaapp.com\/wp-content\/uploads\/2024\/05\/W-finland.jpg.webp\",\"datePublished\":\"2024-05-20T09:56:10+00:00\",\"dateModified\":\"2025-01-09T15:59:07+00:00\",\"description\":\"Selvit\u00e4, miten tehd\u00e4 kotiutus Paripesasta Suomessa. Nauti nopeista ja turvallisista maksutavoista voittojesi saamiseksi helposti ja vaivattomasti.\",\"breadcrumb\":{\"@id\":\"https:\/\/paripesaapp.com\/fi\/withdraw\/#breadcrumb\"},\"inLanguage\":\"fi-FI\",\"potentialAction\":[{\"@type\":\"ReadAction\",\"target\":[\"https:\/\/paripesaapp.com\/fi\/withdraw\/\"]}]},{\"@type\":\"ImageObject\",\"inLanguage\":\"fi-FI\",\"@id\":\"https:\/\/paripesaapp.com\/fi\/withdraw\/#primaryimage\",\"url\":\"https:\/\/paripesaapp.com\/wp-content\/uploads\/2024\/05\/W-finland.jpg.webp\",\"contentUrl\":\"https:\/\/paripesaapp.com\/wp-content\/uploads\/2024\/05\/W-finland.jpg.webp\"},{\"@type\":\"BreadcrumbList\",\"@id\":\"https:\/\/paripesaapp.com\/fi\/withdraw\/#breadcrumb\",\"itemListElement\":[{\"@type\":\"ListItem\",\"position\":1,\"name\":\"Home\",\"item\":\"https:\/\/paripesaapp.com\/fi\/\"},{\"@type\":\"ListItem\",\"position\":2,\"name\":\"withdraw\"}]},{\"@type\":\"WebSite\",\"@id\":\"https:\/\/paripesaapp.com\/#website\",\"url\":\"https:\/\/paripesaapp.com\/\",\"name\":\"PariPesa App Download Latest Version for IOS Android\",\"description\":\"\",\"publisher\":{\"@id\":\"https:\/\/paripesaapp.com\/#organization\"},\"inLanguage\":\"fi-FI\"},{\"@type\":\"Organization\",\"@id\":\"https:\/\/paripesaapp.com\/#organization\",\"name\":\"PariPesa App Download Latest Version for IOS Android\",\"url\":\"https:\/\/paripesaapp.com\/\",\"logo\":{\"@type\":\"ImageObject\",\"inLanguage\":\"fi-FI\",\"@id\":\"https:\/\/paripesaapp.com\/#\/schema\/logo\/image\/\",\"url\":\"https:\/\/paripesaapp.com\/wp-content\/uploads\/2024\/03\/logo-2.png\",\"contentUrl\":\"https:\/\/paripesaapp.com\/wp-content\/uploads\/2024\/03\/logo-2.png\",\"width\":463,\"height\":79,\"caption\":\"PariPesa App Download Latest Version for IOS Android\"},\"image\":{\"@id\":\"https:\/\/paripesaapp.com\/#\/schema\/logo\/image\/\"}}]}<\/script>\n<!-- \/ Yoast SEO plugin. -->","yoast_head_json":{"title":"Paripesa Kotiutukset | Nopeat ja Turvalliset Maksut","description":"Selvit\u00e4, miten tehd\u00e4 kotiutus Paripesasta Suomessa. Nauti nopeista ja turvallisista maksutavoista voittojesi saamiseksi helposti ja vaivattomasti.","robots":{"index":"index","follow":"follow","max-snippet":"max-snippet:-1","max-image-preview":"max-image-preview:large","max-video-preview":"max-video-preview:-1"},"og_locale":"fi_FI","og_type":"article","og_url":"https:\/\/paripesaapp.com\/fi\/withdraw\/","og_site_name":"PariPesa App Lataa uusin versio IOS Androidille","article_modified_time":"2025-01-09T15:59:07+00:00","og_image":[{"url":"https:\/\/paripesaapp.com\/wp-content\/uploads\/2024\/05\/W-finland.jpg.webp","type":"","width":"","height":""}],"twitter_misc":{"Est. reading time":"2 minutes"},"schema":{"@context":"https:\/\/schema.org","@graph":[{"@type":"WebPage","@id":"https:\/\/paripesaapp.com\/fi\/withdraw\/","url":"https:\/\/paripesaapp.com\/fi\/withdraw\/","name":"Paripesa Kotiutukset | Nopeat ja Turvalliset Maksut","isPartOf":{"@id":"https:\/\/paripesaapp.com\/#website"},"primaryImageOfPage":{"@id":"https:\/\/paripesaapp.com\/fi\/withdraw\/#primaryimage"},"image":{"@id":"https:\/\/paripesaapp.com\/fi\/withdraw\/#primaryimage"},"thumbnailUrl":"https:\/\/paripesaapp.com\/wp-content\/uploads\/2024\/05\/W-finland.jpg.webp","datePublished":"2024-05-20T09:56:10+00:00","dateModified":"2025-01-09T15:59:07+00:00","description":"Selvit\u00e4, miten tehd\u00e4 kotiutus Paripesasta Suomessa. Nauti nopeista ja turvallisista maksutavoista voittojesi saamiseksi helposti ja vaivattomasti.","breadcrumb":{"@id":"https:\/\/paripesaapp.com\/fi\/withdraw\/#breadcrumb"},"inLanguage":"fi-FI","potentialAction":[{"@type":"ReadAction","target":["https:\/\/paripesaapp.com\/fi\/withdraw\/"]}]},{"@type":"ImageObject","inLanguage":"fi-FI","@id":"https:\/\/paripesaapp.com\/fi\/withdraw\/#primaryimage","url":"https:\/\/paripesaapp.com\/wp-content\/uploads\/2024\/05\/W-finland.jpg.webp","contentUrl":"https:\/\/paripesaapp.com\/wp-content\/uploads\/2024\/05\/W-finland.jpg.webp"},{"@type":"BreadcrumbList","@id":"https:\/\/paripesaapp.com\/fi\/withdraw\/#breadcrumb","itemListElement":[{"@type":"ListItem","position":1,"name":"Home","item":"https:\/\/paripesaapp.com\/fi\/"},{"@type":"ListItem","position":2,"name":"withdraw"}]},{"@type":"WebSite","@id":"https:\/\/paripesaapp.com\/#website","url":"https:\/\/paripesaapp.com\/","name":"PariPesa App Download Latest Version for IOS Android","description":"","publisher":{"@id":"https:\/\/paripesaapp.com\/#organization"},"inLanguage":"fi-FI"},{"@type":"Organization","@id":"https:\/\/paripesaapp.com\/#organization","name":"PariPesa App Download Latest Version for IOS Android","url":"https:\/\/paripesaapp.com\/","logo":{"@type":"ImageObject","inLanguage":"fi-FI","@id":"https:\/\/paripesaapp.com\/#\/schema\/logo\/image\/","url":"https:\/\/paripesaapp.com\/wp-content\/uploads\/2024\/03\/logo-2.png","contentUrl":"https:\/\/paripesaapp.com\/wp-content\/uploads\/2024\/03\/logo-2.png","width":463,"height":79,"caption":"PariPesa App Download Latest Version for IOS Android"},"image":{"@id":"https:\/\/paripesaapp.com\/#\/schema\/logo\/image\/"}}]}},"_links":{"self":[{"href":"https:\/\/paripesaapp.com\/fi\/wp-json\/wp\/v2\/pages\/2407","targetHints":{"allow":["GET"]}}],"collection":[{"href":"https:\/\/paripesaapp.com\/fi\/wp-json\/wp\/v2\/pages"}],"about":[{"href":"https:\/\/paripesaapp.com\/fi\/wp-json\/wp\/v2\/types\/page"}],"author":[{"embeddable":true,"href":"https:\/\/paripesaapp.com\/fi\/wp-json\/wp\/v2\/users\/2"}],"replies":[{"embeddable":true,"href":"https:\/\/paripesaapp.com\/fi\/wp-json\/wp\/v2\/comments?post=2407"}],"version-history":[{"count":8,"href":"https:\/\/paripesaapp.com\/fi\/wp-json\/wp\/v2\/pages\/2407\/revisions"}],"predecessor-version":[{"id":4404,"href":"https:\/\/paripesaapp.com\/fi\/wp-json\/wp\/v2\/pages\/2407\/revisions\/4404"}],"wp:attachment":[{"href":"https:\/\/paripesaapp.com\/fi\/wp-json\/wp\/v2\/media?parent=2407"}],"curies":[{"name":"wp","href":"https:\/\/api.w.org\/{rel}","templated":true}]}}