{"id":2705,"date":"2024-05-21T11:47:54","date_gmt":"2024-05-21T08:47:54","guid":{"rendered":"https:\/\/paripesaapp.com\/bonus\/"},"modified":"2025-01-09T19:01:38","modified_gmt":"2025-01-09T16:01:38","slug":"bonus","status":"publish","type":"page","link":"https:\/\/paripesaapp.com\/fi\/bonus\/","title":{"rendered":"bonus"},"content":{"rendered":"<section class=\"l-section wpb_row height_auto\"><div class=\"l-section-h i-cf\"><div class=\"g-cols vc_row via_grid cols_1 laptops-cols_inherit tablets-cols_inherit mobiles-cols_1 valign_top type_default stacking_default\"><div class=\"wpb_column vc_column_container\"><div class=\"vc_column-inner\"><nav class=\"g-breadcrumbs separator_icon align_none\" itemscope itemtype=\"http:\/\/schema.org\/BreadcrumbList\"><div class=\"g-breadcrumbs-item\" itemscope itemprop=\"itemListElement\" itemtype=\"http:\/\/schema.org\/ListItem\"><a itemprop=\"item\" href=\"https:\/\/paripesaapp.com\/fi\/\"><span itemprop=\"name\">Paripesa Suomen<\/span><\/a><meta itemprop=\"position\" content=\"1\"\/><\/div><div class=\"g-breadcrumbs-separator\"><i class=\"far fa-angle-right\"><\/i><\/div><div class=\"g-breadcrumbs-item\">Pages<\/div><\/nav><div class=\"w-separator size_custom\" style=\"height:30px\"><\/div><div id=\"ez-toc-container\" class=\"ez-toc-v2_0_71 counter-hierarchy ez-toc-counter ez-toc-grey ez-toc-container-direction\">\n<div class=\"ez-toc-title-container\">\n<p class=\"ez-toc-title\" style=\"cursor:inherit\">Table of Contents<\/p>\n<span class=\"ez-toc-title-toggle\"><a href=\"#\" class=\"ez-toc-pull-right ez-toc-btn ez-toc-btn-xs ez-toc-btn-default ez-toc-toggle\" aria-label=\"Toggle Table of Content\"><span class=\"ez-toc-js-icon-con\"><span class=\"\"><span class=\"eztoc-hide\" style=\"display:none;\">Toggle<\/span><span class=\"ez-toc-icon-toggle-span\"><svg style=\"fill: #999;color:#999\" xmlns=\"http:\/\/www.w3.org\/2000\/svg\" class=\"list-377408\" width=\"20px\" height=\"20px\" viewBox=\"0 0 24 24\" fill=\"none\"><path d=\"M6 6H4v2h2V6zm14 0H8v2h12V6zM4 11h2v2H4v-2zm16 0H8v2h12v-2zM4 16h2v2H4v-2zm16 0H8v2h12v-2z\" fill=\"currentColor\"><\/path><\/svg><svg style=\"fill: #999;color:#999\" class=\"arrow-unsorted-368013\" xmlns=\"http:\/\/www.w3.org\/2000\/svg\" width=\"10px\" height=\"10px\" viewBox=\"0 0 24 24\" version=\"1.2\" baseProfile=\"tiny\"><path d=\"M18.2 9.3l-6.2-6.3-6.2 6.3c-.2.2-.3.4-.3.7s.1.5.3.7c.2.2.4.3.7.3h11c.3 0 .5-.1.7-.3.2-.2.3-.5.3-.7s-.1-.5-.3-.7zM5.8 14.7l6.2 6.3 6.2-6.3c.2-.2.3-.5.3-.7s-.1-.5-.3-.7c-.2-.2-.4-.3-.7-.3h-11c-.3 0-.5.1-.7.3-.2.2-.3.5-.3.7s.1.5.3.7z\"\/><\/svg><\/span><\/span><\/span><\/a><\/span><\/div>\n<nav><ul class='ez-toc-list ez-toc-list-level-1 ' ><li class='ez-toc-page-1 ez-toc-heading-level-1'><a class=\"ez-toc-link ez-toc-heading-1\" href=\"https:\/\/paripesaapp.com\/fi\/bonus\/#Paripesa_Bonus_%E2%80%93_Lunasta_Parhaat_Tarjoukset_ja_Edut\" title=\"Paripesa Bonus \u2013 Lunasta Parhaat Tarjoukset ja Edut\">Paripesa Bonus \u2013 Lunasta Parhaat Tarjoukset ja Edut<\/a><ul class='ez-toc-list-level-2' ><li class='ez-toc-heading-level-2'><a class=\"ez-toc-link ez-toc-heading-2\" href=\"https:\/\/paripesaapp.com\/fi\/bonus\/#Paripesa-sovelluksen_parhaat_tarjoukset\" title=\"Paripesa-sovelluksen parhaat tarjoukset\">Paripesa-sovelluksen parhaat tarjoukset<\/a><ul class='ez-toc-list-level-3' ><li class='ez-toc-heading-level-3'><a class=\"ez-toc-link ez-toc-heading-3\" href=\"https:\/\/paripesaapp.com\/fi\/bonus\/#Rajoittamaton_maara_bonuksia_Paripesa-sovelluksella\" title=\"Rajoittamaton m\u00e4\u00e4r\u00e4 bonuksia Paripesa-sovelluksella\">Rajoittamaton m\u00e4\u00e4r\u00e4 bonuksia Paripesa-sovelluksella<\/a><\/li><\/ul><\/li><li class='ez-toc-page-1 ez-toc-heading-level-2'><a class=\"ez-toc-link ez-toc-heading-4\" href=\"https:\/\/paripesaapp.com\/fi\/bonus\/#Usein_Kysytyt_Kysymykset\" title=\"Usein Kysytyt Kysymykset\">Usein Kysytyt Kysymykset<\/a><\/li><\/ul><\/li><\/ul><\/nav><\/div>\n<h1 class=\"w-text\"><span class=\"ez-toc-section\" id=\"Paripesa_Bonus_%E2%80%93_Lunasta_Parhaat_Tarjoukset_ja_Edut\"><\/span><span class=\"w-text-h\"><span class=\"w-text-value\">Paripesa Bonus \u2013 Lunasta Parhaat Tarjoukset ja Edut<\/span><\/span><span class=\"ez-toc-section-end\"><\/span><\/h1><div class=\"w-separator size_custom\" style=\"height:30px\"><\/div><div class=\"wpb_text_column\"><div class=\"wpb_wrapper\"><p>Oletko kyll\u00e4stynyt k\u00e4ytt\u00e4m\u00e4\u00e4n omia rahojasi uhkapeleihin? Kokeile Paripesa-sovellusta \u2013 kasino, josta saat bonusrahoitusta, vetoja ja kertoimia.<\/p>\n<p>Sovelluksen avulla sinulla on mahdollisuus:<\/p>\n<ul>\n<li>Palauta jopa 300 % talletuksesta bonuksena.<\/li>\n<li>K\u00e4yt\u00e4 vedonly\u00f6nniss\u00e4 kotimaista valuuttaa.<\/li>\n<li>Kasvata tuloja akkujen avulla.<\/li>\n<li>Muunna bonukset oikeaksi rahaksi.<\/li>\n<li>Turvallista testata pelistrategioita.<\/li>\n<\/ul>\n<p><span style=\"font-weight: 400;\"><picture class=\"aligncenter wp-image-2691 size-full\"><source srcset=\"https:\/\/paripesaapp.com\/wp-content\/uploads\/2024\/05\/\u0431\u043e\u043d\u0443\u0441.jpg.webp\" type=\"image\/webp\" \/><\/picture><picture class=\"aligncenter wp-image-2691 size-full\"><img loading=\"lazy\" decoding=\"async\" class=\"aligncenter\" src=\"data:image\/gif;base64,R0lGODdhAQABAPAAAMPDwwAAACwAAAAAAQABAAACAkQBADs=\" alt=\"online-kasinobonustarjouksia\" width=\"1200\" height=\"410\" data-lazyloaded=\"1\" data-src=\"https:\/\/paripesaapp.com\/wp-content\/uploads\/2024\/05\/\u0431\u043e\u043d\u0443\u0441.jpg.webp\" \/><\/picture><noscript><img loading=\"lazy\" decoding=\"async\" src=\"https:\/\/paripesaapp.com\/wp-content\/uploads\/2024\/05\/\u0431\u043e\u043d\u0443\u0441.jpg.webp\" alt=\"online-kasinobonustarjouksia\" width=\"1200\" height=\"410\"\/><\/noscript><\/span><\/p>\n<p>T\u00e4m\u00e4 on vain pieni osa siit\u00e4, mit\u00e4 saat rekister\u00f6itym\u00e4ll\u00e4 alustalle.<\/p>\n<h2><span class=\"ez-toc-section\" id=\"Paripesa-sovelluksen_parhaat_tarjoukset\"><\/span>Paripesa-sovelluksen parhaat tarjoukset<span class=\"ez-toc-section-end\"><\/span><\/h2>\n<p>Paripesa-sovelluksessa on monia <strong>online-kasinobonustarjouksia<\/strong>, joiden avulla voit viett\u00e4\u00e4 aikaa j\u00e4rjestelm\u00e4ss\u00e4 etujen ja ilon kera. Kaikki siksi, ett\u00e4 alusta tarjoaa kaikille pelaajille ainutlaatuisen bonusohjelman, joka sis\u00e4lt\u00e4\u00e4:<\/p>\n<table>\n<tbody>\n<tr>\n<td>Tervetuloa tarjoukset<\/td>\n<td>Jopa 100 % cashback talletuksista 100 dollariin asti, ilmaispy\u00f6r\u00e4ytykset ja vedot.<\/td>\n<\/tr>\n<tr>\n<td>Akut<\/td>\n<td>Mahdollisuus kasvattaa voittoja sijoittamalla tapahtuman yleiseen rahastoon.<\/td>\n<\/tr>\n<tr>\n<td>Korvaus<\/td>\n<td>Tappioputken tuottoprosentti menetetyist\u00e4 varoista.<\/td>\n<\/tr>\n<tr>\n<td>Ensisijaiset tapahtumat<\/td>\n<td>Korotetut kertoimet ja varat urheilukilpailujen ja joukkueiden yst\u00e4ville.<\/td>\n<\/tr>\n<tr>\n<td>S\u00e4\u00e4nn\u00f6lliset bonukset<\/td>\n<td>Jatkuvat toiminnot, joiden avulla voit voittaa lis\u00e4\u00e4 rahaa, ilmaispy\u00f6r\u00e4ytyksi\u00e4 ja kertoimia.<\/td>\n<\/tr>\n<\/tbody>\n<\/table>\n<p>Mit\u00e4 enemm\u00e4n pelaat, sit\u00e4 enemm\u00e4n bonuksia ja etuja saat alustalta.<\/p>\n<h3><span class=\"ez-toc-section\" id=\"Rajoittamaton_maara_bonuksia_Paripesa-sovelluksella\"><\/span>Rajoittamaton m\u00e4\u00e4r\u00e4 bonuksia Paripesa-sovelluksella<span class=\"ez-toc-section-end\"><\/span><\/h3>\n<p><a href=\"\/fi\/\">Paripesa<\/a>-sovellus \u2013 kasinon verkkosovellus, jossa on rajattomat mahdollisuudet kaikille, jotka haluavat voittaa enemm\u00e4n. Alusta tarjoaa joustavan bonusj\u00e4rjestelm\u00e4n aloittelijoille ja tavallisille k\u00e4ytt\u00e4jille.<\/p>\n<ul>\n<li style=\"font-weight: 400;\" aria-level=\"1\">Kuukausittaiset tarjoukset, viikoittaiset bonukset, p\u00e4ivitt\u00e4iset ensisijaiset aktiviteetit arpajaisilla, k\u00e4teispalautus talletuksille ja mahdollisuus moninkertaistaa voittoja.\u00c4l\u00e4 usko? Rekister\u00f6idy vain sovellukseen ja ala ansaita rahaa harrastuksestasi!<\/li>\n<\/ul>\n<\/div><\/div><div class=\"w-separator size_custom\" style=\"height:30px\"><\/div><div class=\"w-btn-wrapper align_center\"><a class=\"w-btn us-btn-style_1 us_custom_c67b15c7\" href=\"https:\/\/combodef.com\/L?tag=d_4824592m_45569c_&amp;site=4824592&amp;ad=45569\"><span class=\"w-btn-label\">Rekister\u00f6idy<\/span><\/a><\/div><div class=\"w-separator size_custom\" style=\"height:30px\"><\/div><h2 class=\"w-text\"><span class=\"ez-toc-section\" id=\"Usein_Kysytyt_Kysymykset\"><\/span><span class=\"w-text-h\"><span class=\"w-text-value\">Usein Kysytyt Kysymykset<\/span><\/span><span class=\"ez-toc-section-end\"><\/span><\/h2><div class=\"w-separator size_custom\" style=\"height:30px\"><\/div><div class=\"w-tabs style_default switch_click accordion has_scrolling\" style=\"--sections-title-size:inherit\"><div class=\"w-tabs-sections titles-align_none icon_chevron cpos_right\"><div class=\"w-tabs-section\" id=\"n6d7\"><button class=\"w-tabs-section-header\" aria-controls=\"content-n6d7\" aria-expanded=\"false\"><div class=\"w-tabs-section-title\">Mihin promobonukseen minun pit\u00e4isi luottaa?<\/div><div class=\"w-tabs-section-control\"><\/div><\/button><div  class=\"w-tabs-section-content\" id=\"content-n6d7\"><div class=\"w-tabs-section-content-h i-cf\"><div class=\"wpb_text_column\"><div class=\"wpb_wrapper\"><p>Paripesa-sovellus julkaisee jatkuvasti uusia koodeja, erityisesti kanta-asiakasohjelmassa, jotka ovat kaikkien rekister\u00f6ityneiden pelaajien saatavilla. T\u00e4\u00e4ll\u00e4 voit valita parhaat tarjoukset ja muuntaa talletuksesi kannattavasti paljon suuremmiksi varoiksi, joilla voit kasvattaa tulojasi.<\/p>\n<\/div><\/div><\/div><\/div><\/div><div class=\"w-tabs-section\" id=\"p793\"><button class=\"w-tabs-section-header\" aria-controls=\"content-p793\" aria-expanded=\"false\"><div class=\"w-tabs-section-title\">Mist\u00e4 saada paras rekister\u00f6intikoodi?<\/div><div class=\"w-tabs-section-control\"><\/div><\/button><div  class=\"w-tabs-section-content\" id=\"content-p793\"><div class=\"w-tabs-section-content-h i-cf\"><div class=\"wpb_text_column\"><div class=\"wpb_wrapper\"><p>Paripesa-sovellus tarjoaa jatkuvasti online-kasinobonustarjouksia, my\u00f6s uusia k\u00e4ytt\u00e4ji\u00e4. Aloita vain rekister\u00f6intiprosessi ja saat tervetuliaiskoodin, joka takaa tietyn m\u00e4\u00e4r\u00e4n ilmaispy\u00f6r\u00e4ytyksi\u00e4, jopa 100 % cashbackin ja joukon lis\u00e4bonuksia.<\/p>\n<\/div><\/div><\/div><\/div><\/div><div class=\"w-tabs-section\" id=\"k845\"><button class=\"w-tabs-section-header\" aria-controls=\"content-k845\" aria-expanded=\"false\"><div class=\"w-tabs-section-title\">Onko mahdollista muuntaa tervetulotarjoukset oikeaksi rahaksi?<\/div><div class=\"w-tabs-section-control\"><\/div><\/button><div  class=\"w-tabs-section-content\" id=\"content-k845\"><div class=\"w-tabs-section-content-h i-cf\"><div class=\"wpb_text_column\"><div class=\"wpb_wrapper\"><p>Paripesa-sovellus mahdollistaa tilien v\u00e4liset konversiot. T\u00e4t\u00e4 varten sinun tulee saada bonuksia ja pelata urheilua tai osallistua muihin toimiin alustalla. Kun k\u00e4yt\u00e4t ylim\u00e4\u00e4r\u00e4ist\u00e4 rahaa, saat voittoja luonnollisella saldolla ja voit nostaa ne v\u00e4litt\u00f6m\u00e4sti mill\u00e4 tahansa sopivalla tavalla.<\/p>\n<\/div><\/div><\/div><\/div><\/div><div class=\"w-tabs-section\" id=\"c8ea\"><button class=\"w-tabs-section-header\" aria-controls=\"content-c8ea\" aria-expanded=\"false\"><div class=\"w-tabs-section-title\">Mit\u00e4 saan uutena pelaajana?<\/div><div class=\"w-tabs-section-control\"><\/div><\/button><div  class=\"w-tabs-section-content\" id=\"content-c8ea\"><div class=\"w-tabs-section-content-h i-cf\"><div class=\"wpb_text_column\"><div class=\"wpb_wrapper\"><p>Paripesa-sovellus arvostaa uusia alustan j\u00e4seni\u00e4 ja tarjoaa useita bonusohjelmia uusille tulokkaille. Kyll\u00e4, voit saada huomattavan m\u00e4\u00e4r\u00e4n ilmaiskierroksia, cashbackia talletuksen m\u00e4\u00e4r\u00e4\u00e4n asti, parempia kertoimia ja taatun osallistumisen kanta-asiakasohjelmaan. Rekister\u00f6i vain tili j\u00e4rjestelm\u00e4\u00e4n.<\/p>\n<\/div><\/div><\/div><\/div><\/div><\/div><\/div><\/div><\/div><\/div><\/div><\/section>\n","protected":false},"excerpt":{"rendered":"Paripesa SuomenPagesParipesa Bonus \u2013 Lunasta Parhaat Tarjoukset ja EdutOletko kyll\u00e4stynyt k\u00e4ytt\u00e4m\u00e4\u00e4n omia rahojasi uhkapeleihin? Kokeile Paripesa-sovellusta \u2013 kasino, josta saat bonusrahoitusta, vetoja ja kertoimia. Sovelluksen avulla sinulla on mahdollisuus: Palauta jopa 300 % talletuksesta bonuksena. K\u00e4yt\u00e4 vedonly\u00f6nniss\u00e4 kotimaista valuuttaa. Kasvata tuloja akkujen avulla. Muunna bonukset oikeaksi rahaksi. Turvallista testata pelistrategioita. T\u00e4m\u00e4 on vain pieni osa...","protected":false},"author":2,"featured_media":0,"parent":0,"menu_order":0,"comment_status":"closed","ping_status":"closed","template":"","meta":{"_sitemap_exclude":false,"_sitemap_priority":"","_sitemap_frequency":"","footnotes":""},"class_list":["post-2705","page","type-page","status-publish","hentry"],"acf":[],"yoast_head":"<!-- This site is optimized with the Yoast SEO plugin v24.0 - https:\/\/yoast.com\/wordpress\/plugins\/seo\/ -->\n<title>Paripesa Bonus | Eksklusiiviset Tarjoukset ja Kampanjat<\/title>\n<meta name=\"description\" content=\"Hy\u00f6dynn\u00e4 Paripesan bonukset Suomessa. Nauti tervetuliaisbonuksista, ilmaiskierroksista ja eksklusiivisista kampanjoista vedonly\u00f6ntiin ja kasinopeleihin.\" \/>\n<meta name=\"robots\" content=\"index, follow, max-snippet:-1, max-image-preview:large, max-video-preview:-1\" \/>\n<meta property=\"og:locale\" content=\"fi_FI\" \/>\n<meta property=\"og:type\" content=\"article\" \/>\n<meta property=\"og:url\" content=\"https:\/\/paripesaapp.com\/fi\/bonus\/\" \/>\n<meta property=\"og:site_name\" content=\"PariPesa App Lataa uusin versio IOS Androidille\" \/>\n<meta property=\"article:modified_time\" content=\"2025-01-09T16:01:38+00:00\" \/>\n<meta name=\"twitter:label1\" content=\"Est. reading time\" \/>\n\t<meta name=\"twitter:data1\" content=\"2 minutes\" \/>\n<script type=\"application\/ld+json\" class=\"yoast-schema-graph\">{\"@context\":\"https:\/\/schema.org\",\"@graph\":[{\"@type\":\"WebPage\",\"@id\":\"https:\/\/paripesaapp.com\/fi\/bonus\/\",\"url\":\"https:\/\/paripesaapp.com\/fi\/bonus\/\",\"name\":\"Paripesa Bonus | Eksklusiiviset Tarjoukset ja Kampanjat\",\"isPartOf\":{\"@id\":\"https:\/\/paripesaapp.com\/#website\"},\"datePublished\":\"2024-05-21T08:47:54+00:00\",\"dateModified\":\"2025-01-09T16:01:38+00:00\",\"description\":\"Hy\u00f6dynn\u00e4 Paripesan bonukset Suomessa. Nauti tervetuliaisbonuksista, ilmaiskierroksista ja eksklusiivisista kampanjoista vedonly\u00f6ntiin ja kasinopeleihin.\",\"breadcrumb\":{\"@id\":\"https:\/\/paripesaapp.com\/fi\/bonus\/#breadcrumb\"},\"inLanguage\":\"fi-FI\",\"potentialAction\":[{\"@type\":\"ReadAction\",\"target\":[\"https:\/\/paripesaapp.com\/fi\/bonus\/\"]}]},{\"@type\":\"BreadcrumbList\",\"@id\":\"https:\/\/paripesaapp.com\/fi\/bonus\/#breadcrumb\",\"itemListElement\":[{\"@type\":\"ListItem\",\"position\":1,\"name\":\"Home\",\"item\":\"https:\/\/paripesaapp.com\/fi\/\"},{\"@type\":\"ListItem\",\"position\":2,\"name\":\"bonus\"}]},{\"@type\":\"WebSite\",\"@id\":\"https:\/\/paripesaapp.com\/#website\",\"url\":\"https:\/\/paripesaapp.com\/\",\"name\":\"PariPesa App Download Latest Version for IOS Android\",\"description\":\"\",\"publisher\":{\"@id\":\"https:\/\/paripesaapp.com\/#organization\"},\"inLanguage\":\"fi-FI\"},{\"@type\":\"Organization\",\"@id\":\"https:\/\/paripesaapp.com\/#organization\",\"name\":\"PariPesa App Download Latest Version for IOS Android\",\"url\":\"https:\/\/paripesaapp.com\/\",\"logo\":{\"@type\":\"ImageObject\",\"inLanguage\":\"fi-FI\",\"@id\":\"https:\/\/paripesaapp.com\/#\/schema\/logo\/image\/\",\"url\":\"https:\/\/paripesaapp.com\/wp-content\/uploads\/2024\/03\/logo-2.png\",\"contentUrl\":\"https:\/\/paripesaapp.com\/wp-content\/uploads\/2024\/03\/logo-2.png\",\"width\":463,\"height\":79,\"caption\":\"PariPesa App Download Latest Version for IOS Android\"},\"image\":{\"@id\":\"https:\/\/paripesaapp.com\/#\/schema\/logo\/image\/\"}}]}<\/script>\n<!-- \/ Yoast SEO plugin. -->","yoast_head_json":{"title":"Paripesa Bonus | Eksklusiiviset Tarjoukset ja Kampanjat","description":"Hy\u00f6dynn\u00e4 Paripesan bonukset Suomessa. Nauti tervetuliaisbonuksista, ilmaiskierroksista ja eksklusiivisista kampanjoista vedonly\u00f6ntiin ja kasinopeleihin.","robots":{"index":"index","follow":"follow","max-snippet":"max-snippet:-1","max-image-preview":"max-image-preview:large","max-video-preview":"max-video-preview:-1"},"og_locale":"fi_FI","og_type":"article","og_url":"https:\/\/paripesaapp.com\/fi\/bonus\/","og_site_name":"PariPesa App Lataa uusin versio IOS Androidille","article_modified_time":"2025-01-09T16:01:38+00:00","twitter_misc":{"Est. reading time":"2 minutes"},"schema":{"@context":"https:\/\/schema.org","@graph":[{"@type":"WebPage","@id":"https:\/\/paripesaapp.com\/fi\/bonus\/","url":"https:\/\/paripesaapp.com\/fi\/bonus\/","name":"Paripesa Bonus | Eksklusiiviset Tarjoukset ja Kampanjat","isPartOf":{"@id":"https:\/\/paripesaapp.com\/#website"},"datePublished":"2024-05-21T08:47:54+00:00","dateModified":"2025-01-09T16:01:38+00:00","description":"Hy\u00f6dynn\u00e4 Paripesan bonukset Suomessa. Nauti tervetuliaisbonuksista, ilmaiskierroksista ja eksklusiivisista kampanjoista vedonly\u00f6ntiin ja kasinopeleihin.","breadcrumb":{"@id":"https:\/\/paripesaapp.com\/fi\/bonus\/#breadcrumb"},"inLanguage":"fi-FI","potentialAction":[{"@type":"ReadAction","target":["https:\/\/paripesaapp.com\/fi\/bonus\/"]}]},{"@type":"BreadcrumbList","@id":"https:\/\/paripesaapp.com\/fi\/bonus\/#breadcrumb","itemListElement":[{"@type":"ListItem","position":1,"name":"Home","item":"https:\/\/paripesaapp.com\/fi\/"},{"@type":"ListItem","position":2,"name":"bonus"}]},{"@type":"WebSite","@id":"https:\/\/paripesaapp.com\/#website","url":"https:\/\/paripesaapp.com\/","name":"PariPesa App Download Latest Version for IOS Android","description":"","publisher":{"@id":"https:\/\/paripesaapp.com\/#organization"},"inLanguage":"fi-FI"},{"@type":"Organization","@id":"https:\/\/paripesaapp.com\/#organization","name":"PariPesa App Download Latest Version for IOS Android","url":"https:\/\/paripesaapp.com\/","logo":{"@type":"ImageObject","inLanguage":"fi-FI","@id":"https:\/\/paripesaapp.com\/#\/schema\/logo\/image\/","url":"https:\/\/paripesaapp.com\/wp-content\/uploads\/2024\/03\/logo-2.png","contentUrl":"https:\/\/paripesaapp.com\/wp-content\/uploads\/2024\/03\/logo-2.png","width":463,"height":79,"caption":"PariPesa App Download Latest Version for IOS Android"},"image":{"@id":"https:\/\/paripesaapp.com\/#\/schema\/logo\/image\/"}}]}},"_links":{"self":[{"href":"https:\/\/paripesaapp.com\/fi\/wp-json\/wp\/v2\/pages\/2705","targetHints":{"allow":["GET"]}}],"collection":[{"href":"https:\/\/paripesaapp.com\/fi\/wp-json\/wp\/v2\/pages"}],"about":[{"href":"https:\/\/paripesaapp.com\/fi\/wp-json\/wp\/v2\/types\/page"}],"author":[{"embeddable":true,"href":"https:\/\/paripesaapp.com\/fi\/wp-json\/wp\/v2\/users\/2"}],"replies":[{"embeddable":true,"href":"https:\/\/paripesaapp.com\/fi\/wp-json\/wp\/v2\/comments?post=2705"}],"version-history":[{"count":7,"href":"https:\/\/paripesaapp.com\/fi\/wp-json\/wp\/v2\/pages\/2705\/revisions"}],"predecessor-version":[{"id":4405,"href":"https:\/\/paripesaapp.com\/fi\/wp-json\/wp\/v2\/pages\/2705\/revisions\/4405"}],"wp:attachment":[{"href":"https:\/\/paripesaapp.com\/fi\/wp-json\/wp\/v2\/media?parent=2705"}],"curies":[{"name":"wp","href":"https:\/\/api.w.org\/{rel}","templated":true}]}}