{"id":4668,"date":"2024-05-17T15:02:55","date_gmt":"2024-05-17T12:02:55","guid":{"rendered":"https:\/\/paripesaapp.com\/"},"modified":"2025-05-23T16:13:53","modified_gmt":"2025-05-23T13:13:53","slug":"apk","status":"publish","type":"page","link":"https:\/\/paripesaapp.com\/it\/apk\/","title":{"rendered":"apk"},"content":{"rendered":"<section class=\"l-section wpb_row us_custom_f8f95f86 height_auto\"><div class=\"l-section-h i-cf\"><div class=\"g-cols vc_row via_grid cols_1 laptops-cols_inherit tablets-cols_inherit mobiles-cols_1 valign_top type_default stacking_default\"><div class=\"wpb_column vc_column_container\"><div class=\"vc_column-inner\"><nav class=\"g-breadcrumbs separator_icon align_none\" itemscope itemtype=\"http:\/\/schema.org\/BreadcrumbList\"><div class=\"g-breadcrumbs-item\" itemscope itemprop=\"itemListElement\" itemtype=\"http:\/\/schema.org\/ListItem\"><a itemprop=\"item\" href=\"https:\/\/paripesaapp.com\/it\/\"><span itemprop=\"name\">Paripesa India<\/span><\/a><meta itemprop=\"position\" content=\"1\"\/><\/div><div class=\"g-breadcrumbs-separator\"><i class=\"far fa-angle-right\"><\/i><\/div><div class=\"g-breadcrumbs-item\">Pagine<\/div><\/nav><div class=\"w-separator size_custom\" style=\"height:30px\"><\/div><div class=\"wpb_text_column\"><div class=\"wpb_wrapper\"><div id=\"ez-toc-container\" class=\"ez-toc-v2_0_71 counter-hierarchy ez-toc-counter ez-toc-grey ez-toc-container-direction\">\n<div class=\"ez-toc-title-container\">\n<p class=\"ez-toc-title\" style=\"cursor:inherit\">Indice dei contenuti<\/p>\n<span class=\"ez-toc-title-toggle\"><a href=\"#\" class=\"ez-toc-pull-right ez-toc-btn ez-toc-btn-xs ez-toc-btn-default ez-toc-toggle\" aria-label=\"Toggle Table of Content\"><span class=\"ez-toc-js-icon-con\"><span class=\"\"><span class=\"eztoc-hide\" style=\"display:none;\">Toggle<\/span><span class=\"ez-toc-icon-toggle-span\"><svg style=\"fill: #999;color:#999\" xmlns=\"http:\/\/www.w3.org\/2000\/svg\" class=\"list-377408\" width=\"20px\" height=\"20px\" viewBox=\"0 0 24 24\" fill=\"none\"><path d=\"M6 6H4v2h2V6zm14 0H8v2h12V6zM4 11h2v2H4v-2zm16 0H8v2h12v-2zM4 16h2v2H4v-2zm16 0H8v2h12v-2z\" fill=\"currentColor\"><\/path><\/svg><svg style=\"fill: #999;color:#999\" class=\"arrow-unsorted-368013\" xmlns=\"http:\/\/www.w3.org\/2000\/svg\" width=\"10px\" height=\"10px\" viewBox=\"0 0 24 24\" version=\"1.2\" baseProfile=\"tiny\"><path d=\"M18.2 9.3l-6.2-6.3-6.2 6.3c-.2.2-.3.4-.3.7s.1.5.3.7c.2.2.4.3.7.3h11c.3 0 .5-.1.7-.3.2-.2.3-.5.3-.7s-.1-.5-.3-.7zM5.8 14.7l6.2 6.3 6.2-6.3c.2-.2.3-.5.3-.7s-.1-.5-.3-.7c-.2-.2-.4-.3-.7-.3h-11c-.3 0-.5.1-.7.3-.2.2-.3.5-.3.7s.1.5.3.7z\"\/><\/svg><\/span><\/span><\/span><\/a><\/span><\/div>\n<nav><ul class='ez-toc-list ez-toc-list-level-1 ' ><li class='ez-toc-page-1 ez-toc-heading-level-1'><a class=\"ez-toc-link ez-toc-heading-1\" href=\"https:\/\/paripesaapp.com\/it\/apk\/#Scopri_il_Paripesa_APK_il_casino_ideale_per_unesperienza_di_gioco_al_top\" title=\"Scopri il Paripesa APK: il casin\u00f2 ideale per un\u2019esperienza di gioco al top!\">Scopri il Paripesa APK: il casin\u00f2 ideale per un\u2019esperienza di gioco al top!<\/a><ul class='ez-toc-list-level-2' ><li class='ez-toc-heading-level-2'><a class=\"ez-toc-link ez-toc-heading-2\" href=\"https:\/\/paripesaapp.com\/it\/apk\/#I_vantaggi_delluso_del_Paripesa_APK\" title=\"I vantaggi dell\u2019uso del Paripesa APK\">I vantaggi dell\u2019uso del Paripesa APK<\/a><\/li><li class='ez-toc-page-1 ez-toc-heading-level-2'><a class=\"ez-toc-link ez-toc-heading-3\" href=\"https:\/\/paripesaapp.com\/it\/apk\/#Il_tuo_dispositivo_e_compatibile_con_il_Paripesa_APK\" title=\"Il tuo dispositivo \u00e8 compatibile con il Paripesa APK?\">Il tuo dispositivo \u00e8 compatibile con il Paripesa APK?<\/a><\/li><li class='ez-toc-page-1 ez-toc-heading-level-2'><a class=\"ez-toc-link ez-toc-heading-4\" href=\"https:\/\/paripesaapp.com\/it\/apk\/#Le_risposte_alle_tue_domande_su_Paripesa_APK\" title=\"Le risposte alle tue domande su Paripesa APK\">Le risposte alle tue domande su Paripesa APK<\/a><\/li><\/ul><\/li><\/ul><\/nav><\/div>\n<h1 style=\"text-align: center;\"><span class=\"ez-toc-section\" id=\"Scopri_il_Paripesa_APK_il_casino_ideale_per_unesperienza_di_gioco_al_top\"><\/span>Scopri il Paripesa APK: il casin\u00f2 ideale per un\u2019esperienza di gioco al top!<span class=\"ez-toc-section-end\"><\/span><\/h1>\n<p style=\"text-align: left;\">Negli ultimi decenni, l\u2019uso dei dispositivi mobili si \u00e8 diffuso sempre pi\u00f9, influenzando anche il mondo dei casin\u00f2 online, che si \u00e8 prontamente adattato a questa tendenza.<br \/>Ma qual \u00e8 esattamente il significato di file APK?<br \/>Si tratta di un formato di installazione per applicazioni Android, distribuito al di fuori del Google Play Store. Poich\u00e9 Google impone restrizioni severe alle app di scommesse, scaricare il <a href=\"\/it\/\">Paripesa<\/a> APK rappresenta l\u2019unico modo per accedere a tutte le funzionalit\u00e0 della piattaforma su dispositivi Android.<br \/>Scaricare il Paripesa APK consente di accedere ai giochi del casin\u00f2, piazzare scommesse sportive e usufruire di promozioni esclusive senza dover aprire il browser ogni volta che vuoi accedere al tuo account di Paripesa. Inoltre, rispetto alla versione web, l\u2019app garantisce un\u2019esperienza utente pi\u00f9 fluida, veloce e ottimizzata, sia su dispositivi mobili che su desktop.<br \/>Per avere il Paripesa APK scarica l&#8217;ultima versione dal sito ufficiale. Una volta completato il download, ti baster\u00e0 aprire il file APK e seguire le istruzioni per completare l\u2019installazione.<\/p>\n<h2 style=\"text-align: center;\"><span class=\"ez-toc-section\" id=\"I_vantaggi_delluso_del_Paripesa_APK\"><\/span>I vantaggi dell\u2019uso del Paripesa APK<span class=\"ez-toc-section-end\"><\/span><\/h2>\n<p>Ci sono tantissimi vantaggi per chi decide di usare il Paripesa APK. Diamo un\u2019occhiata ad alcuni di questi vantaggi:<\/p>\n<ul>\n<li>Funzionalit\u00e0 esclusive: scaricando l\u2019app, gli utenti possono godere di alcune funzioni non disponibili nella versione web, come notifiche personalizzate, un\u2019interfaccia ottimizzata per dispositivi mobili e altro ancora.<\/li>\n<li>Installazione offline: terminato il Paripesa APK scaricamento, \u00e8 possibile installare l\u2019app anche senza connessione Internet. Si tratta, ovviamente, di un processo semplice e immediato.<\/li>\n<li>Aggiornamenti diretti dal sito: le nuove versioni del file APK sono sempre disponibili sul sito del casin\u00f2, garantendo aggiornamenti continui.<\/li>\n<li>Esperienza pi\u00f9 fluida: chi desidera un\u2019esperienza pi\u00f9 semplice e fluida, con tempi di caricamento ridotti, scarica il file APK online.<\/li>\n<\/ul>\n<p><picture class=\"aligncenter wp-image-4438 size-full\"><source srcset=\"https:\/\/paripesaapp.com\/wp-content\/uploads\/2025\/02\/paripesa_apk-removebg-preview.png.webp\" type=\"image\/webp\" \/><\/picture><picture class=\"aligncenter wp-image-4438 size-full\"><img loading=\"lazy\" decoding=\"async\" class=\"aligncenter\" src=\"https:\/\/paripesaapp.com\/wp-content\/uploads\/2025\/02\/paripesa_apk-removebg-preview.png.webp\" alt=\"paripesa apk\" width=\"605\" height=\"412\" \/><\/picture><\/p>\n<h2 style=\"text-align: center;\"><span class=\"ez-toc-section\" id=\"Il_tuo_dispositivo_e_compatibile_con_il_Paripesa_APK\"><\/span>Il tuo dispositivo \u00e8 compatibile con il Paripesa APK?<span class=\"ez-toc-section-end\"><\/span><\/h2>\n<p>Prima di scaricare Paripesa APK, dovresti verificare che il tuo dispositivo sia compatibile.<br \/>L\u2019app \u00e8 stata progettata per funzionare su dispositivi Android con un sistema operativo Android 5.0 o versioni successive.<br \/>Per scaricare e aprire il file APK, \u00e8 consigliato avere almeno 100MB di spazio di archiviazione libero nel dispositivo.<\/p>\n<table>\n<tbody>\n<tr>\n<td><span style=\"font-weight: 400;\">Dimensione del file<\/span><\/td>\n<td><span style=\"font-weight: 400;\">38 MB<\/span><\/td>\n<\/tr>\n<tr>\n<td><span style=\"font-weight: 400;\">Sistema operativo supportato<\/span><\/td>\n<td><span style=\"font-weight: 400;\">Android 5.0 e poi<\/span><\/td>\n<\/tr>\n<tr>\n<td><span style=\"font-weight: 400;\">Costo di scaricamento<\/span><\/td>\n<td><span style=\"font-weight: 400;\">Gratis<\/span><\/td>\n<\/tr>\n<tr>\n<td><span style=\"font-weight: 400;\">Supporto in italiano<\/span><\/td>\n<td><span style=\"font-weight: 400;\">S\u00ec<\/span><\/td>\n<\/tr>\n<\/tbody>\n<\/table>\n<p>Quindi, se il tuo dispositivo soddisfa questi requisiti, potrai goderti un\u2019esperienza di gioco ottimizzata semplicemente scaricando il file zip in APK e installando un\u2019applicazione facile e intuitiva da usare.<\/p>\n<\/div><\/div><div class=\"w-separator size_custom\" style=\"height:15px\"><\/div><div class=\"w-btn-wrapper align_center\"><a class=\"w-btn us-btn-style_1 us_custom_c67b15c7\" href=\"https:\/\/combodef.com\/L?tag=d_4824592m_45569c_&amp;site=4824592&amp;ad=45569\"><span class=\"w-btn-label\">Scaricamento APK<\/span><\/a><\/div><div class=\"w-separator size_custom\" style=\"height:15px\"><\/div><\/div><\/div><\/div><\/div><\/section><section class=\"l-section wpb_row height_auto\"><div class=\"l-section-h i-cf\"><div class=\"g-cols vc_row via_grid cols_1 laptops-cols_inherit tablets-cols_inherit mobiles-cols_1 valign_top type_default stacking_default\"><div class=\"wpb_column vc_column_container\"><div class=\"vc_column-inner\"><h2 class=\"w-text us_custom_eb849559\"><span class=\"ez-toc-section\" id=\"Le_risposte_alle_tue_domande_su_Paripesa_APK\"><\/span><span class=\"w-text-h\"><span class=\"w-text-value\">Le risposte alle tue domande su Paripesa APK <\/span><\/span><span class=\"ez-toc-section-end\"><\/span><\/h2><div class=\"w-separator size_custom\" style=\"height:15px\"><\/div><div class=\"w-tabs style_default switch_click accordion has_scrolling\" style=\"--sections-title-size:inherit\"><div class=\"w-tabs-sections titles-align_none icon_chevron cpos_right\"><div class=\"w-tabs-section\" id=\"p21a\"><button class=\"w-tabs-section-header\" aria-controls=\"content-p21a\" aria-expanded=\"false\"><div class=\"w-tabs-section-title\">\u00c8 sicuro scaricare l\u2019APK?<\/div><div class=\"w-tabs-section-control\"><\/div><\/button><div  class=\"w-tabs-section-content\" id=\"content-p21a\"><div class=\"w-tabs-section-content-h i-cf\"><div class=\"wpb_text_column\"><div class=\"wpb_wrapper\"><p><span style=\"font-weight: 400;\">Assolutamente s\u00ec. Il Paripesa APK \u00e8 stato sviluppato secondo i pi\u00f9 alti standard di sicurezza ed \u00e8 stato verificato dalle autorit\u00e0 competenti prima di essere reso disponibile al pubblico. <\/span><\/p>\n<\/div><\/div><\/div><\/div><\/div><div class=\"w-tabs-section\" id=\"d329\"><button class=\"w-tabs-section-header\" aria-controls=\"content-d329\" aria-expanded=\"false\"><div class=\"w-tabs-section-title\">Perch\u00e9 il Paripesa APK non \u00e8 disponibile su Google Play?<\/div><div class=\"w-tabs-section-control\"><\/div><\/button><div  class=\"w-tabs-section-content\" id=\"content-d329\"><div class=\"w-tabs-section-content-h i-cf\"><div class=\"wpb_text_column\"><div class=\"wpb_wrapper\"><p><span style=\"font-weight: 400;\">Google Play ha imposto restrizioni sulle app di scommesse e casin\u00f2. Perci\u00f2, il <\/span><span style=\"font-weight: 400;\">Paripesa APK scaricamento<\/span><span style=\"font-weight: 400;\"> deve essere effettuato direttamente dal sito ufficiale di Paripesa.<\/span><\/p>\n<\/div><\/div><\/div><\/div><\/div><div class=\"w-tabs-section\" id=\"n410\"><button class=\"w-tabs-section-header\" aria-controls=\"content-n410\" aria-expanded=\"false\"><div class=\"w-tabs-section-title\">Posso aggiornare l\u2019APK manualmente?<\/div><div class=\"w-tabs-section-control\"><\/div><\/button><div  class=\"w-tabs-section-content\" id=\"content-n410\"><div class=\"w-tabs-section-content-h i-cf\"><div class=\"wpb_text_column\"><div class=\"wpb_wrapper\"><p><span style=\"font-weight: 400;\">S\u00ec, per avere la versione pi\u00f9 aggiornata del <\/span><span style=\"font-weight: 400;\">Paripesa APK scarica l&#8217;ultima versione<\/span><span style=\"font-weight: 400;\"> dal sito ufficiale cos\u00ec da ottenere le funzionalit\u00e0 pi\u00f9 recenti.<\/span><\/p>\n<\/div><\/div><\/div><\/div><\/div><div class=\"w-tabs-section\" id=\"d4fa\"><button class=\"w-tabs-section-header\" aria-controls=\"content-d4fa\" aria-expanded=\"false\"><div class=\"w-tabs-section-title\">Cosa devo fare se l\u2019APK non si installa?<\/div><div class=\"w-tabs-section-control\"><\/div><\/button><div  class=\"w-tabs-section-content\" id=\"content-d4fa\"><div class=\"w-tabs-section-content-h i-cf\"><div class=\"wpb_text_column\"><div class=\"wpb_wrapper\"><p><span style=\"font-weight: 400;\">Se non riesci a installare il <\/span><span style=\"font-weight: 400;\">Paripesa APK<\/span><span style=\"font-weight: 400;\">, assicurarati di avere spazio libero sul dispositivo e che il file sia stato scaricato correttamente. Se hai fatto tutto correttamente, puoi contattare il supporto tecnico. <\/span><\/p>\n<\/div><\/div><\/div><\/div><\/div><div class=\"w-tabs-section\" id=\"i5de\"><button class=\"w-tabs-section-header\" aria-controls=\"content-i5de\" aria-expanded=\"false\"><div class=\"w-tabs-section-title\">Come abilito le fonti sconosciute sul mio telefono?<\/div><div class=\"w-tabs-section-control\"><\/div><\/button><div  class=\"w-tabs-section-content\" id=\"content-i5de\"><div class=\"w-tabs-section-content-h i-cf\"><div class=\"wpb_text_column\"><div class=\"wpb_wrapper\"><p><span style=\"font-weight: 400;\">Dovrai andare su Impostazioni &gt; Sicurezza &gt; Installa app sconosciute, selezionare il browser o il file manager usato per il download e abilitare l\u2019opzione.<\/span><\/p>\n<\/div><\/div><\/div><\/div><\/div><\/div><\/div><\/div><\/div><\/div><\/div><\/section>\n","protected":false},"excerpt":{"rendered":"Paripesa IndiaPagineScopri il Paripesa APK: il casin\u00f2 ideale per un\u2019esperienza di gioco al top! Negli ultimi decenni, l\u2019uso dei dispositivi mobili si \u00e8 diffuso sempre pi\u00f9, influenzando anche il mondo dei casin\u00f2 online, che si \u00e8 prontamente adattato a questa tendenza.Ma qual \u00e8 esattamente il significato di file APK?Si tratta di un formato di installazione...","protected":false},"author":2,"featured_media":0,"parent":0,"menu_order":0,"comment_status":"closed","ping_status":"closed","template":"","meta":{"_sitemap_exclude":false,"_sitemap_priority":"","_sitemap_frequency":"","footnotes":""},"class_list":["post-4668","page","type-page","status-publish","hentry"],"acf":[],"yoast_head":"<!-- This site is optimized with the Yoast SEO plugin v24.0 - https:\/\/yoast.com\/wordpress\/plugins\/seo\/ -->\n<title>Scarica l&#039;app PariPesa APK per Android | 2025<\/title>\n<meta name=\"description\" content=\"Installa l&#039;app ufficiale PariPesa APK sul tuo dispositivo Android e inizia a scommettere online. Bonus di benvenuto disponibili per i nuovi utenti!\" \/>\n<meta name=\"robots\" content=\"index, follow, max-snippet:-1, max-image-preview:large, max-video-preview:-1\" \/>\n<meta property=\"og:locale\" content=\"it_IT\" \/>\n<meta property=\"og:type\" content=\"article\" \/>\n<meta property=\"og:url\" content=\"https:\/\/paripesaapp.com\/it\/apk\/\" \/>\n<meta property=\"og:site_name\" content=\"App PariPesa Scarica l&#039;ultima versione per IOS Android\" \/>\n<meta property=\"article:modified_time\" content=\"2025-05-23T13:13:53+00:00\" \/>\n<meta property=\"og:image\" content=\"https:\/\/paripesaapp.com\/wp-content\/uploads\/2025\/02\/paripesa_apk-removebg-preview.png\" \/>\n\t<meta property=\"og:image:width\" content=\"605\" \/>\n\t<meta property=\"og:image:height\" content=\"412\" \/>\n\t<meta property=\"og:image:type\" content=\"image\/png\" \/>\n<meta name=\"twitter:label1\" content=\"Tempo di lettura stimato\" \/>\n\t<meta name=\"twitter:data1\" content=\"4 minuti\" \/>\n<script type=\"application\/ld+json\" class=\"yoast-schema-graph\">{\"@context\":\"https:\/\/schema.org\",\"@graph\":[{\"@type\":\"WebPage\",\"@id\":\"https:\/\/paripesaapp.com\/it\/apk\/\",\"url\":\"https:\/\/paripesaapp.com\/it\/apk\/\",\"name\":\"Scarica l'app PariPesa APK per Android | 2025\",\"isPartOf\":{\"@id\":\"https:\/\/paripesaapp.com\/#website\"},\"primaryImageOfPage\":{\"@id\":\"https:\/\/paripesaapp.com\/it\/apk\/#primaryimage\"},\"image\":{\"@id\":\"https:\/\/paripesaapp.com\/it\/apk\/#primaryimage\"},\"thumbnailUrl\":\"https:\/\/paripesaapp.com\/wp-content\/uploads\/2025\/02\/paripesa_apk-removebg-preview.png.webp\",\"datePublished\":\"2024-05-17T12:02:55+00:00\",\"dateModified\":\"2025-05-23T13:13:53+00:00\",\"description\":\"Installa l'app ufficiale PariPesa APK sul tuo dispositivo Android e inizia a scommettere online. Bonus di benvenuto disponibili per i nuovi utenti!\",\"breadcrumb\":{\"@id\":\"https:\/\/paripesaapp.com\/it\/apk\/#breadcrumb\"},\"inLanguage\":\"it-IT\",\"potentialAction\":[{\"@type\":\"ReadAction\",\"target\":[\"https:\/\/paripesaapp.com\/it\/apk\/\"]}]},{\"@type\":\"ImageObject\",\"inLanguage\":\"it-IT\",\"@id\":\"https:\/\/paripesaapp.com\/it\/apk\/#primaryimage\",\"url\":\"https:\/\/paripesaapp.com\/wp-content\/uploads\/2025\/02\/paripesa_apk-removebg-preview.png.webp\",\"contentUrl\":\"https:\/\/paripesaapp.com\/wp-content\/uploads\/2025\/02\/paripesa_apk-removebg-preview.png.webp\"},{\"@type\":\"BreadcrumbList\",\"@id\":\"https:\/\/paripesaapp.com\/it\/apk\/#breadcrumb\",\"itemListElement\":[{\"@type\":\"ListItem\",\"position\":1,\"name\":\"Home\",\"item\":\"https:\/\/paripesaapp.com\/it\/\"},{\"@type\":\"ListItem\",\"position\":2,\"name\":\"apk\"}]},{\"@type\":\"WebSite\",\"@id\":\"https:\/\/paripesaapp.com\/#website\",\"url\":\"https:\/\/paripesaapp.com\/\",\"name\":\"PariPesa App Download Latest Version for IOS Android\",\"description\":\"\",\"publisher\":{\"@id\":\"https:\/\/paripesaapp.com\/#organization\"},\"inLanguage\":\"it-IT\"},{\"@type\":\"Organization\",\"@id\":\"https:\/\/paripesaapp.com\/#organization\",\"name\":\"PariPesa App Download Latest Version for IOS Android\",\"url\":\"https:\/\/paripesaapp.com\/\",\"logo\":{\"@type\":\"ImageObject\",\"inLanguage\":\"it-IT\",\"@id\":\"https:\/\/paripesaapp.com\/#\/schema\/logo\/image\/\",\"url\":\"https:\/\/paripesaapp.com\/wp-content\/uploads\/2024\/03\/logo-2.png\",\"contentUrl\":\"https:\/\/paripesaapp.com\/wp-content\/uploads\/2024\/03\/logo-2.png\",\"width\":463,\"height\":79,\"caption\":\"PariPesa App Download Latest Version for IOS Android\"},\"image\":{\"@id\":\"https:\/\/paripesaapp.com\/#\/schema\/logo\/image\/\"}}]}<\/script>\n<!-- \/ Yoast SEO plugin. -->","yoast_head_json":{"title":"Scarica l'app PariPesa APK per Android | 2025","description":"Installa l'app ufficiale PariPesa APK sul tuo dispositivo Android e inizia a scommettere online. Bonus di benvenuto disponibili per i nuovi utenti!","robots":{"index":"index","follow":"follow","max-snippet":"max-snippet:-1","max-image-preview":"max-image-preview:large","max-video-preview":"max-video-preview:-1"},"og_locale":"it_IT","og_type":"article","og_url":"https:\/\/paripesaapp.com\/it\/apk\/","og_site_name":"App PariPesa Scarica l&#039;ultima versione per IOS Android","article_modified_time":"2025-05-23T13:13:53+00:00","og_image":[{"width":605,"height":412,"url":"https:\/\/paripesaapp.com\/wp-content\/uploads\/2025\/02\/paripesa_apk-removebg-preview.png","type":"image\/png"}],"twitter_misc":{"Tempo di lettura stimato":"4 minuti"},"schema":{"@context":"https:\/\/schema.org","@graph":[{"@type":"WebPage","@id":"https:\/\/paripesaapp.com\/it\/apk\/","url":"https:\/\/paripesaapp.com\/it\/apk\/","name":"Scarica l'app PariPesa APK per Android | 2025","isPartOf":{"@id":"https:\/\/paripesaapp.com\/#website"},"primaryImageOfPage":{"@id":"https:\/\/paripesaapp.com\/it\/apk\/#primaryimage"},"image":{"@id":"https:\/\/paripesaapp.com\/it\/apk\/#primaryimage"},"thumbnailUrl":"https:\/\/paripesaapp.com\/wp-content\/uploads\/2025\/02\/paripesa_apk-removebg-preview.png.webp","datePublished":"2024-05-17T12:02:55+00:00","dateModified":"2025-05-23T13:13:53+00:00","description":"Installa l'app ufficiale PariPesa APK sul tuo dispositivo Android e inizia a scommettere online. Bonus di benvenuto disponibili per i nuovi utenti!","breadcrumb":{"@id":"https:\/\/paripesaapp.com\/it\/apk\/#breadcrumb"},"inLanguage":"it-IT","potentialAction":[{"@type":"ReadAction","target":["https:\/\/paripesaapp.com\/it\/apk\/"]}]},{"@type":"ImageObject","inLanguage":"it-IT","@id":"https:\/\/paripesaapp.com\/it\/apk\/#primaryimage","url":"https:\/\/paripesaapp.com\/wp-content\/uploads\/2025\/02\/paripesa_apk-removebg-preview.png.webp","contentUrl":"https:\/\/paripesaapp.com\/wp-content\/uploads\/2025\/02\/paripesa_apk-removebg-preview.png.webp"},{"@type":"BreadcrumbList","@id":"https:\/\/paripesaapp.com\/it\/apk\/#breadcrumb","itemListElement":[{"@type":"ListItem","position":1,"name":"Home","item":"https:\/\/paripesaapp.com\/it\/"},{"@type":"ListItem","position":2,"name":"apk"}]},{"@type":"WebSite","@id":"https:\/\/paripesaapp.com\/#website","url":"https:\/\/paripesaapp.com\/","name":"PariPesa App Download Latest Version for IOS Android","description":"","publisher":{"@id":"https:\/\/paripesaapp.com\/#organization"},"inLanguage":"it-IT"},{"@type":"Organization","@id":"https:\/\/paripesaapp.com\/#organization","name":"PariPesa App Download Latest Version for IOS Android","url":"https:\/\/paripesaapp.com\/","logo":{"@type":"ImageObject","inLanguage":"it-IT","@id":"https:\/\/paripesaapp.com\/#\/schema\/logo\/image\/","url":"https:\/\/paripesaapp.com\/wp-content\/uploads\/2024\/03\/logo-2.png","contentUrl":"https:\/\/paripesaapp.com\/wp-content\/uploads\/2024\/03\/logo-2.png","width":463,"height":79,"caption":"PariPesa App Download Latest Version for IOS Android"},"image":{"@id":"https:\/\/paripesaapp.com\/#\/schema\/logo\/image\/"}}]}},"_links":{"self":[{"href":"https:\/\/paripesaapp.com\/it\/wp-json\/wp\/v2\/pages\/4668","targetHints":{"allow":["GET"]}}],"collection":[{"href":"https:\/\/paripesaapp.com\/it\/wp-json\/wp\/v2\/pages"}],"about":[{"href":"https:\/\/paripesaapp.com\/it\/wp-json\/wp\/v2\/types\/page"}],"author":[{"embeddable":true,"href":"https:\/\/paripesaapp.com\/it\/wp-json\/wp\/v2\/users\/2"}],"replies":[{"embeddable":true,"href":"https:\/\/paripesaapp.com\/it\/wp-json\/wp\/v2\/comments?post=4668"}],"version-history":[{"count":3,"href":"https:\/\/paripesaapp.com\/it\/wp-json\/wp\/v2\/pages\/4668\/revisions"}],"predecessor-version":[{"id":4678,"href":"https:\/\/paripesaapp.com\/it\/wp-json\/wp\/v2\/pages\/4668\/revisions\/4678"}],"wp:attachment":[{"href":"https:\/\/paripesaapp.com\/it\/wp-json\/wp\/v2\/media?parent=4668"}],"curies":[{"name":"wp","href":"https:\/\/api.w.org\/{rel}","templated":true}]}}