{"id":2350,"date":"2024-05-17T15:02:55","date_gmt":"2024-05-17T12:02:55","guid":{"rendered":"https:\/\/paripesaapp.com\/deposit\/"},"modified":"2025-02-26T16:28:59","modified_gmt":"2025-02-26T13:28:59","slug":"deposit","status":"publish","type":"page","link":"https:\/\/paripesaapp.com\/no\/deposit\/","title":{"rendered":"deposit"},"content":{"rendered":"<section class=\"l-section wpb_row us_custom_f8f95f86 height_auto\"><div class=\"l-section-h i-cf\"><div class=\"g-cols vc_row via_grid cols_1 laptops-cols_inherit tablets-cols_inherit mobiles-cols_1 valign_top type_default stacking_default\"><div class=\"wpb_column vc_column_container\"><div class=\"vc_column-inner\"><nav class=\"g-breadcrumbs separator_icon align_none\" itemscope itemtype=\"http:\/\/schema.org\/BreadcrumbList\"><div class=\"g-breadcrumbs-item\" itemscope itemprop=\"itemListElement\" itemtype=\"http:\/\/schema.org\/ListItem\"><a itemprop=\"item\" href=\"https:\/\/paripesaapp.com\/no\/\"><span itemprop=\"name\">Paripesa Norge<\/span><\/a><meta itemprop=\"position\" content=\"1\"\/><\/div><div class=\"g-breadcrumbs-separator\"><i class=\"far fa-angle-right\"><\/i><\/div><div class=\"g-breadcrumbs-item\">Sider<\/div><\/nav><div class=\"w-separator size_custom\" style=\"height:30px\"><\/div><div class=\"wpb_text_column\"><div class=\"wpb_wrapper\"><div id=\"ez-toc-container\" class=\"ez-toc-v2_0_82_2 counter-hierarchy ez-toc-counter ez-toc-grey ez-toc-container-direction\">\n<div class=\"ez-toc-title-container\">\n<p class=\"ez-toc-title\" style=\"cursor:inherit\">Innholdsfortegnelse<\/p>\n<span class=\"ez-toc-title-toggle\"><a href=\"#\" class=\"ez-toc-pull-right ez-toc-btn ez-toc-btn-xs ez-toc-btn-default ez-toc-toggle\" aria-label=\"Toggle Table of Content\"><span class=\"ez-toc-js-icon-con\"><span class=\"\"><span class=\"eztoc-hide\" style=\"display:none;\">Toggle<\/span><span class=\"ez-toc-icon-toggle-span\"><svg style=\"fill: #999;color:#999\" xmlns=\"http:\/\/www.w3.org\/2000\/svg\" class=\"list-377408\" width=\"20px\" height=\"20px\" viewBox=\"0 0 24 24\" fill=\"none\"><path d=\"M6 6H4v2h2V6zm14 0H8v2h12V6zM4 11h2v2H4v-2zm16 0H8v2h12v-2zM4 16h2v2H4v-2zm16 0H8v2h12v-2z\" fill=\"currentColor\"><\/path><\/svg><svg style=\"fill: #999;color:#999\" class=\"arrow-unsorted-368013\" xmlns=\"http:\/\/www.w3.org\/2000\/svg\" width=\"10px\" height=\"10px\" viewBox=\"0 0 24 24\" version=\"1.2\" baseProfile=\"tiny\"><path d=\"M18.2 9.3l-6.2-6.3-6.2 6.3c-.2.2-.3.4-.3.7s.1.5.3.7c.2.2.4.3.7.3h11c.3 0 .5-.1.7-.3.2-.2.3-.5.3-.7s-.1-.5-.3-.7zM5.8 14.7l6.2 6.3 6.2-6.3c.2-.2.3-.5.3-.7s-.1-.5-.3-.7c-.2-.2-.4-.3-.7-.3h-11c-.3 0-.5.1-.7.3-.2.2-.3.5-.3.7s.1.5.3.7z\"\/><\/svg><\/span><\/span><\/span><\/a><\/span><\/div>\n<nav><ul class='ez-toc-list ez-toc-list-level-1 ' ><li class='ez-toc-page-1 ez-toc-heading-level-1'><a class=\"ez-toc-link ez-toc-heading-1\" href=\"https:\/\/paripesaapp.com\/no\/deposit\/#Paripesa_Innskudd_%E2%80%93_Enkelt_og_Raskt_for_Norske_Spillere\" >Paripesa Innskudd \u2013 Enkelt og Raskt for Norske Spillere<\/a><ul class='ez-toc-list-level-2' ><li class='ez-toc-heading-level-2'><a class=\"ez-toc-link ez-toc-heading-2\" href=\"https:\/\/paripesaapp.com\/no\/deposit\/#Paripesa_Norge_%E2%80%93_Nye_muligheter_med_kryptoinnskudd\" >Paripesa Norge \u2013 Nye muligheter med kryptoinnskudd<\/a><ul class='ez-toc-list-level-3' ><li class='ez-toc-heading-level-3'><a class=\"ez-toc-link ez-toc-heading-3\" href=\"https:\/\/paripesaapp.com\/no\/deposit\/#Paripesa-appen_%E2%80%93_Bli_heldig\" >Paripesa-appen \u2013 Bli heldig<\/a><\/li><\/ul><\/li><\/ul><\/li><\/ul><\/nav><\/div>\n<h1><span class=\"ez-toc-section\" id=\"Paripesa_Innskudd_%E2%80%93_Enkelt_og_Raskt_for_Norske_Spillere\"><\/span>Paripesa Innskudd \u2013 Enkelt og Raskt for Norske Spillere<span class=\"ez-toc-section-end\"><\/span><\/h1>\n<p>Innen 2029 forventes antallet spillere innen nettgambling \u00e5 \u00f8ke til hele 281,3 millioner. Dette betyr at vinnersjansene kan bli lavere for den enkelte sammenlignet med i dag.<\/p>\n<p><a href=\"\/no\/\">Paripesa<\/a> \u2013 Casino med p\u00e5litelig innskudd<br \/>\nDette er din mulighet til \u00e5 starte med spill og satse p\u00e5 ulike valutaer allerede n\u00e5. Paripesa gir deg en innovativ plattform hvor du kan:<\/p>\n<ul>\n<li>Motta registrering i kryptovalutaformat.<\/li>\n<li>Ta ut gevinster direkte til en sikker kryptolommebok.<\/li>\n<\/ul>\n<p>Paripesa skiller seg ut som den f\u00f8rste plattformen som kombinerer fleksibilitet og p\u00e5litelighet for moderne spillere.<br \/>\nEr du interessert? Oppdag mer om denne spennende plattformen i dag<img loading=\"lazy\" decoding=\"async\" class=\"size-full wp-image-3662 aligncenter\" src=\"https:\/\/paripesaapp.com\/wp-content\/uploads\/2024\/08\/w.jpg\" alt=\"deposit casino\" width=\"666\" height=\"336\" srcset=\"https:\/\/paripesaapp.com\/wp-content\/uploads\/2024\/08\/w.jpg 666w, https:\/\/paripesaapp.com\/wp-content\/uploads\/2024\/08\/w-300x151.jpg 300w, https:\/\/paripesaapp.com\/wp-content\/uploads\/2024\/08\/w-159x80.jpg 159w\" sizes=\"auto, (max-width: 666px) 100vw, 666px\" \/><\/p>\n<picture class=\"size-full wp-image-2631 aligncenter\"><source srcset=\"https:\/\/paripesaapp.com\/wp-content\/uploads\/2024\/05\/norway.jpg.webp\" type=\"image\/webp\" \/><\/picture><picture class=\"size-full wp-image-2631 aligncenter\"><\/picture>\n<p><noscript><span id=\"mce_marker\" data-mce-type=\"bookmark\" data-mce-fragment=\"1\">\u200b<\/span><span id=\"__caret\">_<\/span><img loading=\"lazy\" decoding=\"async\" src=\"https:\/\/paripesaapp.com\/wp-content\/uploads\/2024\/05\/norway.jpg.webp\" alt=\"casino med p\u00e5litelig innskudd\" width=\"900\" height=\"466\"\/><\/noscript><\/p>\n<\/div><\/div><div class=\"w-separator size_custom\" style=\"height:15px\"><\/div><div class=\"w-btn-wrapper align_center\"><a class=\"w-btn us-btn-style_1 us_custom_c67b15c7\" href=\"https:\/\/combodef.com\/L?tag=d_4824592m_45569c_&amp;site=4824592&amp;ad=45569\"><span class=\"w-btn-label\">Registrere<\/span><\/a><\/div><div class=\"w-separator size_custom\" style=\"height:15px\"><\/div><\/div><\/div><\/div><\/div><\/section><section class=\"l-section wpb_row us_custom_f8f95f86 height_auto\"><div class=\"l-section-h i-cf\"><div class=\"g-cols vc_row via_grid cols_1 laptops-cols_inherit tablets-cols_inherit mobiles-cols_1 valign_top type_default stacking_default\"><div class=\"wpb_column vc_column_container\"><div class=\"vc_column-inner\"><div class=\"w-separator size_custom\" style=\"height:30px\"><\/div><div class=\"wpb_text_column\"><div class=\"wpb_wrapper\"><h2><span class=\"ez-toc-section\" id=\"Paripesa_Norge_%E2%80%93_Nye_muligheter_med_kryptoinnskudd\"><\/span>Paripesa Norge \u2013 Nye muligheter med kryptoinnskudd<span class=\"ez-toc-section-end\"><\/span><\/h2>\n<p>Paripesa-appen tilbyr en funksjon for rask og enkel saldooppfylling ved bruk av kryptovaluta og andre digitale verkt\u00f8y. Med denne innovative l\u00f8sningen f\u00e5r du flere fordeler som gj\u00f8r din spillopplevelse enda bedre:<\/p>\n<ul>\n<li>Umiddelbare innskudd: Legg raskt til midler til saldoen via appen.<\/li>\n<li>\u00d8kte vinnersjanser: Mulighet til \u00e5 maksimere spill og gevinster.<\/li>\n<li>Kryptovaluta-st\u00f8tte: Bruk de mest popul\u00e6re kryptovalutaene for transaksjoner.<\/li>\n<li>Velkomstbonuser: Gener\u00f8se bonuser for nye spillere.<\/li>\n<li>Multiplikasjon av midler: Dra nytte av h\u00f8ye koeffisienter for \u00e5 \u00f8ke gevinsten.<\/li>\n<\/ul>\n<p>Dette er bare noen av fordelene du kan nyte i Paripesa-appen. I tillegg tilbyr plattformen et sv\u00e6rt brukervennlig system for b\u00e5de innskudd og uttak, som sikrer en smidig og trygg opplevelse.<\/p>\n<p>Start ditt spill med Paripesa i dag \u2013 oppdag et bredt spekter av innskuddsmuligheter og spennende funksjoner!<\/p>\n<p>&nbsp;<\/p>\n<picture class=\"aligncenter wp-image-2256 size-full\"><img loading=\"lazy\" decoding=\"async\" class=\"size-full wp-image-3672 aligncenter\" src=\"https:\/\/paripesaapp.com\/wp-content\/uploads\/2024\/08\/w2.jpg\" alt=\"online payment methods\" width=\"881\" height=\"277\" srcset=\"https:\/\/paripesaapp.com\/wp-content\/uploads\/2024\/08\/w2.jpg 881w, https:\/\/paripesaapp.com\/wp-content\/uploads\/2024\/08\/w2-300x94.jpg 300w, https:\/\/paripesaapp.com\/wp-content\/uploads\/2024\/08\/w2-254x80.jpg 254w\" sizes=\"auto, (max-width: 881px) 100vw, 881px\" \/><\/picture><picture class=\"aligncenter wp-image-2256 size-full\"><source srcset=\"https:\/\/paripesaapp.com\/wp-content\/uploads\/2024\/05\/bit.jpg.webp\" type=\"image\/webp\" \/><\/picture><picture class=\"aligncenter wp-image-2256 size-full\"><\/picture>\n<p><noscript><br data-mce-bogus=\"1\"><\/noscript><noscript><img loading=\"lazy\" decoding=\"async\" src=\"https:\/\/paripesaapp.com\/wp-content\/uploads\/2024\/05\/bit.jpg.webp\" alt=\"crypto deposit\" width=\"900\" height=\"252\"\/><\/noscript><\/p>\n<p>For \u00e5 begynne \u00e5 vinne med Paripesa:<\/p>\n<p>For \u00e5 starte reisen din med Paripesa, opprett en konto i appen og gj\u00f8r ditt f\u00f8rste kryptoinnskudd. Slik gj\u00f8r du det:<\/p>\n<ol>\n<li>G\u00e5 til innskuddssiden: Bes\u00f8k den offisielle Paripesa-nettsiden.<\/li>\n<li>Opprett en konto eller logg inn: Registrer deg med mobilnummer eller e-post, eller logg p\u00e5 hvis du allerede har en konto.<\/li>\n<li>Velg p\u00e5fyllingsmetode: Velg mellom fiat-valuta (kort, bank, betalingstjeneste) eller kryptovaluta (kryptolommebok).<\/li>\n<li>Angi bel\u00f8p: Velg et innskuddsbel\u00f8p. For \u00e5 dra nytte av p\u00e5fyllingsbonuser, velg et bel\u00f8p som kvalifiserer til bonus.<\/li>\n<li>Bekreft transaksjonen: Fullf\u00f8r betalingen ved \u00e5 godkjenne transaksjonen i det valgte systemet.<\/li>\n<li>Start spillet: N\u00e5r midlene er kreditert kontoen din, kan du begynne \u00e5 spille favorittspillene dine.<\/li>\n<\/ol>\n<p>S\u00e5 enkelt er det \u00e5 komme i gang med den p\u00e5litelige Paripesa-appen og begynne \u00e5 spille.<\/p>\n<h3><span class=\"ez-toc-section\" id=\"Paripesa-appen_%E2%80%93_Bli_heldig\"><\/span>Paripesa-appen \u2013 Bli heldig<span class=\"ez-toc-section-end\"><\/span><\/h3>\n<p>Enten du er interessert i gambling, sportsbetting eller veddem\u00e5l, gir Paripesa deg en unik opplevelse. Hva kan v\u00e6re bedre enn \u00e5 f\u00f8le at jackpotten er innen rekkevidde?<\/p>\n<ul>\n<li>Opplev ekte gevinster: \u00d8k budsjettet ditt med smarte spill og bonustilbud.<\/li>\n<li>Nyt f\u00f8lelsene: F\u00e5 spenningen av \u00e5 vinne med nye fiat- eller kryptovalutatilf\u00f8rsler p\u00e5 kontoen din.<\/li>\n<\/ul>\n<p>Vil du f\u00f8le deg som en konge? Installer Paripesa-appen i dag og vinn stort! \ud83c\udfb0<\/p>\n<\/div><\/div><\/div><\/div><\/div><\/div><\/section><section class=\"l-section wpb_row height_auto\"><div class=\"l-section-h i-cf\"><div class=\"g-cols vc_row via_grid cols_1 laptops-cols_inherit tablets-cols_inherit mobiles-cols_1 valign_top type_default stacking_default\"><div class=\"wpb_column vc_column_container\"><div class=\"vc_column-inner\"><div class=\"w-separator size_custom\" style=\"height:15px\"><\/div><div class=\"w-btn-wrapper align_center\"><a class=\"w-btn us-btn-style_1 us_custom_c67b15c7\" href=\"https:\/\/combodef.com\/L?tag=d_4824592m_45569c_&amp;site=4824592&amp;ad=45569\"><span class=\"w-btn-label\">Registrere<\/span><\/a><\/div><div class=\"w-separator size_custom\" style=\"height:15px\"><\/div><\/div><\/div><\/div><\/div><\/section><section class=\"l-section wpb_row height_auto\"><div class=\"l-section-h i-cf\"><div class=\"g-cols vc_row via_grid cols_1 laptops-cols_inherit tablets-cols_inherit mobiles-cols_1 valign_top type_default stacking_default\"><div class=\"wpb_column vc_column_container\"><div class=\"vc_column-inner\"><div class=\"w-text\"><span class=\"w-text-h\"><span class=\"w-text-value\">Ofte stilte sp\u00f8rsm\u00e5l<\/span><\/span><\/div><div class=\"w-separator size_custom\" style=\"height:15px\"><\/div><div class=\"w-tabs style_default switch_click accordion has_scrolling\" style=\"--sections-title-size:inherit\"><div class=\"w-tabs-sections titles-align_none icon_chevron cpos_right\"><div class=\"w-tabs-section\" id=\"te6f\"><button class=\"w-tabs-section-header\" aria-controls=\"content-te6f\" aria-expanded=\"false\"><div class=\"w-tabs-section-title\">Som overf\u00f8re penger med konto?<\/div><div class=\"w-tabs-section-control\"><\/div><\/button><div  class=\"w-tabs-section-content\" id=\"content-te6f\"><div class=\"w-tabs-section-content-h i-cf\"><div class=\"wpb_text_column\"><div class=\"wpb_wrapper\"><p>Logg inn p\u00e5 nettsiden eller applikasjonen. Velg bel\u00f8p og spesifiser uttaksadressen. For fiat-valuta er dette kortnummeret, eller den digitale lommebokadressen. For kryptovaluta, skriv inn nummeret p\u00e5 den tilsvarende lommeboken som st\u00f8tter den angitte blokkjeden.<\/p>\n<\/div><\/div><\/div><\/div><\/div><div class=\"w-tabs-section\" id=\"af51\"><button class=\"w-tabs-section-header\" aria-controls=\"content-af51\" aria-expanded=\"false\"><div class=\"w-tabs-section-title\">P\u00e5virker bonusen min kryptobalanse?<\/div><div class=\"w-tabs-section-control\"><\/div><\/button><div  class=\"w-tabs-section-content\" id=\"content-af51\"><div class=\"w-tabs-section-content-h i-cf\"><div class=\"wpb_text_column\"><div class=\"wpb_wrapper\"><p>Bonusmidler er beregnet p\u00e5 \u00e5 plassere spill, s\u00e5 de har ingen effekt p\u00e5 den faktiske saldoen p\u00e5 kontoen. Men hvis innsatsen din er vellykket, vil du motta ekte midler som vil bli kreditert hovedsaldoen din.<\/p>\n<\/div><\/div><\/div><\/div><\/div><div class=\"w-tabs-section\" id=\"q01f\"><button class=\"w-tabs-section-header\" aria-controls=\"content-q01f\" aria-expanded=\"false\"><div class=\"w-tabs-section-title\">Mottar jeg ytterligere midler for \u00e5 sette inn eller fylle p\u00e5 midler?<\/div><div class=\"w-tabs-section-control\"><\/div><\/button><div  class=\"w-tabs-section-content\" id=\"content-q01f\"><div class=\"w-tabs-section-content-h i-cf\"><div class=\"wpb_text_column\"><div class=\"wpb_wrapper\"><p>Ja, underlagt vilk\u00e5rene for programmet. Hvis du for eksempel fyller p\u00e5 saldoen med bel\u00f8pet til et innskudd som garanterer bonuser, vil du motta ytterligere midler p\u00e5 den tilsvarende kontoen.<\/p>\n<\/div><\/div><\/div><\/div><\/div><div class=\"w-tabs-section\" id=\"q0dd\"><button class=\"w-tabs-section-header\" aria-controls=\"content-q0dd\" aria-expanded=\"false\"><div class=\"w-tabs-section-title\">Hvorfor har jeg tillit til Paripesa-appen?<\/div><div class=\"w-tabs-section-control\"><\/div><\/button><div  class=\"w-tabs-section-content\" id=\"content-q0dd\"><div class=\"w-tabs-section-content-h i-cf\"><div class=\"wpb_text_column\"><div class=\"wpb_wrapper\"><p>Applikasjonen er utviklet i henhold til de mest moderne cybersikkerhetsstandardene og er fullstendig p\u00e5litelig og stabil. Hver transaksjon behandles slik at din \u00f8konomi utelukkende g\u00e5r til den angitte kontoen og ikke kan avlyttes eller stjeles.<\/p>\n<\/div><\/div><\/div><\/div><\/div><\/div><\/div><\/div><\/div><\/div><\/div><\/section>\n","protected":false},"excerpt":{"rendered":"Paripesa NorgeSiderParipesa Innskudd \u2013 Enkelt og Raskt for Norske Spillere Innen 2029 forventes antallet spillere innen nettgambling \u00e5 \u00f8ke til hele 281,3 millioner. Dette betyr at vinnersjansene kan bli lavere for den enkelte sammenlignet med i dag. Paripesa \u2013 Casino med p\u00e5litelig innskudd Dette er din mulighet til \u00e5 starte med spill og satse p\u00e5...","protected":false},"author":2,"featured_media":0,"parent":0,"menu_order":0,"comment_status":"closed","ping_status":"closed","template":"","meta":{"_sitemap_exclude":false,"_sitemap_priority":"","_sitemap_frequency":"","footnotes":""},"class_list":["post-2350","page","type-page","status-publish","hentry"],"acf":[],"yoast_head":"<!-- This site is optimized with the Yoast SEO plugin v27.4 - https:\/\/yoast.com\/product\/yoast-seo-wordpress\/ -->\n<title>Paripesa Innskudd | Rask og Sikker Betalingsmetode<\/title>\n<meta name=\"description\" content=\"L\u00e6r hvordan du gj\u00f8r et innskudd p\u00e5 Paripesa i Norge. Bruk raske og sikre betalingsmetoder for \u00e5 finansiere kontoen din og starte spillopplevelsen din enkelt.\" \/>\n<meta name=\"robots\" content=\"index, follow, max-snippet:-1, max-image-preview:large, max-video-preview:-1\" \/>\n<meta property=\"og:locale\" content=\"nb_NO\" \/>\n<meta property=\"og:type\" content=\"article\" \/>\n<meta property=\"og:url\" content=\"https:\/\/paripesaapp.com\/no\/deposit\/\" \/>\n<meta property=\"og:site_name\" content=\"PariPesa App Last ned siste versjon for IOS Android\" \/>\n<meta property=\"article:modified_time\" content=\"2025-02-26T13:28:59+00:00\" \/>\n<meta property=\"og:image\" content=\"https:\/\/paripesaapp.com\/wp-content\/uploads\/2024\/08\/w.jpg\" \/>\n\t<meta property=\"og:image:width\" content=\"666\" \/>\n\t<meta property=\"og:image:height\" content=\"336\" \/>\n\t<meta property=\"og:image:type\" content=\"image\/jpeg\" \/>\n<meta name=\"twitter:label1\" content=\"Ansl. lesetid\" \/>\n\t<meta name=\"twitter:data1\" content=\"4 minutter\" \/>\n<script type=\"application\/ld+json\" class=\"yoast-schema-graph\">{\"@context\":\"https:\\\/\\\/schema.org\",\"@graph\":[{\"@type\":\"WebPage\",\"@id\":\"https:\\\/\\\/paripesaapp.com\\\/no\\\/deposit\\\/\",\"url\":\"https:\\\/\\\/paripesaapp.com\\\/no\\\/deposit\\\/\",\"name\":\"Paripesa Innskudd | Rask og Sikker Betalingsmetode\",\"isPartOf\":{\"@id\":\"https:\\\/\\\/paripesaapp.com\\\/#website\"},\"primaryImageOfPage\":{\"@id\":\"https:\\\/\\\/paripesaapp.com\\\/no\\\/deposit\\\/#primaryimage\"},\"image\":{\"@id\":\"https:\\\/\\\/paripesaapp.com\\\/no\\\/deposit\\\/#primaryimage\"},\"thumbnailUrl\":\"https:\\\/\\\/paripesaapp.com\\\/wp-content\\\/uploads\\\/2024\\\/08\\\/w.jpg\",\"datePublished\":\"2024-05-17T12:02:55+00:00\",\"dateModified\":\"2025-02-26T13:28:59+00:00\",\"description\":\"L\u00e6r hvordan du gj\u00f8r et innskudd p\u00e5 Paripesa i Norge. Bruk raske og sikre betalingsmetoder for \u00e5 finansiere kontoen din og starte spillopplevelsen din enkelt.\",\"breadcrumb\":{\"@id\":\"https:\\\/\\\/paripesaapp.com\\\/no\\\/deposit\\\/#breadcrumb\"},\"inLanguage\":\"nb-NO\",\"potentialAction\":[{\"@type\":\"ReadAction\",\"target\":[\"https:\\\/\\\/paripesaapp.com\\\/no\\\/deposit\\\/\"]}]},{\"@type\":\"ImageObject\",\"inLanguage\":\"nb-NO\",\"@id\":\"https:\\\/\\\/paripesaapp.com\\\/no\\\/deposit\\\/#primaryimage\",\"url\":\"https:\\\/\\\/paripesaapp.com\\\/wp-content\\\/uploads\\\/2024\\\/08\\\/w.jpg\",\"contentUrl\":\"https:\\\/\\\/paripesaapp.com\\\/wp-content\\\/uploads\\\/2024\\\/08\\\/w.jpg\"},{\"@type\":\"BreadcrumbList\",\"@id\":\"https:\\\/\\\/paripesaapp.com\\\/no\\\/deposit\\\/#breadcrumb\",\"itemListElement\":[{\"@type\":\"ListItem\",\"position\":1,\"name\":\"Home\",\"item\":\"https:\\\/\\\/paripesaapp.com\\\/no\\\/\"},{\"@type\":\"ListItem\",\"position\":2,\"name\":\"deposit\"}]},{\"@type\":\"WebSite\",\"@id\":\"https:\\\/\\\/paripesaapp.com\\\/#website\",\"url\":\"https:\\\/\\\/paripesaapp.com\\\/\",\"name\":\"PariPesa App Download Latest Version for IOS Android\",\"description\":\"\",\"publisher\":{\"@id\":\"https:\\\/\\\/paripesaapp.com\\\/#organization\"},\"inLanguage\":\"nb-NO\"},{\"@type\":\"Organization\",\"@id\":\"https:\\\/\\\/paripesaapp.com\\\/#organization\",\"name\":\"PariPesa App Download Latest Version for IOS Android\",\"url\":\"https:\\\/\\\/paripesaapp.com\\\/\",\"logo\":{\"@type\":\"ImageObject\",\"inLanguage\":\"nb-NO\",\"@id\":\"https:\\\/\\\/paripesaapp.com\\\/#\\\/schema\\\/logo\\\/image\\\/\",\"url\":\"https:\\\/\\\/paripesaapp.com\\\/wp-content\\\/uploads\\\/2024\\\/03\\\/logo-2.png\",\"contentUrl\":\"https:\\\/\\\/paripesaapp.com\\\/wp-content\\\/uploads\\\/2024\\\/03\\\/logo-2.png\",\"width\":463,\"height\":79,\"caption\":\"PariPesa App Download Latest Version for IOS Android\"},\"image\":{\"@id\":\"https:\\\/\\\/paripesaapp.com\\\/#\\\/schema\\\/logo\\\/image\\\/\"}}]}<\/script>\n<!-- \/ Yoast SEO plugin. -->","yoast_head_json":{"title":"Paripesa Innskudd | Rask og Sikker Betalingsmetode","description":"L\u00e6r hvordan du gj\u00f8r et innskudd p\u00e5 Paripesa i Norge. Bruk raske og sikre betalingsmetoder for \u00e5 finansiere kontoen din og starte spillopplevelsen din enkelt.","robots":{"index":"index","follow":"follow","max-snippet":"max-snippet:-1","max-image-preview":"max-image-preview:large","max-video-preview":"max-video-preview:-1"},"og_locale":"nb_NO","og_type":"article","og_url":"https:\/\/paripesaapp.com\/no\/deposit\/","og_site_name":"PariPesa App Last ned siste versjon for IOS Android","article_modified_time":"2025-02-26T13:28:59+00:00","og_image":[{"width":666,"height":336,"url":"https:\/\/paripesaapp.com\/wp-content\/uploads\/2024\/08\/w.jpg","type":"image\/jpeg"}],"twitter_misc":{"Ansl. lesetid":"4 minutter"},"schema":{"@context":"https:\/\/schema.org","@graph":[{"@type":"WebPage","@id":"https:\/\/paripesaapp.com\/no\/deposit\/","url":"https:\/\/paripesaapp.com\/no\/deposit\/","name":"Paripesa Innskudd | Rask og Sikker Betalingsmetode","isPartOf":{"@id":"https:\/\/paripesaapp.com\/#website"},"primaryImageOfPage":{"@id":"https:\/\/paripesaapp.com\/no\/deposit\/#primaryimage"},"image":{"@id":"https:\/\/paripesaapp.com\/no\/deposit\/#primaryimage"},"thumbnailUrl":"https:\/\/paripesaapp.com\/wp-content\/uploads\/2024\/08\/w.jpg","datePublished":"2024-05-17T12:02:55+00:00","dateModified":"2025-02-26T13:28:59+00:00","description":"L\u00e6r hvordan du gj\u00f8r et innskudd p\u00e5 Paripesa i Norge. Bruk raske og sikre betalingsmetoder for \u00e5 finansiere kontoen din og starte spillopplevelsen din enkelt.","breadcrumb":{"@id":"https:\/\/paripesaapp.com\/no\/deposit\/#breadcrumb"},"inLanguage":"nb-NO","potentialAction":[{"@type":"ReadAction","target":["https:\/\/paripesaapp.com\/no\/deposit\/"]}]},{"@type":"ImageObject","inLanguage":"nb-NO","@id":"https:\/\/paripesaapp.com\/no\/deposit\/#primaryimage","url":"https:\/\/paripesaapp.com\/wp-content\/uploads\/2024\/08\/w.jpg","contentUrl":"https:\/\/paripesaapp.com\/wp-content\/uploads\/2024\/08\/w.jpg"},{"@type":"BreadcrumbList","@id":"https:\/\/paripesaapp.com\/no\/deposit\/#breadcrumb","itemListElement":[{"@type":"ListItem","position":1,"name":"Home","item":"https:\/\/paripesaapp.com\/no\/"},{"@type":"ListItem","position":2,"name":"deposit"}]},{"@type":"WebSite","@id":"https:\/\/paripesaapp.com\/#website","url":"https:\/\/paripesaapp.com\/","name":"PariPesa App Download Latest Version for IOS Android","description":"","publisher":{"@id":"https:\/\/paripesaapp.com\/#organization"},"inLanguage":"nb-NO"},{"@type":"Organization","@id":"https:\/\/paripesaapp.com\/#organization","name":"PariPesa App Download Latest Version for IOS Android","url":"https:\/\/paripesaapp.com\/","logo":{"@type":"ImageObject","inLanguage":"nb-NO","@id":"https:\/\/paripesaapp.com\/#\/schema\/logo\/image\/","url":"https:\/\/paripesaapp.com\/wp-content\/uploads\/2024\/03\/logo-2.png","contentUrl":"https:\/\/paripesaapp.com\/wp-content\/uploads\/2024\/03\/logo-2.png","width":463,"height":79,"caption":"PariPesa App Download Latest Version for IOS Android"},"image":{"@id":"https:\/\/paripesaapp.com\/#\/schema\/logo\/image\/"}}]}},"_links":{"self":[{"href":"https:\/\/paripesaapp.com\/no\/wp-json\/wp\/v2\/pages\/2350","targetHints":{"allow":["GET"]}}],"collection":[{"href":"https:\/\/paripesaapp.com\/no\/wp-json\/wp\/v2\/pages"}],"about":[{"href":"https:\/\/paripesaapp.com\/no\/wp-json\/wp\/v2\/types\/page"}],"author":[{"embeddable":true,"href":"https:\/\/paripesaapp.com\/no\/wp-json\/wp\/v2\/users\/2"}],"replies":[{"embeddable":true,"href":"https:\/\/paripesaapp.com\/no\/wp-json\/wp\/v2\/comments?post=2350"}],"version-history":[{"count":9,"href":"https:\/\/paripesaapp.com\/no\/wp-json\/wp\/v2\/pages\/2350\/revisions"}],"predecessor-version":[{"id":4428,"href":"https:\/\/paripesaapp.com\/no\/wp-json\/wp\/v2\/pages\/2350\/revisions\/4428"}],"wp:attachment":[{"href":"https:\/\/paripesaapp.com\/no\/wp-json\/wp\/v2\/media?parent=2350"}],"curies":[{"name":"wp","href":"https:\/\/api.w.org\/{rel}","templated":true}]}}