{"id":2485,"date":"2024-05-20T12:56:10","date_gmt":"2024-05-20T09:56:10","guid":{"rendered":"https:\/\/paripesaapp.com\/withdraw\/"},"modified":"2025-01-15T17:42:54","modified_gmt":"2025-01-15T14:42:54","slug":"withdraw","status":"publish","type":"page","link":"https:\/\/paripesaapp.com\/no\/withdraw\/","title":{"rendered":"withdraw"},"content":{"rendered":"<section class=\"l-section wpb_row height_auto\"><div class=\"l-section-h i-cf\"><div class=\"g-cols vc_row via_grid cols_1 laptops-cols_inherit tablets-cols_inherit mobiles-cols_1 valign_top type_default stacking_default\"><div class=\"wpb_column vc_column_container\"><div class=\"vc_column-inner\"><nav class=\"g-breadcrumbs separator_icon align_none\" itemscope itemtype=\"http:\/\/schema.org\/BreadcrumbList\"><div class=\"g-breadcrumbs-item\" itemscope itemprop=\"itemListElement\" itemtype=\"http:\/\/schema.org\/ListItem\"><a itemprop=\"item\" href=\"https:\/\/paripesaapp.com\/no\/\"><span itemprop=\"name\">PariPesa Norge<\/span><\/a><meta itemprop=\"position\" content=\"1\"\/><\/div><div class=\"g-breadcrumbs-separator\"><i class=\"far fa-angle-right\"><\/i><\/div><div class=\"g-breadcrumbs-item\">Sider<\/div><\/nav><div class=\"w-separator size_custom\" style=\"height:30px\"><\/div><div id=\"ez-toc-container\" class=\"ez-toc-v2_0_71 counter-hierarchy ez-toc-counter ez-toc-grey ez-toc-container-direction\">\n<div class=\"ez-toc-title-container\">\n<p class=\"ez-toc-title\" style=\"cursor:inherit\">Innholdsfortegnelse<\/p>\n<span class=\"ez-toc-title-toggle\"><a href=\"#\" class=\"ez-toc-pull-right ez-toc-btn ez-toc-btn-xs ez-toc-btn-default ez-toc-toggle\" aria-label=\"Toggle Table of Content\"><span class=\"ez-toc-js-icon-con\"><span class=\"\"><span class=\"eztoc-hide\" style=\"display:none;\">Toggle<\/span><span class=\"ez-toc-icon-toggle-span\"><svg style=\"fill: #999;color:#999\" xmlns=\"http:\/\/www.w3.org\/2000\/svg\" class=\"list-377408\" width=\"20px\" height=\"20px\" viewBox=\"0 0 24 24\" fill=\"none\"><path d=\"M6 6H4v2h2V6zm14 0H8v2h12V6zM4 11h2v2H4v-2zm16 0H8v2h12v-2zM4 16h2v2H4v-2zm16 0H8v2h12v-2z\" fill=\"currentColor\"><\/path><\/svg><svg style=\"fill: #999;color:#999\" class=\"arrow-unsorted-368013\" xmlns=\"http:\/\/www.w3.org\/2000\/svg\" width=\"10px\" height=\"10px\" viewBox=\"0 0 24 24\" version=\"1.2\" baseProfile=\"tiny\"><path d=\"M18.2 9.3l-6.2-6.3-6.2 6.3c-.2.2-.3.4-.3.7s.1.5.3.7c.2.2.4.3.7.3h11c.3 0 .5-.1.7-.3.2-.2.3-.5.3-.7s-.1-.5-.3-.7zM5.8 14.7l6.2 6.3 6.2-6.3c.2-.2.3-.5.3-.7s-.1-.5-.3-.7c-.2-.2-.4-.3-.7-.3h-11c-.3 0-.5.1-.7.3-.2.2-.3.5-.3.7s.1.5.3.7z\"\/><\/svg><\/span><\/span><\/span><\/a><\/span><\/div>\n<nav><ul class='ez-toc-list ez-toc-list-level-1 ' ><li class='ez-toc-page-1 ez-toc-heading-level-1'><a class=\"ez-toc-link ez-toc-heading-1\" href=\"https:\/\/paripesaapp.com\/no\/withdraw\/#Paripesa_Uttak_av_Midler_%E2%80%93_Enkelt_og_Raskt_%F0%9F%93%B1\" title=\"Paripesa Uttak av Midler \u2013 Enkelt og Raskt \ud83d\udcf1\">Paripesa Uttak av Midler \u2013 Enkelt og Raskt \ud83d\udcf1<\/a><ul class='ez-toc-list-level-2' ><li class='ez-toc-heading-level-2'><a class=\"ez-toc-link ez-toc-heading-2\" href=\"https:\/\/paripesaapp.com\/no\/withdraw\/#Hvordan_ta_ut_penger_gjennom_Paripesa-appen\" title=\"Hvordan ta ut penger gjennom Paripesa-appen?\">Hvordan ta ut penger gjennom Paripesa-appen?<\/a><\/li><li class='ez-toc-page-1 ez-toc-heading-level-2'><a class=\"ez-toc-link ez-toc-heading-3\" href=\"https:\/\/paripesaapp.com\/no\/withdraw\/#Ofte_stilte_sporsmal\" title=\"Ofte stilte sp\u00f8rsm\u00e5l\">Ofte stilte sp\u00f8rsm\u00e5l<\/a><\/li><\/ul><\/li><\/ul><\/nav><\/div>\n<h1 class=\"w-text\"><span class=\"ez-toc-section\" id=\"Paripesa_Uttak_av_Midler_%E2%80%93_Enkelt_og_Raskt_%F0%9F%93%B1\"><\/span><span class=\"w-text-h\"><span class=\"w-text-value\">Paripesa Uttak av Midler \u2013 Enkelt og Raskt \ud83d\udcf1 <\/span><\/span><span class=\"ez-toc-section-end\"><\/span><\/h1><div class=\"w-separator size_custom\" style=\"height:30px\"><\/div><div class=\"wpb_text_column\"><div class=\"wpb_wrapper\"><p>Er du lei av \u00e5 vente p\u00e5 utbetalinger? Pr\u00f8v Paripesa-appen!<\/p>\n<p>Med <a href=\"\/no\/\">Paripesa<\/a>-appens bonusfunksjoner er det slutt p\u00e5 ventetid for utbetalinger og h\u00f8ye provisjoner. N\u00e5 kan du raskt og enkelt ta ut pengene dine direkte fra plattformen. F\u00f8lg en enkel registreringsprosess og nyt alle fordelene appen tilbyr.<\/p>\n<ul>\n<li>Opplev topp funksjonalitet:<\/li>\n<li>Betalinger i kryptovaluta: Raskt og sikkert.<\/li>\n<li>Sertifiserte sikkerhetsalgoritmer: Beskyttelse av dine data og transaksjoner.<\/li>\n<li>Over 100 spennende spill: Bredt utvalg for alle spillere.<\/li>\n<li>Flere betalingsalternativer: Tilpasset dine behov.<\/li>\n<\/ul>\n<p>Velkomstbonuser og spesialprogrammer: Start med ekstra fordeler.<br \/>\nGj\u00f8r deg klar til \u00e5 vinne \u2013 registrer deg i dag og f\u00e5 tilgang til Paripesa-appen for en premium spillopplevelse! \ud83c\udfb2<\/p>\n<p><span style=\"font-weight: 400;\"><picture class=\"size-full wp-image-2487 aligncenter\"><source srcset=\"https:\/\/paripesaapp.com\/wp-content\/uploads\/2024\/05\/W-norway.jpg.webp\" type=\"image\/webp\" \/><\/picture><picture class=\"size-full wp-image-2487 aligncenter\"><\/picture><\/span><\/p>\n<p><span style=\"font-weight: 400;\"><noscript><img loading=\"lazy\" decoding=\"async\" src=\"https:\/\/paripesaapp.com\/wp-content\/uploads\/2024\/05\/W-norway.jpg.webp\" alt=\"\u00f8yeblikkelig uttak p\u00e5 nettkasino\" width=\"900\" height=\"453\"\/><\/noscript><\/span><\/p>\n<p><img loading=\"lazy\" decoding=\"async\" class=\"aligncenter size-full wp-image-3707\" src=\"https:\/\/paripesaapp.com\/wp-content\/uploads\/2024\/08\/d2.jpg\" alt=\"withdraw\" width=\"900\" height=\"450\" srcset=\"https:\/\/paripesaapp.com\/wp-content\/uploads\/2024\/08\/d2.jpg 900w, https:\/\/paripesaapp.com\/wp-content\/uploads\/2024\/08\/d2-300x150.jpg 300w, https:\/\/paripesaapp.com\/wp-content\/uploads\/2024\/08\/d2-160x80.jpg 160w\" sizes=\"auto, (max-width: 900px) 100vw, 900px\" \/>Klar til \u00e5 vinne? Deretter oppretter du en konto og blir med oss.<\/p>\n<h2><span class=\"ez-toc-section\" id=\"Hvordan_ta_ut_penger_gjennom_Paripesa-appen\"><\/span>Hvordan ta ut penger gjennom Paripesa-appen?<span class=\"ez-toc-section-end\"><\/span><\/h2>\n<p>For \u00e5 gjennomf\u00f8re prosessen med \u00e5 ta ut penger fra kontoen ved \u00f8yeblikkelig uttak p\u00e5 nettkasino, m\u00e5 du gj\u00f8re f\u00f8lgende:<\/p>\n<table>\n<tbody>\n<tr>\n<td>Logg inn p\u00e5 applikasjonen eller plattformen<\/td>\n<td>Skriv inn mobilnummer, p\u00e5logging eller e-post.<\/td>\n<\/tr>\n<tr>\n<td>Sjekk tilgjengeligheten til uttaksbel\u00f8pet<\/td>\n<td>\u00c5pne saldoskjermbildet, der kontostatusen vises.<\/td>\n<\/tr>\n<tr>\n<td>Velg et uttaksalternativ<\/td>\n<td>Fullstendig uttak, delvis, standardbel\u00f8p.<\/td>\n<\/tr>\n<tr>\n<td>Angi detaljer for mottak av midler<\/td>\n<td>Et bankkort eller digital tjeneste for fiat, en kryptolommebok for kryptovaluta.<\/td>\n<\/tr>\n<tr>\n<td>Vent p\u00e5 p\u00e5melding<\/td>\n<td>Sjekk statusen til m\u00e5lkontoen. Transaksjonen er \u00f8yeblikkelig eller varer i noen minutter.<\/td>\n<\/tr>\n<\/tbody>\n<\/table>\n<p>Paripesa-appen er en plattform som lar deg raskt og enkelt motta gevinstene dine \u00abi hendene\u00bb. Det er ingen forventninger, h\u00f8ye avgifter eller minimumsgrenser.<\/p>\n<\/div><\/div><div class=\"w-separator size_custom\" style=\"height:30px\"><\/div><div class=\"w-btn-wrapper align_center\"><a class=\"w-btn us-btn-style_1 us_custom_c67b15c7\" href=\"https:\/\/combodef.com\/L?tag=d_4824592m_45569c_&amp;site=4824592&amp;ad=45569\"><span class=\"w-btn-label\">REGISTRERE<\/span><\/a><\/div><div class=\"w-separator size_custom\" style=\"height:30px\"><\/div><\/div><\/div><\/div><\/div><\/section><section class=\"l-section wpb_row height_auto\"><div class=\"l-section-h i-cf\"><div class=\"g-cols vc_row via_grid cols_1 laptops-cols_inherit tablets-cols_inherit mobiles-cols_1 valign_top type_default stacking_default\"><div class=\"wpb_column vc_column_container\"><div class=\"vc_column-inner\"><h2 class=\"w-text\"><span class=\"ez-toc-section\" id=\"Ofte_stilte_sporsmal\"><\/span><span class=\"w-text-h\"><span class=\"w-text-value\">Ofte stilte sp\u00f8rsm\u00e5l<\/span><\/span><span class=\"ez-toc-section-end\"><\/span><\/h2><div class=\"w-separator size_custom\" style=\"height:30px\"><\/div><div class=\"w-tabs style_default switch_click accordion has_scrolling\" style=\"--sections-title-size:inherit\"><div class=\"w-tabs-sections titles-align_none icon_chevron cpos_right\"><div class=\"w-tabs-section\" id=\"n475\"><button class=\"w-tabs-section-header\" aria-controls=\"content-n475\" aria-expanded=\"false\"><div class=\"w-tabs-section-title\">Hvor lenge m\u00e5 jeg vente p\u00e5 at gevinsten skal krediteres?<\/div><div class=\"w-tabs-section-control\"><\/div><\/button><div  class=\"w-tabs-section-content\" id=\"content-n475\"><div class=\"w-tabs-section-content-h i-cf\"><div class=\"wpb_text_column\"><div class=\"wpb_wrapper\"><p>\u00d8yeblikkelig uttak av nettcasino Paripesa app \u2013 det er n\u00e5r navnet taler for seg selv. Maksimal betalingsventeperiode er opptil 5 minutter fra plattformen. Den eneste mulige forsinkelsen er hastigheten p\u00e5 transaksjonsbehandlingen fra bankens side (i tilfelle av fiat-valutaer).<\/p>\n<\/div><\/div><\/div><\/div><\/div><div class=\"w-tabs-section\" id=\"z530\"><button class=\"w-tabs-section-header\" aria-controls=\"content-z530\" aria-expanded=\"false\"><div class=\"w-tabs-section-title\">Hvor kommer pengene, vunnet i kasinoet?<\/div><div class=\"w-tabs-section-control\"><\/div><\/button><div  class=\"w-tabs-section-content\" id=\"content-z530\"><div class=\"w-tabs-section-content-h i-cf\"><div class=\"wpb_text_column\"><div class=\"wpb_wrapper\"><p>Paripesa-appen lar deg ta ut penger til en lang rekke forskjellige betalingsplattformer, bankkontoer og kryptolommeb\u00f8ker med flere blokkjeder. Derfor kan du selvstendig velge detaljene, i henhold til hvilke du vil bli belastet \u00f8konomi fra gevinster i kasinoet.<\/p>\n<\/div><\/div><\/div><\/div><\/div><div class=\"w-tabs-section\" id=\"y5db\"><button class=\"w-tabs-section-header\" aria-controls=\"content-y5db\" aria-expanded=\"false\"><div class=\"w-tabs-section-title\">Kan jeg legge inn og skrive ut krypto?<\/div><div class=\"w-tabs-section-control\"><\/div><\/button><div  class=\"w-tabs-section-content\" id=\"content-y5db\"><div class=\"w-tabs-section-content-h i-cf\"><div class=\"wpb_text_column\"><div class=\"wpb_wrapper\"><p>Paripesa-appen er en av f\u00e5 plattformer som jobber direkte med kryptovalutaer og ulike blokkjeder. Her kan du velge token og nettverket som beregningen skal gj\u00f8res i. Midler vil bli sendt til deg umiddelbart og g\u00e5 inn p\u00e5 kontoen din umiddelbart etter at transaksjonen er bekreftet.<\/p>\n<\/div><\/div><\/div><\/div><\/div><div class=\"w-tabs-section\" id=\"p67e\"><button class=\"w-tabs-section-header\" aria-controls=\"content-p67e\" aria-expanded=\"false\"><div class=\"w-tabs-section-title\">Er det noen bonuser for nye spillere?<\/div><div class=\"w-tabs-section-control\"><\/div><\/button><div  class=\"w-tabs-section-content\" id=\"content-p67e\"><div class=\"w-tabs-section-content-h i-cf\"><div class=\"wpb_text_column\"><div class=\"wpb_wrapper\"><p>Paripesa-appen gir tilgang til ulike bonusprogrammer, for eksempel velkomstbonuser med tilleggsrente p\u00e5 kontoen. For hver transaksjon kan du ogs\u00e5 f\u00e5 +100 % cashback eller bytte \u00f8konomi for tilleggskurser, \u00f8kte koeffisienter osv.<\/p>\n<\/div><\/div><\/div><\/div><\/div><\/div><\/div><\/div><\/div><\/div><\/div><\/section>\n","protected":false},"excerpt":{"rendered":"PariPesa NorgeSiderParipesa Uttak av Midler \u2013 Enkelt og Raskt \ud83d\udcf1 Er du lei av \u00e5 vente p\u00e5 utbetalinger? Pr\u00f8v Paripesa-appen! Med Paripesa-appens bonusfunksjoner er det slutt p\u00e5 ventetid for utbetalinger og h\u00f8ye provisjoner. N\u00e5 kan du raskt og enkelt ta ut pengene dine direkte fra plattformen. F\u00f8lg en enkel registreringsprosess og nyt alle fordelene appen...","protected":false},"author":2,"featured_media":0,"parent":0,"menu_order":0,"comment_status":"closed","ping_status":"closed","template":"","meta":{"_sitemap_exclude":false,"_sitemap_priority":"","_sitemap_frequency":"","footnotes":""},"class_list":["post-2485","page","type-page","status-publish","hentry"],"acf":[],"yoast_head":"<!-- This site is optimized with the Yoast SEO plugin v24.0 - https:\/\/yoast.com\/wordpress\/plugins\/seo\/ -->\n<title>Paripesa Uttak av Midler | Rask og Sikker Overf\u00f8ring<\/title>\n<meta name=\"description\" content=\"Finn ut hvordan du gj\u00f8r uttak p\u00e5 Paripesa i Norge. Opplev raske og trygge metoder for \u00e5 f\u00e5 tilgang til gevinstene dine uten problemer.\" \/>\n<meta name=\"robots\" content=\"index, follow, max-snippet:-1, max-image-preview:large, max-video-preview:-1\" \/>\n<meta property=\"og:locale\" content=\"nb_NO\" \/>\n<meta property=\"og:type\" content=\"article\" \/>\n<meta property=\"og:url\" content=\"https:\/\/paripesaapp.com\/no\/withdraw\/\" \/>\n<meta property=\"og:site_name\" content=\"PariPesa App Last ned siste versjon for IOS Android\" \/>\n<meta property=\"article:modified_time\" content=\"2025-01-15T14:42:54+00:00\" \/>\n<meta property=\"og:image\" content=\"https:\/\/paripesaapp.com\/wp-content\/uploads\/2024\/05\/W-norway.jpg.webp\" \/>\n<meta name=\"twitter:label1\" content=\"Ansl. lesetid\" \/>\n\t<meta name=\"twitter:data1\" content=\"3 minutter\" \/>\n<script type=\"application\/ld+json\" class=\"yoast-schema-graph\">{\"@context\":\"https:\/\/schema.org\",\"@graph\":[{\"@type\":\"WebPage\",\"@id\":\"https:\/\/paripesaapp.com\/no\/withdraw\/\",\"url\":\"https:\/\/paripesaapp.com\/no\/withdraw\/\",\"name\":\"Paripesa Uttak av Midler | Rask og Sikker Overf\u00f8ring\",\"isPartOf\":{\"@id\":\"https:\/\/paripesaapp.com\/#website\"},\"primaryImageOfPage\":{\"@id\":\"https:\/\/paripesaapp.com\/no\/withdraw\/#primaryimage\"},\"image\":{\"@id\":\"https:\/\/paripesaapp.com\/no\/withdraw\/#primaryimage\"},\"thumbnailUrl\":\"https:\/\/paripesaapp.com\/wp-content\/uploads\/2024\/05\/W-norway.jpg.webp\",\"datePublished\":\"2024-05-20T09:56:10+00:00\",\"dateModified\":\"2025-01-15T14:42:54+00:00\",\"description\":\"Finn ut hvordan du gj\u00f8r uttak p\u00e5 Paripesa i Norge. Opplev raske og trygge metoder for \u00e5 f\u00e5 tilgang til gevinstene dine uten problemer.\",\"breadcrumb\":{\"@id\":\"https:\/\/paripesaapp.com\/no\/withdraw\/#breadcrumb\"},\"inLanguage\":\"nb-NO\",\"potentialAction\":[{\"@type\":\"ReadAction\",\"target\":[\"https:\/\/paripesaapp.com\/no\/withdraw\/\"]}]},{\"@type\":\"ImageObject\",\"inLanguage\":\"nb-NO\",\"@id\":\"https:\/\/paripesaapp.com\/no\/withdraw\/#primaryimage\",\"url\":\"https:\/\/paripesaapp.com\/wp-content\/uploads\/2024\/05\/W-norway.jpg.webp\",\"contentUrl\":\"https:\/\/paripesaapp.com\/wp-content\/uploads\/2024\/05\/W-norway.jpg.webp\"},{\"@type\":\"BreadcrumbList\",\"@id\":\"https:\/\/paripesaapp.com\/no\/withdraw\/#breadcrumb\",\"itemListElement\":[{\"@type\":\"ListItem\",\"position\":1,\"name\":\"Home\",\"item\":\"https:\/\/paripesaapp.com\/no\/\"},{\"@type\":\"ListItem\",\"position\":2,\"name\":\"withdraw\"}]},{\"@type\":\"WebSite\",\"@id\":\"https:\/\/paripesaapp.com\/#website\",\"url\":\"https:\/\/paripesaapp.com\/\",\"name\":\"PariPesa App Download Latest Version for IOS Android\",\"description\":\"\",\"publisher\":{\"@id\":\"https:\/\/paripesaapp.com\/#organization\"},\"inLanguage\":\"nb-NO\"},{\"@type\":\"Organization\",\"@id\":\"https:\/\/paripesaapp.com\/#organization\",\"name\":\"PariPesa App Download Latest Version for IOS Android\",\"url\":\"https:\/\/paripesaapp.com\/\",\"logo\":{\"@type\":\"ImageObject\",\"inLanguage\":\"nb-NO\",\"@id\":\"https:\/\/paripesaapp.com\/#\/schema\/logo\/image\/\",\"url\":\"https:\/\/paripesaapp.com\/wp-content\/uploads\/2024\/03\/logo-2.png\",\"contentUrl\":\"https:\/\/paripesaapp.com\/wp-content\/uploads\/2024\/03\/logo-2.png\",\"width\":463,\"height\":79,\"caption\":\"PariPesa App Download Latest Version for IOS Android\"},\"image\":{\"@id\":\"https:\/\/paripesaapp.com\/#\/schema\/logo\/image\/\"}}]}<\/script>\n<!-- \/ Yoast SEO plugin. -->","yoast_head_json":{"title":"Paripesa Uttak av Midler | Rask og Sikker Overf\u00f8ring","description":"Finn ut hvordan du gj\u00f8r uttak p\u00e5 Paripesa i Norge. Opplev raske og trygge metoder for \u00e5 f\u00e5 tilgang til gevinstene dine uten problemer.","robots":{"index":"index","follow":"follow","max-snippet":"max-snippet:-1","max-image-preview":"max-image-preview:large","max-video-preview":"max-video-preview:-1"},"og_locale":"nb_NO","og_type":"article","og_url":"https:\/\/paripesaapp.com\/no\/withdraw\/","og_site_name":"PariPesa App Last ned siste versjon for IOS Android","article_modified_time":"2025-01-15T14:42:54+00:00","og_image":[{"url":"https:\/\/paripesaapp.com\/wp-content\/uploads\/2024\/05\/W-norway.jpg.webp","type":"","width":"","height":""}],"twitter_misc":{"Ansl. lesetid":"3 minutter"},"schema":{"@context":"https:\/\/schema.org","@graph":[{"@type":"WebPage","@id":"https:\/\/paripesaapp.com\/no\/withdraw\/","url":"https:\/\/paripesaapp.com\/no\/withdraw\/","name":"Paripesa Uttak av Midler | Rask og Sikker Overf\u00f8ring","isPartOf":{"@id":"https:\/\/paripesaapp.com\/#website"},"primaryImageOfPage":{"@id":"https:\/\/paripesaapp.com\/no\/withdraw\/#primaryimage"},"image":{"@id":"https:\/\/paripesaapp.com\/no\/withdraw\/#primaryimage"},"thumbnailUrl":"https:\/\/paripesaapp.com\/wp-content\/uploads\/2024\/05\/W-norway.jpg.webp","datePublished":"2024-05-20T09:56:10+00:00","dateModified":"2025-01-15T14:42:54+00:00","description":"Finn ut hvordan du gj\u00f8r uttak p\u00e5 Paripesa i Norge. Opplev raske og trygge metoder for \u00e5 f\u00e5 tilgang til gevinstene dine uten problemer.","breadcrumb":{"@id":"https:\/\/paripesaapp.com\/no\/withdraw\/#breadcrumb"},"inLanguage":"nb-NO","potentialAction":[{"@type":"ReadAction","target":["https:\/\/paripesaapp.com\/no\/withdraw\/"]}]},{"@type":"ImageObject","inLanguage":"nb-NO","@id":"https:\/\/paripesaapp.com\/no\/withdraw\/#primaryimage","url":"https:\/\/paripesaapp.com\/wp-content\/uploads\/2024\/05\/W-norway.jpg.webp","contentUrl":"https:\/\/paripesaapp.com\/wp-content\/uploads\/2024\/05\/W-norway.jpg.webp"},{"@type":"BreadcrumbList","@id":"https:\/\/paripesaapp.com\/no\/withdraw\/#breadcrumb","itemListElement":[{"@type":"ListItem","position":1,"name":"Home","item":"https:\/\/paripesaapp.com\/no\/"},{"@type":"ListItem","position":2,"name":"withdraw"}]},{"@type":"WebSite","@id":"https:\/\/paripesaapp.com\/#website","url":"https:\/\/paripesaapp.com\/","name":"PariPesa App Download Latest Version for IOS Android","description":"","publisher":{"@id":"https:\/\/paripesaapp.com\/#organization"},"inLanguage":"nb-NO"},{"@type":"Organization","@id":"https:\/\/paripesaapp.com\/#organization","name":"PariPesa App Download Latest Version for IOS Android","url":"https:\/\/paripesaapp.com\/","logo":{"@type":"ImageObject","inLanguage":"nb-NO","@id":"https:\/\/paripesaapp.com\/#\/schema\/logo\/image\/","url":"https:\/\/paripesaapp.com\/wp-content\/uploads\/2024\/03\/logo-2.png","contentUrl":"https:\/\/paripesaapp.com\/wp-content\/uploads\/2024\/03\/logo-2.png","width":463,"height":79,"caption":"PariPesa App Download Latest Version for IOS Android"},"image":{"@id":"https:\/\/paripesaapp.com\/#\/schema\/logo\/image\/"}}]}},"_links":{"self":[{"href":"https:\/\/paripesaapp.com\/no\/wp-json\/wp\/v2\/pages\/2485","targetHints":{"allow":["GET"]}}],"collection":[{"href":"https:\/\/paripesaapp.com\/no\/wp-json\/wp\/v2\/pages"}],"about":[{"href":"https:\/\/paripesaapp.com\/no\/wp-json\/wp\/v2\/types\/page"}],"author":[{"embeddable":true,"href":"https:\/\/paripesaapp.com\/no\/wp-json\/wp\/v2\/users\/2"}],"replies":[{"embeddable":true,"href":"https:\/\/paripesaapp.com\/no\/wp-json\/wp\/v2\/comments?post=2485"}],"version-history":[{"count":6,"href":"https:\/\/paripesaapp.com\/no\/wp-json\/wp\/v2\/pages\/2485\/revisions"}],"predecessor-version":[{"id":4429,"href":"https:\/\/paripesaapp.com\/no\/wp-json\/wp\/v2\/pages\/2485\/revisions\/4429"}],"wp:attachment":[{"href":"https:\/\/paripesaapp.com\/no\/wp-json\/wp\/v2\/media?parent=2485"}],"curies":[{"name":"wp","href":"https:\/\/api.w.org\/{rel}","templated":true}]}}