{"id":2726,"date":"2024-05-21T11:47:54","date_gmt":"2024-05-21T08:47:54","guid":{"rendered":"https:\/\/paripesaapp.com\/bonus\/"},"modified":"2025-01-14T19:11:22","modified_gmt":"2025-01-14T16:11:22","slug":"bonus","status":"publish","type":"page","link":"https:\/\/paripesaapp.com\/no\/bonus\/","title":{"rendered":"bonus"},"content":{"rendered":"<section class=\"l-section wpb_row height_auto\"><div class=\"l-section-h i-cf\"><div class=\"g-cols vc_row via_grid cols_1 laptops-cols_inherit tablets-cols_inherit mobiles-cols_1 valign_top type_default stacking_default\"><div class=\"wpb_column vc_column_container\"><div class=\"vc_column-inner\"><nav class=\"g-breadcrumbs separator_icon align_none\" itemscope itemtype=\"http:\/\/schema.org\/BreadcrumbList\"><div class=\"g-breadcrumbs-item\" itemscope itemprop=\"itemListElement\" itemtype=\"http:\/\/schema.org\/ListItem\"><a itemprop=\"item\" href=\"https:\/\/paripesaapp.com\/no\/\"><span itemprop=\"name\">Paripesa Norge<\/span><\/a><meta itemprop=\"position\" content=\"1\"\/><\/div><div class=\"g-breadcrumbs-separator\"><i class=\"far fa-angle-right\"><\/i><\/div><div class=\"g-breadcrumbs-item\">Sider<\/div><\/nav><div class=\"w-separator size_custom\" style=\"height:30px\"><\/div><div id=\"ez-toc-container\" class=\"ez-toc-v2_0_71 counter-hierarchy ez-toc-counter ez-toc-grey ez-toc-container-direction\">\n<div class=\"ez-toc-title-container\">\n<p class=\"ez-toc-title\" style=\"cursor:inherit\">Innholdsfortegnelse<\/p>\n<span class=\"ez-toc-title-toggle\"><a href=\"#\" class=\"ez-toc-pull-right ez-toc-btn ez-toc-btn-xs ez-toc-btn-default ez-toc-toggle\" aria-label=\"Toggle Table of Content\"><span class=\"ez-toc-js-icon-con\"><span class=\"\"><span class=\"eztoc-hide\" style=\"display:none;\">Toggle<\/span><span class=\"ez-toc-icon-toggle-span\"><svg style=\"fill: #999;color:#999\" xmlns=\"http:\/\/www.w3.org\/2000\/svg\" class=\"list-377408\" width=\"20px\" height=\"20px\" viewBox=\"0 0 24 24\" fill=\"none\"><path d=\"M6 6H4v2h2V6zm14 0H8v2h12V6zM4 11h2v2H4v-2zm16 0H8v2h12v-2zM4 16h2v2H4v-2zm16 0H8v2h12v-2z\" fill=\"currentColor\"><\/path><\/svg><svg style=\"fill: #999;color:#999\" class=\"arrow-unsorted-368013\" xmlns=\"http:\/\/www.w3.org\/2000\/svg\" width=\"10px\" height=\"10px\" viewBox=\"0 0 24 24\" version=\"1.2\" baseProfile=\"tiny\"><path d=\"M18.2 9.3l-6.2-6.3-6.2 6.3c-.2.2-.3.4-.3.7s.1.5.3.7c.2.2.4.3.7.3h11c.3 0 .5-.1.7-.3.2-.2.3-.5.3-.7s-.1-.5-.3-.7zM5.8 14.7l6.2 6.3 6.2-6.3c.2-.2.3-.5.3-.7s-.1-.5-.3-.7c-.2-.2-.4-.3-.7-.3h-11c-.3 0-.5.1-.7.3-.2.2-.3.5-.3.7s.1.5.3.7z\"\/><\/svg><\/span><\/span><\/span><\/a><\/span><\/div>\n<nav><ul class='ez-toc-list ez-toc-list-level-1 ' ><li class='ez-toc-page-1 ez-toc-heading-level-1'><a class=\"ez-toc-link ez-toc-heading-1\" href=\"https:\/\/paripesaapp.com\/no\/bonus\/#Paripesa_Bonus_%E2%9C%A8_Maksimer_Dine_Gevinster_i_2025\" title=\"Paripesa Bonus \u2728 Maksimer Dine Gevinster i 2025\">Paripesa Bonus \u2728 Maksimer Dine Gevinster i 2025<\/a><ul class='ez-toc-list-level-2' ><li class='ez-toc-heading-level-2'><a class=\"ez-toc-link ez-toc-heading-2\" href=\"https:\/\/paripesaapp.com\/no\/bonus\/#De_beste_tilbudene_i_Paripesa-appen\" title=\"De beste tilbudene i Paripesa-appen\">De beste tilbudene i Paripesa-appen<\/a><ul class='ez-toc-list-level-3' ><li class='ez-toc-heading-level-3'><a class=\"ez-toc-link ez-toc-heading-3\" href=\"https:\/\/paripesaapp.com\/no\/bonus\/#Ubegrenset_antall_bonuser_med_Paripesa-appen\" title=\"Ubegrenset antall bonuser med Paripesa-appen\">Ubegrenset antall bonuser med Paripesa-appen<\/a><\/li><\/ul><\/li><li class='ez-toc-page-1 ez-toc-heading-level-2'><a class=\"ez-toc-link ez-toc-heading-4\" href=\"https:\/\/paripesaapp.com\/no\/bonus\/#Ofte_stilte_sporsmal\" title=\"Ofte stilte sp\u00f8rsm\u00e5l\">Ofte stilte sp\u00f8rsm\u00e5l<\/a><\/li><\/ul><\/li><\/ul><\/nav><\/div>\n<h1 class=\"w-text\"><span class=\"ez-toc-section\" id=\"Paripesa_Bonus_%E2%9C%A8_Maksimer_Dine_Gevinster_i_2025\"><\/span><span class=\"w-text-h\"><span class=\"w-text-value\">Paripesa Bonus \u2728 Maksimer Dine Gevinster i 2025<\/span><\/span><span class=\"ez-toc-section-end\"><\/span><\/h1><div class=\"w-separator size_custom\" style=\"height:30px\"><\/div><div class=\"wpb_text_column\"><div class=\"wpb_wrapper\"><p>Lei av \u00e5 bruke egne penger p\u00e5 gambling? Pr\u00f8v <a href=\"\/no\/\">Paripesa<\/a>-appen \u2013 et nettcasino som gir deg spennende bonuser, spillmuligheter og konkurransedyktige odds.<\/p>\n<p>Med Paripesa-appen f\u00e5r du muligheten til:<\/p>\n<ul>\n<li>F\u00e5 opptil 300 % av innskuddet ditt som en bonus.<\/li>\n<li>Bruke lokal valuta for enkel og smidig spilling.<\/li>\n<li>\u00d8ke inntektene dine ved \u00e5 dra nytte av akkumulatorspill.<\/li>\n<li>Konvertere bonuser til ekte penger du kan bruke eller ta ut.<\/li>\n<li>Trygt teste ut ulike spillstrategier uten risiko.<\/li>\n<\/ul>\n<p>Oppdag hvordan Paripesa kan revolusjonere spillopplevelsen din \u2013 bli med i dag og utnytt alle fordelene!<\/p>\n<p><span style=\"font-weight: 400;\"><picture class=\"aligncenter wp-image-2691 size-full\"><source srcset=\"https:\/\/paripesaapp.com\/wp-content\/uploads\/2024\/05\/\u0431\u043e\u043d\u0443\u0441.jpg.webp\" type=\"image\/webp\" \/><\/picture><img loading=\"lazy\" decoding=\"async\" class=\"size-full wp-image-3651 aligncenter\" src=\"https:\/\/paripesaapp.com\/wp-content\/uploads\/2024\/08\/4.jpg\" alt=\"online casino bonus\" width=\"900\" height=\"501\" srcset=\"https:\/\/paripesaapp.com\/wp-content\/uploads\/2024\/08\/4.jpg 900w, https:\/\/paripesaapp.com\/wp-content\/uploads\/2024\/08\/4-300x167.jpg 300w, https:\/\/paripesaapp.com\/wp-content\/uploads\/2024\/08\/4-144x80.jpg 144w\" sizes=\"auto, (max-width: 900px) 100vw, 900px\" \/><noscript><img loading=\"lazy\" decoding=\"async\" src=\"https:\/\/paripesaapp.com\/wp-content\/uploads\/2024\/05\/\u0431\u043e\u043d\u0443\u0441.jpg.webp\" alt=\"online kasino bonus tilbud\" width=\"1200\" height=\"410\"\/><\/noscript><\/span><\/p>\n<p>Dette er bare en liten del av det du f\u00e5r ved \u00e5 registrere deg p\u00e5 plattformen.<\/p>\n<h2><span class=\"ez-toc-section\" id=\"De_beste_tilbudene_i_Paripesa-appen\"><\/span>De beste tilbudene i Paripesa-appen<span class=\"ez-toc-section-end\"><\/span><\/h2>\n<p>Paripesa-appen tilbyr en rekke bonuser som gir deg fordeler og glede mens du spiller. Plattformen har et unikt bonusprogram for alle spillere, som inkluderer:<\/p>\n<ul>\n<li>Velkomstbonuser: F\u00e5 opptil 100 % cashback p\u00e5 innskudd opptil 1 000 NOK, sammen med gratisspinn og spillbonuser.<\/li>\n<li>Akkumulatorbonuser: \u00d8k gevinstene dine ved \u00e5 satse p\u00e5 kombinerte spill i utvalgte begivenheter.<\/li>\n<li>Kompensasjon for tap: Motta en prosentandel av dine tap tilbake etter en rekke uheldige spill.<\/li>\n<li>Prioriterte begivenheter: Nyt forbedrede odds og spesialfordeler for store sportsbegivenheter og turneringer.<\/li>\n<li>Regelmessige bonuser: Delta i daglige og ukentlige kampanjer som gir deg gratisspinn, cashback og eksklusive tilbud.<\/li>\n<\/ul>\n<h3><span class=\"ez-toc-section\" id=\"Ubegrenset_antall_bonuser_med_Paripesa-appen\"><\/span>Ubegrenset antall bonuser med Paripesa-appen<span class=\"ez-toc-section-end\"><\/span><\/h3>\n<p>Paripesa-appen er en nettcasino-app med uendelige muligheter for spillere som \u00f8nsker \u00e5 maksimere gevinstene sine. Plattformen tilbyr:<\/p>\n<ul>\n<li>M\u00e5nedlige kampanjer og ukentlige bonuser.<\/li>\n<li>Daglige aktiviteter med loddtrekninger og eksklusive tilbud.<\/li>\n<li>Cashback p\u00e5 innskudd og muligheter til \u00e5 multiplisere gevinstene dine.<\/li>\n<\/ul>\n<p>Vil du oppleve dette selv? Registrer deg i Paripesa-appen i dag og begynn \u00e5 tjene penger mens du nyter favorittspillene dine!<\/p>\n<\/div><\/div><div class=\"w-separator size_custom\" style=\"height:30px\"><\/div><div class=\"w-btn-wrapper align_center\"><a class=\"w-btn us-btn-style_1 us_custom_c67b15c7\" href=\"https:\/\/combodef.com\/L?tag=d_4824592m_45569c_&amp;site=4824592&amp;ad=45569\"><span class=\"w-btn-label\">REGISTRERE<\/span><\/a><\/div><div class=\"w-separator size_custom\" style=\"height:30px\"><\/div><h2 class=\"w-text\"><span class=\"ez-toc-section\" id=\"Ofte_stilte_sporsmal\"><\/span><span class=\"w-text-h\"><span class=\"w-text-value\">Ofte stilte sp\u00f8rsm\u00e5l<\/span><\/span><span class=\"ez-toc-section-end\"><\/span><\/h2><div class=\"w-separator size_custom\" style=\"height:30px\"><\/div><div class=\"w-tabs style_default switch_click accordion has_scrolling\" style=\"--sections-title-size:inherit\"><div class=\"w-tabs-sections titles-align_none icon_chevron cpos_right\"><div class=\"w-tabs-section\" id=\"a3ff\"><button class=\"w-tabs-section-header\" aria-controls=\"content-a3ff\" aria-expanded=\"false\"><div class=\"w-tabs-section-title\">Hvilken kampanjebonus b\u00f8r jeg stole p\u00e5?<\/div><div class=\"w-tabs-section-control\"><\/div><\/button><div  class=\"w-tabs-section-content\" id=\"content-a3ff\"><div class=\"w-tabs-section-content-h i-cf\"><div class=\"wpb_text_column\"><div class=\"wpb_wrapper\"><p>Paripesa-appen publiserer stadig nye koder, spesielt i lojalitetsprogrammet, som er tilgjengelige for alle registrerte spillere. Her kan du velge de beste tilbudene og l\u00f8nnsomt konvertere innskuddene dine til mye st\u00f8rre fond som du kan bruke til \u00e5 \u00f8ke inntekten.<\/p>\n<\/div><\/div><\/div><\/div><\/div><div class=\"w-tabs-section\" id=\"r48b\"><button class=\"w-tabs-section-header\" aria-controls=\"content-r48b\" aria-expanded=\"false\"><div class=\"w-tabs-section-title\">Hvor tar jeg den beste koden for registrering?<\/div><div class=\"w-tabs-section-control\"><\/div><\/button><div  class=\"w-tabs-section-content\" id=\"content-r48b\"><div class=\"w-tabs-section-content-h i-cf\"><div class=\"wpb_text_column\"><div class=\"wpb_wrapper\"><p>Paripesa-appen tilbyr stadig online casino bonustilbud, inkludert nye brukere. Bare start registreringsprosessen og motta en velkomstkode som garanterer et visst antall gratisspinn, opptil 100 % cashback og en rekke ekstra bonuser.<\/p>\n<\/div><\/div><\/div><\/div><\/div><div class=\"w-tabs-section\" id=\"w506\"><button class=\"w-tabs-section-header\" aria-controls=\"content-w506\" aria-expanded=\"false\"><div class=\"w-tabs-section-title\">Er det mulig \u00e5 konvertere velkomsttilbud til ekte penger?<\/div><div class=\"w-tabs-section-control\"><\/div><\/button><div  class=\"w-tabs-section-content\" id=\"content-w506\"><div class=\"w-tabs-section-content-h i-cf\"><div class=\"wpb_text_column\"><div class=\"wpb_wrapper\"><p>Paripesa-appen tillater konverteringer p\u00e5 tvers av kontoer. For dette b\u00f8r du f\u00e5 bonuser og spille p\u00e5 sport eller delta i andre aktiviteter p\u00e5 plattformen. Ved \u00e5 bruke ekstra penger, mottar du gevinster p\u00e5 en naturlig saldo og kan umiddelbart ta dem ut p\u00e5 en passende m\u00e5te.<\/p>\n<\/div><\/div><\/div><\/div><\/div><div class=\"w-tabs-section\" id=\"h57e\"><button class=\"w-tabs-section-header\" aria-controls=\"content-h57e\" aria-expanded=\"false\"><div class=\"w-tabs-section-title\">Hva f\u00e5r jeg som ny spiller?<\/div><div class=\"w-tabs-section-control\"><\/div><\/button><div  class=\"w-tabs-section-content\" id=\"content-h57e\"><div class=\"w-tabs-section-content-h i-cf\"><div class=\"wpb_text_column\"><div class=\"wpb_wrapper\"><p>Paripesa-appen setter pris p\u00e5 nye plattformmedlemmer og tilbyr flere bonusprogrammer for nykommere. Ja, du kan f\u00e5 et betydelig antall gratisspinn, cashback opp til innskuddsbel\u00f8pet, bedre odds og garantert deltakelse i lojalitetsprogrammet. Bare registrer en konto i systemet.<\/p>\n<\/div><\/div><\/div><\/div><\/div><\/div><\/div><\/div><\/div><\/div><\/div><\/section>\n","protected":false},"excerpt":{"rendered":"Paripesa NorgeSiderParipesa Bonus \u2728 Maksimer Dine Gevinster i 2025Lei av \u00e5 bruke egne penger p\u00e5 gambling? Pr\u00f8v Paripesa-appen \u2013 et nettcasino som gir deg spennende bonuser, spillmuligheter og konkurransedyktige odds. Med Paripesa-appen f\u00e5r du muligheten til: F\u00e5 opptil 300 % av innskuddet ditt som en bonus. Bruke lokal valuta for enkel og smidig spilling. \u00d8ke...","protected":false},"author":2,"featured_media":0,"parent":0,"menu_order":0,"comment_status":"closed","ping_status":"closed","template":"","meta":{"_sitemap_exclude":false,"_sitemap_priority":"","_sitemap_frequency":"","footnotes":""},"class_list":["post-2726","page","type-page","status-publish","hentry"],"acf":[],"yoast_head":"<!-- This site is optimized with the Yoast SEO plugin v24.0 - https:\/\/yoast.com\/wordpress\/plugins\/seo\/ -->\n<title>Paripesa Bonus | Eksklusive Tilbud for Betting og Casino<\/title>\n<meta name=\"description\" content=\"Oppdag Paripesa bonuser i Norge. Dra nytte av velkomstbonuser, gratisspinn og kampanjer for \u00e5 forbedre din betting- og casinoopplevelse.\" \/>\n<meta name=\"robots\" content=\"index, follow, max-snippet:-1, max-image-preview:large, max-video-preview:-1\" \/>\n<meta property=\"og:locale\" content=\"nb_NO\" \/>\n<meta property=\"og:type\" content=\"article\" \/>\n<meta property=\"og:url\" content=\"https:\/\/paripesaapp.com\/no\/bonus\/\" \/>\n<meta property=\"og:site_name\" content=\"PariPesa App Last ned siste versjon for IOS Android\" \/>\n<meta property=\"article:modified_time\" content=\"2025-01-14T16:11:22+00:00\" \/>\n<meta property=\"og:image\" content=\"https:\/\/paripesaapp.com\/wp-content\/uploads\/2024\/08\/4.jpg\" \/>\n\t<meta property=\"og:image:width\" content=\"900\" \/>\n\t<meta property=\"og:image:height\" content=\"501\" \/>\n\t<meta property=\"og:image:type\" content=\"image\/jpeg\" \/>\n<meta name=\"twitter:label1\" content=\"Ansl. lesetid\" \/>\n\t<meta name=\"twitter:data1\" content=\"3 minutter\" \/>\n<script type=\"application\/ld+json\" class=\"yoast-schema-graph\">{\"@context\":\"https:\/\/schema.org\",\"@graph\":[{\"@type\":\"WebPage\",\"@id\":\"https:\/\/paripesaapp.com\/no\/bonus\/\",\"url\":\"https:\/\/paripesaapp.com\/no\/bonus\/\",\"name\":\"Paripesa Bonus | Eksklusive Tilbud for Betting og Casino\",\"isPartOf\":{\"@id\":\"https:\/\/paripesaapp.com\/#website\"},\"primaryImageOfPage\":{\"@id\":\"https:\/\/paripesaapp.com\/no\/bonus\/#primaryimage\"},\"image\":{\"@id\":\"https:\/\/paripesaapp.com\/no\/bonus\/#primaryimage\"},\"thumbnailUrl\":\"https:\/\/paripesaapp.com\/wp-content\/uploads\/2024\/08\/4.jpg\",\"datePublished\":\"2024-05-21T08:47:54+00:00\",\"dateModified\":\"2025-01-14T16:11:22+00:00\",\"description\":\"Oppdag Paripesa bonuser i Norge. Dra nytte av velkomstbonuser, gratisspinn og kampanjer for \u00e5 forbedre din betting- og casinoopplevelse.\",\"breadcrumb\":{\"@id\":\"https:\/\/paripesaapp.com\/no\/bonus\/#breadcrumb\"},\"inLanguage\":\"nb-NO\",\"potentialAction\":[{\"@type\":\"ReadAction\",\"target\":[\"https:\/\/paripesaapp.com\/no\/bonus\/\"]}]},{\"@type\":\"ImageObject\",\"inLanguage\":\"nb-NO\",\"@id\":\"https:\/\/paripesaapp.com\/no\/bonus\/#primaryimage\",\"url\":\"https:\/\/paripesaapp.com\/wp-content\/uploads\/2024\/08\/4.jpg\",\"contentUrl\":\"https:\/\/paripesaapp.com\/wp-content\/uploads\/2024\/08\/4.jpg\"},{\"@type\":\"BreadcrumbList\",\"@id\":\"https:\/\/paripesaapp.com\/no\/bonus\/#breadcrumb\",\"itemListElement\":[{\"@type\":\"ListItem\",\"position\":1,\"name\":\"Home\",\"item\":\"https:\/\/paripesaapp.com\/no\/\"},{\"@type\":\"ListItem\",\"position\":2,\"name\":\"bonus\"}]},{\"@type\":\"WebSite\",\"@id\":\"https:\/\/paripesaapp.com\/#website\",\"url\":\"https:\/\/paripesaapp.com\/\",\"name\":\"PariPesa App Download Latest Version for IOS Android\",\"description\":\"\",\"publisher\":{\"@id\":\"https:\/\/paripesaapp.com\/#organization\"},\"inLanguage\":\"nb-NO\"},{\"@type\":\"Organization\",\"@id\":\"https:\/\/paripesaapp.com\/#organization\",\"name\":\"PariPesa App Download Latest Version for IOS Android\",\"url\":\"https:\/\/paripesaapp.com\/\",\"logo\":{\"@type\":\"ImageObject\",\"inLanguage\":\"nb-NO\",\"@id\":\"https:\/\/paripesaapp.com\/#\/schema\/logo\/image\/\",\"url\":\"https:\/\/paripesaapp.com\/wp-content\/uploads\/2024\/03\/logo-2.png\",\"contentUrl\":\"https:\/\/paripesaapp.com\/wp-content\/uploads\/2024\/03\/logo-2.png\",\"width\":463,\"height\":79,\"caption\":\"PariPesa App Download Latest Version for IOS Android\"},\"image\":{\"@id\":\"https:\/\/paripesaapp.com\/#\/schema\/logo\/image\/\"}}]}<\/script>\n<!-- \/ Yoast SEO plugin. -->","yoast_head_json":{"title":"Paripesa Bonus | Eksklusive Tilbud for Betting og Casino","description":"Oppdag Paripesa bonuser i Norge. Dra nytte av velkomstbonuser, gratisspinn og kampanjer for \u00e5 forbedre din betting- og casinoopplevelse.","robots":{"index":"index","follow":"follow","max-snippet":"max-snippet:-1","max-image-preview":"max-image-preview:large","max-video-preview":"max-video-preview:-1"},"og_locale":"nb_NO","og_type":"article","og_url":"https:\/\/paripesaapp.com\/no\/bonus\/","og_site_name":"PariPesa App Last ned siste versjon for IOS Android","article_modified_time":"2025-01-14T16:11:22+00:00","og_image":[{"width":900,"height":501,"url":"https:\/\/paripesaapp.com\/wp-content\/uploads\/2024\/08\/4.jpg","type":"image\/jpeg"}],"twitter_misc":{"Ansl. lesetid":"3 minutter"},"schema":{"@context":"https:\/\/schema.org","@graph":[{"@type":"WebPage","@id":"https:\/\/paripesaapp.com\/no\/bonus\/","url":"https:\/\/paripesaapp.com\/no\/bonus\/","name":"Paripesa Bonus | Eksklusive Tilbud for Betting og Casino","isPartOf":{"@id":"https:\/\/paripesaapp.com\/#website"},"primaryImageOfPage":{"@id":"https:\/\/paripesaapp.com\/no\/bonus\/#primaryimage"},"image":{"@id":"https:\/\/paripesaapp.com\/no\/bonus\/#primaryimage"},"thumbnailUrl":"https:\/\/paripesaapp.com\/wp-content\/uploads\/2024\/08\/4.jpg","datePublished":"2024-05-21T08:47:54+00:00","dateModified":"2025-01-14T16:11:22+00:00","description":"Oppdag Paripesa bonuser i Norge. Dra nytte av velkomstbonuser, gratisspinn og kampanjer for \u00e5 forbedre din betting- og casinoopplevelse.","breadcrumb":{"@id":"https:\/\/paripesaapp.com\/no\/bonus\/#breadcrumb"},"inLanguage":"nb-NO","potentialAction":[{"@type":"ReadAction","target":["https:\/\/paripesaapp.com\/no\/bonus\/"]}]},{"@type":"ImageObject","inLanguage":"nb-NO","@id":"https:\/\/paripesaapp.com\/no\/bonus\/#primaryimage","url":"https:\/\/paripesaapp.com\/wp-content\/uploads\/2024\/08\/4.jpg","contentUrl":"https:\/\/paripesaapp.com\/wp-content\/uploads\/2024\/08\/4.jpg"},{"@type":"BreadcrumbList","@id":"https:\/\/paripesaapp.com\/no\/bonus\/#breadcrumb","itemListElement":[{"@type":"ListItem","position":1,"name":"Home","item":"https:\/\/paripesaapp.com\/no\/"},{"@type":"ListItem","position":2,"name":"bonus"}]},{"@type":"WebSite","@id":"https:\/\/paripesaapp.com\/#website","url":"https:\/\/paripesaapp.com\/","name":"PariPesa App Download Latest Version for IOS Android","description":"","publisher":{"@id":"https:\/\/paripesaapp.com\/#organization"},"inLanguage":"nb-NO"},{"@type":"Organization","@id":"https:\/\/paripesaapp.com\/#organization","name":"PariPesa App Download Latest Version for IOS Android","url":"https:\/\/paripesaapp.com\/","logo":{"@type":"ImageObject","inLanguage":"nb-NO","@id":"https:\/\/paripesaapp.com\/#\/schema\/logo\/image\/","url":"https:\/\/paripesaapp.com\/wp-content\/uploads\/2024\/03\/logo-2.png","contentUrl":"https:\/\/paripesaapp.com\/wp-content\/uploads\/2024\/03\/logo-2.png","width":463,"height":79,"caption":"PariPesa App Download Latest Version for IOS Android"},"image":{"@id":"https:\/\/paripesaapp.com\/#\/schema\/logo\/image\/"}}]}},"_links":{"self":[{"href":"https:\/\/paripesaapp.com\/no\/wp-json\/wp\/v2\/pages\/2726","targetHints":{"allow":["GET"]}}],"collection":[{"href":"https:\/\/paripesaapp.com\/no\/wp-json\/wp\/v2\/pages"}],"about":[{"href":"https:\/\/paripesaapp.com\/no\/wp-json\/wp\/v2\/types\/page"}],"author":[{"embeddable":true,"href":"https:\/\/paripesaapp.com\/no\/wp-json\/wp\/v2\/users\/2"}],"replies":[{"embeddable":true,"href":"https:\/\/paripesaapp.com\/no\/wp-json\/wp\/v2\/comments?post=2726"}],"version-history":[{"count":8,"href":"https:\/\/paripesaapp.com\/no\/wp-json\/wp\/v2\/pages\/2726\/revisions"}],"predecessor-version":[{"id":4424,"href":"https:\/\/paripesaapp.com\/no\/wp-json\/wp\/v2\/pages\/2726\/revisions\/4424"}],"wp:attachment":[{"href":"https:\/\/paripesaapp.com\/no\/wp-json\/wp\/v2\/media?parent=2726"}],"curies":[{"name":"wp","href":"https:\/\/api.w.org\/{rel}","templated":true}]}}