{"id":4669,"date":"2024-05-17T15:02:55","date_gmt":"2024-05-17T12:02:55","guid":{"rendered":"https:\/\/paripesaapp.com\/"},"modified":"2025-10-27T14:23:37","modified_gmt":"2025-10-27T11:23:37","slug":"apk","status":"publish","type":"page","link":"https:\/\/paripesaapp.com\/pl\/apk\/","title":{"rendered":"apk"},"content":{"rendered":"<section class=\"l-section wpb_row us_custom_f8f95f86 height_auto\"><div class=\"l-section-h i-cf\"><div class=\"g-cols vc_row via_grid cols_1 laptops-cols_inherit tablets-cols_inherit mobiles-cols_1 valign_top type_default stacking_default\"><div class=\"wpb_column vc_column_container\"><div class=\"vc_column-inner\"><nav class=\"g-breadcrumbs separator_icon align_none\" itemscope itemtype=\"http:\/\/schema.org\/BreadcrumbList\"><div class=\"g-breadcrumbs-item\" itemscope itemprop=\"itemListElement\" itemtype=\"http:\/\/schema.org\/ListItem\"><a itemprop=\"item\" href=\"https:\/\/paripesaapp.com\/pl\/\"><span itemprop=\"name\">Paripesa India<\/span><\/a><meta itemprop=\"position\" content=\"1\"\/><\/div><div class=\"g-breadcrumbs-separator\"><i class=\"far fa-angle-right\"><\/i><\/div><div class=\"g-breadcrumbs-item\">Strony<\/div><\/nav><div class=\"w-separator size_custom\" style=\"height:30px\"><\/div><div class=\"wpb_text_column\"><div class=\"wpb_wrapper\"><div id=\"ez-toc-container\" class=\"ez-toc-v2_0_71 counter-hierarchy ez-toc-counter ez-toc-grey ez-toc-container-direction\">\n<div class=\"ez-toc-title-container\">\n<p class=\"ez-toc-title\" style=\"cursor:inherit\">Spis tre\u015bci<\/p>\n<span class=\"ez-toc-title-toggle\"><a href=\"#\" class=\"ez-toc-pull-right ez-toc-btn ez-toc-btn-xs ez-toc-btn-default ez-toc-toggle\" aria-label=\"Toggle Table of Content\"><span class=\"ez-toc-js-icon-con\"><span class=\"\"><span class=\"eztoc-hide\" style=\"display:none;\">Toggle<\/span><span class=\"ez-toc-icon-toggle-span\"><svg style=\"fill: #999;color:#999\" xmlns=\"http:\/\/www.w3.org\/2000\/svg\" class=\"list-377408\" width=\"20px\" height=\"20px\" viewBox=\"0 0 24 24\" fill=\"none\"><path d=\"M6 6H4v2h2V6zm14 0H8v2h12V6zM4 11h2v2H4v-2zm16 0H8v2h12v-2zM4 16h2v2H4v-2zm16 0H8v2h12v-2z\" fill=\"currentColor\"><\/path><\/svg><svg style=\"fill: #999;color:#999\" class=\"arrow-unsorted-368013\" xmlns=\"http:\/\/www.w3.org\/2000\/svg\" width=\"10px\" height=\"10px\" viewBox=\"0 0 24 24\" version=\"1.2\" baseProfile=\"tiny\"><path d=\"M18.2 9.3l-6.2-6.3-6.2 6.3c-.2.2-.3.4-.3.7s.1.5.3.7c.2.2.4.3.7.3h11c.3 0 .5-.1.7-.3.2-.2.3-.5.3-.7s-.1-.5-.3-.7zM5.8 14.7l6.2 6.3 6.2-6.3c.2-.2.3-.5.3-.7s-.1-.5-.3-.7c-.2-.2-.4-.3-.7-.3h-11c-.3 0-.5.1-.7.3-.2.2-.3.5-.3.7s.1.5.3.7z\"\/><\/svg><\/span><\/span><\/span><\/a><\/span><\/div>\n<nav><ul class='ez-toc-list ez-toc-list-level-1 ' ><li class='ez-toc-page-1 ez-toc-heading-level-1'><a class=\"ez-toc-link ez-toc-heading-1\" href=\"https:\/\/paripesaapp.com\/pl\/apk\/#Paripesa_APK_%E2%80%93_pobierz_najnowsza_wersje_dla_gry_na_Androidzie\" title=\"Paripesa APK \u2013 pobierz najnowsz\u0105 wersj\u0119 dla gry na Androidzie\">Paripesa APK \u2013 pobierz najnowsz\u0105 wersj\u0119 dla gry na Androidzie<\/a><ul class='ez-toc-list-level-2' ><li class='ez-toc-heading-level-2'><a class=\"ez-toc-link ez-toc-heading-2\" href=\"https:\/\/paripesaapp.com\/pl\/apk\/#Paripesa_%E2%80%93_dlaczego_warto_pobrac_aplikacje_na_Androida\" title=\"Paripesa \u2013 dlaczego warto pobra\u0107 aplikacj\u0119 na Androida?\">Paripesa \u2013 dlaczego warto pobra\u0107 aplikacj\u0119 na Androida?<\/a><\/li><li class='ez-toc-page-1 ez-toc-heading-level-2'><a class=\"ez-toc-link ez-toc-heading-3\" href=\"https:\/\/paripesaapp.com\/pl\/apk\/#Kompatybilnosc_urzadzen_i_wymagania_systemowe\" title=\"Kompatybilno\u015b\u0107 urz\u0105dze\u0144 i wymagania systemowe\">Kompatybilno\u015b\u0107 urz\u0105dze\u0144 i wymagania systemowe<\/a><\/li><li class='ez-toc-page-1 ez-toc-heading-level-2'><a class=\"ez-toc-link ez-toc-heading-4\" href=\"https:\/\/paripesaapp.com\/pl\/apk\/#Czy_Twoje_urzadzenie_jest_kompatybilne_z_file_APK\" title=\"Czy Twoje urz\u0105dzenie jest kompatybilne z file APK?\">Czy Twoje urz\u0105dzenie jest kompatybilne z file APK?<\/a><\/li><li class='ez-toc-page-1 ez-toc-heading-level-2'><a class=\"ez-toc-link ez-toc-heading-5\" href=\"https:\/\/paripesaapp.com\/pl\/apk\/#Najczesciej_zadawane_pytania_dotyczace_pliku_APK\" title=\"Najcz\u0119\u015bciej zadawane pytania dotycz\u0105ce pliku APK\">Najcz\u0119\u015bciej zadawane pytania dotycz\u0105ce pliku APK<\/a><\/li><\/ul><\/li><\/ul><\/nav><\/div>\n<h1 style=\"text-align: center;\"><span class=\"ez-toc-section\" id=\"Paripesa_APK_%E2%80%93_pobierz_najnowsza_wersje_dla_gry_na_Androidzie\"><\/span>Paripesa APK \u2013 pobierz najnowsz\u0105 wersj\u0119 dla gry na Androidzie<span class=\"ez-toc-section-end\"><\/span><\/h1>\n<p>Masz Androida? Dzi\u0119ki plikowi <a href=\"\/pl\/\">Paripesa<\/a> APK zainstalujesz aplikacj\u0119 mobiln\u0105 w kilku krokach. Jest to najlepszy spos\u00f3b, aby szybko uzyska\u0107 dost\u0119p do zak\u0142ad\u00f3w sportowych i gier kasynowych na swoich smartfonach. Dlaczego jest to wa\u017cne? Ze wzgl\u0119du na polityk\u0119 Google, oficjalne aplikacje wielu bukmacher\u00f3w online, w tym Paripesa, nie s\u0105 dost\u0119pne w ich sklepie.<br \/>\nZnaczenie pliku APK polega na tym, \u017ce umo\u017cliwia on u\u017cytkownikom systemu Android zainstalowanie aplikacji Paripesa bez po\u015brednictwa Google Play. Je\u015bli interesuje Ci\u0119 szybka instalacja, wpisz w wyszukiwark\u0119 Paripesa APK pobierz najnowsz\u0105 wersj\u0119, aby mie\u0107 pewno\u015b\u0107, \u017ce korzystasz z aktualnego i bezpiecznego pliku.<br \/>\nAplikacja mobilna Paripesa ma wiele zalet, z kt\u00f3rych najwa\u017cniejsza to natychmiastowy dost\u0119p do zak\u0142ad\u00f3w bukmacherskich i gier kasynowych. Aby zacz\u0105\u0107 gra\u0107 w swoje ulubione sloty, otw\u00f3rz plik APK i zainstaluj aplikacj\u0119 bezpo\u015brednio na swoim urz\u0105dzeniu.<\/p>\n<h2 style=\"text-align: center;\"><span class=\"ez-toc-section\" id=\"Paripesa_%E2%80%93_dlaczego_warto_pobrac_aplikacje_na_Androida\"><\/span>Paripesa \u2013 dlaczego warto pobra\u0107 aplikacj\u0119 na Androida?<span class=\"ez-toc-section-end\"><\/span><\/h2>\n<p>Je\u015bli lubisz mie\u0107 kontrol\u0119 i chcesz mie\u0107 najlepsze wra\u017cenia z gry na swojej ulubionej platformie hazardowej, Paripesa APK b\u0119dzie dla Ciebie idealnym rozwi\u0105zaniem. Co sprawia, \u017ce naprawd\u0119 warto z niej korzysta\u0107?<\/p>\n<ul>\n<li>Dost\u0119p do ekskluzywnych funkcji \u2013 otrzymuj bonusy za pobranie aplikacji, na przyk\u0142ad dodatkowe kody bonusowe i specjalne promocje, kt\u00f3re nie s\u0105 dost\u0119pne podczas korzystania ze zwyk\u0142ej przegl\u0105darki;<\/li>\n<li>Instalacja offline \u2013 pobierz plik APK online, aby go zainstalowa\u0107 w dowolnym momencie, nawet je\u015bli nie masz po\u0142\u0105czenia z Wi-Fi;<\/li>\n<li>Szybsze aktualizacje \u2013 nie jeste\u015b zwi\u0105zany zasadami Google Play, wi\u0119c mo\u017cesz r\u0119cznie zaktualizowa\u0107 file APK, gdy tylko pojawi si\u0119 nowa wersja;<\/li>\n<li>Lepsza wydajno\u015b\u0107 \u2013 aplikacja dzia\u0142a szybciej ni\u017c wersja internetowa, a \u0142adowanie gier zajmuje o wiele mniej czasu.<\/li>\n<\/ul>\n<p>Paripesa APK pobiera\u0107 nale\u017cy bezpo\u015brednio z oficjalnej strony wirtualnego kasyna. Dzi\u0119ki temu b\u0119dziesz mia\u0142 pewno\u015b\u0107, \u017ce plik jest bezpieczny i wolny od wirus\u00f3w.<\/p>\n<picture class=\"aligncenter wp-image-4440 size-full\"><source srcset=\"https:\/\/paripesaapp.com\/wp-content\/uploads\/2025\/02\/paripesa_apk-removebg-preview.png.webp\" type=\"image\/webp\" \/><\/picture><picture class=\"aligncenter wp-image-4440 size-full\"><img loading=\"lazy\" decoding=\"async\" class=\"aligncenter\" src=\"https:\/\/paripesaapp.com\/wp-content\/uploads\/2025\/02\/paripesa_apk-removebg-preview.png.webp\" alt=\"paripesa apk\" width=\"605\" height=\"412\" \/><\/picture>\n<h2 style=\"text-align: center;\"><span class=\"ez-toc-section\" id=\"Kompatybilnosc_urzadzen_i_wymagania_systemowe\"><\/span>Kompatybilno\u015b\u0107 urz\u0105dze\u0144 i wymagania systemowe<span class=\"ez-toc-section-end\"><\/span><\/h2>\n<p>Zanim pobierzesz najnowsz\u0105 wersj\u0119 Paripesa APK, nale\u017cy upewni\u0107 si\u0119, \u017ce smartfon spe\u0142nia podstawowe wymagania techniczne. Dzi\u0119ki temu aplikacja b\u0119dzie dzia\u0142a\u0107 p\u0142ynnie i bez \u017cadnych problem\u00f3w. To r\u00f3wnie\u017c pozwala unikn\u0105\u0107 b\u0142\u0119d\u00f3w podczas instalacji oraz ewentualnych problem\u00f3w z wydajno\u015bci\u0105 podczas u\u017cytkowania.<\/p>\n<h2 style=\"text-align: center;\"><span class=\"ez-toc-section\" id=\"Czy_Twoje_urzadzenie_jest_kompatybilne_z_file_APK\"><\/span>Czy Twoje urz\u0105dzenie jest kompatybilne z file APK?<span class=\"ez-toc-section-end\"><\/span><\/h2>\n<p>Zanim przyst\u0105pisz do instalacji aplikacji Paripesa, warto upewni\u0107 si\u0119, \u017ce Twoje urz\u0105dzenie przeno\u015bne spe\u0142nia wymagania techniczne. Na szcz\u0119\u015bcie wi\u0119kszo\u015b\u0107 wsp\u00f3\u0142czesnych modeli smartfon\u00f3w poradzi sobie bez \u017cadnych problem\u00f3w.<\/p>\n<table>\n<tbody>\n<tr>\n<td><span style=\"font-weight: 400;\">Minimalna wersja systemu operacyjnego Android<\/span><\/td>\n<td><span style=\"font-weight: 400;\">Android 5.0 lub nowszy<\/span><\/td>\n<\/tr>\n<tr>\n<td><span style=\"font-weight: 400;\">Wymagania dotycz\u0105ce pami\u0119ci masowej dla p\u0142ynnego dzia\u0142ania<\/span><\/td>\n<td><span style=\"font-weight: 400;\">Co najmniej 100 MB<\/span><\/td>\n<\/tr>\n<tr>\n<td><span style=\"font-weight: 400;\">Procesor \/ pami\u0119\u0107 RAM<\/span><\/td>\n<td><span style=\"font-weight: 400;\">1,2 GHz, 1 GB RAM lub wi\u0119cej<\/span><\/td>\n<\/tr>\n<tr>\n<td><span style=\"font-weight: 400;\">Typ pliku<\/span><\/td>\n<td><span style=\"font-weight: 400;\">.apk (czasami <\/span><span style=\"font-weight: 400;\">plik ZIP do APK<\/span><span style=\"font-weight: 400;\">)<\/span><\/td>\n<\/tr>\n<tr>\n<td><span style=\"font-weight: 400;\">Obs\u0142ugiwane marki urz\u0105dze\u0144<\/span><\/td>\n<td>\n<ul>\n<li style=\"font-weight: 400;\" aria-level=\"1\"><span style=\"font-weight: 400;\">Samsung<\/span><\/li>\n<li style=\"font-weight: 400;\" aria-level=\"1\"><span style=\"font-weight: 400;\">Xiaomi<\/span><\/li>\n<li style=\"font-weight: 400;\" aria-level=\"1\"><span style=\"font-weight: 400;\">Huawei<\/span><\/li>\n<li style=\"font-weight: 400;\" aria-level=\"1\"><span style=\"font-weight: 400;\">Oppo<\/span><\/li>\n<li style=\"font-weight: 400;\" aria-level=\"1\"><span style=\"font-weight: 400;\">Realme<\/span><\/li>\n<li style=\"font-weight: 400;\" aria-level=\"1\"><span style=\"font-weight: 400;\">Motorola<\/span><\/li>\n<li style=\"font-weight: 400;\" aria-level=\"1\"><span style=\"font-weight: 400;\">Vivo<\/span><\/li>\n<li style=\"font-weight: 400;\" aria-level=\"1\"><span style=\"font-weight: 400;\">OnePlus<\/span><\/li>\n<li style=\"font-weight: 400;\" aria-level=\"1\"><span style=\"font-weight: 400;\">Sony<\/span><\/li>\n<li style=\"font-weight: 400;\" aria-level=\"1\"><span style=\"font-weight: 400;\">LG<\/span><\/li>\n<\/ul>\n<\/td>\n<\/tr>\n<\/tbody>\n<\/table>\n<p>Dzi\u0119ki tym niewielkim wymaganiom technicznym wi\u0119kszo\u015b\u0107 nowoczesnych smartfon\u00f3w poradzi sobie z obs\u0142ug\u0105 aplikacji bez \u017cadnych problem\u00f3w. Je\u015bli spe\u0142niasz powy\u017csze kryteria, po prostu otw\u00f3rz plik APK, a Paripesa uruchomi si\u0119 i pozwoli Ci cieszy\u0107 si\u0119 gr\u0105 bez zak\u0142\u00f3ce\u0144.<\/p>\n<\/div><\/div><div class=\"w-separator size_custom\" style=\"height:15px\"><\/div><div class=\"w-btn-wrapper align_center\"><a class=\"w-btn us-btn-style_1 us_custom_c67b15c7\" href=\"https:\/\/combodef.com\/L?tag=d_4824592m_45569c_&amp;site=4824592&amp;ad=45569\"><span class=\"w-btn-label\">Pobiera\u0107 APK<\/span><\/a><\/div><div class=\"w-separator size_custom\" style=\"height:15px\"><\/div><\/div><\/div><\/div><\/div><\/section><section class=\"l-section wpb_row height_auto\"><div class=\"l-section-h i-cf\"><div class=\"g-cols vc_row via_grid cols_1 laptops-cols_inherit tablets-cols_inherit mobiles-cols_1 valign_top type_default stacking_default\"><div class=\"wpb_column vc_column_container\"><div class=\"vc_column-inner\"><h2 class=\"w-text us_custom_eb849559\"><span class=\"ez-toc-section\" id=\"Najczesciej_zadawane_pytania_dotyczace_pliku_APK\"><\/span><span class=\"w-text-h\"><span class=\"w-text-value\">Najcz\u0119\u015bciej zadawane pytania dotycz\u0105ce pliku APK<\/span><\/span><span class=\"ez-toc-section-end\"><\/span><\/h2><div class=\"w-separator size_custom\" style=\"height:15px\"><\/div><div class=\"w-tabs style_default switch_click accordion has_scrolling\" style=\"--sections-title-size:inherit\"><div class=\"w-tabs-sections titles-align_none icon_chevron cpos_right\"><div class=\"w-tabs-section\" id=\"i464\"><button class=\"w-tabs-section-header\" aria-controls=\"content-i464\" aria-expanded=\"false\"><div class=\"w-tabs-section-title\">Czy pobranie pliku APK jest bezpieczne?<\/div><div class=\"w-tabs-section-control\"><\/div><\/button><div  class=\"w-tabs-section-content\" id=\"content-i464\"><div class=\"w-tabs-section-content-h i-cf\"><div class=\"wpb_text_column\"><div class=\"wpb_wrapper\"><p><span style=\"font-weight: 400;\">Tak, je\u017celi <\/span><span style=\"font-weight: 400;\">Paripesa APK pobiera\u0107<\/span><span style=\"font-weight: 400;\"> z oficjalnej strony internetowego kasyna.<\/span><\/p>\n<\/div><\/div><\/div><\/div><\/div><div class=\"w-tabs-section\" id=\"z547\"><button class=\"w-tabs-section-header\" aria-controls=\"content-z547\" aria-expanded=\"false\"><div class=\"w-tabs-section-title\">Dlaczego aplikacja nie jest dost\u0119pna w Google Play?<\/div><div class=\"w-tabs-section-control\"><\/div><\/button><div  class=\"w-tabs-section-content\" id=\"content-z547\"><div class=\"w-tabs-section-content-h i-cf\"><div class=\"wpb_text_column\"><div class=\"wpb_wrapper\"><p><span style=\"font-weight: 400;\">Wynika to z ogranicze\u0144 Google wobec aplikacji hazardowych.<\/span><\/p>\n<\/div><\/div><\/div><\/div><\/div><div class=\"w-tabs-section\" id=\"i62e\"><button class=\"w-tabs-section-header\" aria-controls=\"content-i62e\" aria-expanded=\"false\"><div class=\"w-tabs-section-title\">Czy mog\u0119 zaktualizowa\u0107 APK r\u0119cznie?<\/div><div class=\"w-tabs-section-control\"><\/div><\/button><div  class=\"w-tabs-section-content\" id=\"content-i62e\"><div class=\"w-tabs-section-content-h i-cf\"><div class=\"wpb_text_column\"><div class=\"wpb_wrapper\"><p><span style=\"font-weight: 400;\">Jak najbardziej. Po prostu znajd\u017a <\/span><span style=\"font-weight: 400;\">Paripesa APK, pobierz najnowsz\u0105 wersj\u0119 <\/span><span style=\"font-weight: 400;\">i zainstaluj aplikacj\u0119.<\/span><\/p>\n<\/div><\/div><\/div><\/div><\/div><div class=\"w-tabs-section\" id=\"g70e\"><button class=\"w-tabs-section-header\" aria-controls=\"content-g70e\" aria-expanded=\"false\"><div class=\"w-tabs-section-title\">Co powinienem zrobi\u0107, je\u015bli pakiet APK nie zostanie zainstalowany?<\/div><div class=\"w-tabs-section-control\"><\/div><\/button><div  class=\"w-tabs-section-content\" id=\"content-g70e\"><div class=\"w-tabs-section-content-h i-cf\"><div class=\"wpb_text_column\"><div class=\"wpb_wrapper\"><p><span style=\"font-weight: 400;\">Otw\u00f3rz <\/span><span style=\"font-weight: 400;\">Paripesa APK <\/span><span style=\"font-weight: 400;\">jeszcze raz. Je\u015bli nic si\u0119 nie zmieni, sprawd\u017a, czy w\u0142\u0105czy\u0142e\u015b opcj\u0119 instalacji aplikacji z nieznanych \u017ar\u00f3de\u0142. <\/span><\/p>\n<\/div><\/div><\/div><\/div><\/div><div class=\"w-tabs-section\" id=\"k7cb\"><button class=\"w-tabs-section-header\" aria-controls=\"content-k7cb\" aria-expanded=\"false\"><div class=\"w-tabs-section-title\">Jak w\u0142\u0105czy\u0107 opcj\u0119 instalacji z nieznanych \u017ar\u00f3de\u0142 na moim telefonie?<\/div><div class=\"w-tabs-section-control\"><\/div><\/button><div  class=\"w-tabs-section-content\" id=\"content-k7cb\"><div class=\"w-tabs-section-content-h i-cf\"><div class=\"wpb_text_column\"><div class=\"wpb_wrapper\"><p><span style=\"font-weight: 400;\">Aby to zrobi\u0107 na Androidzie, znajd\u017a Ustawienia &gt; Bezpiecze\u0144stwo (lub Prywatno\u015b\u0107) i w\u0142\u0105cz opcj\u0119 Instaluj nieznane aplikacje spoza Google Play.<\/span><\/p>\n<\/div><\/div><\/div><\/div><\/div><\/div><\/div><\/div><\/div><\/div><\/div><\/section>\n","protected":false},"excerpt":{"rendered":"Paripesa IndiaStronyParipesa APK \u2013 pobierz najnowsz\u0105 wersj\u0119 dla gry na Androidzie Masz Androida? Dzi\u0119ki plikowi Paripesa APK zainstalujesz aplikacj\u0119 mobiln\u0105 w kilku krokach. Jest to najlepszy spos\u00f3b, aby szybko uzyska\u0107 dost\u0119p do zak\u0142ad\u00f3w sportowych i gier kasynowych na swoich smartfonach. Dlaczego jest to wa\u017cne? Ze wzgl\u0119du na polityk\u0119 Google, oficjalne aplikacje wielu bukmacher\u00f3w online, w...","protected":false},"author":2,"featured_media":0,"parent":0,"menu_order":0,"comment_status":"closed","ping_status":"closed","template":"","meta":{"_sitemap_exclude":false,"_sitemap_priority":"","_sitemap_frequency":"","footnotes":""},"class_list":["post-4669","page","type-page","status-publish","hentry"],"acf":[],"yoast_head":"<!-- This site is optimized with the Yoast SEO plugin v24.0 - https:\/\/yoast.com\/wordpress\/plugins\/seo\/ -->\n<title>Pobierz aplikacj\u0119 PariPesa APK na Androida | 2025<\/title>\n<meta name=\"description\" content=\"Zainstaluj oficjaln\u0105 aplikacj\u0119 PariPesa APK i graj w zak\u0142ady sportowe oraz kasyno na swoim telefonie. Szybka instalacja i bonusy powitalne!\" \/>\n<meta name=\"robots\" content=\"index, follow, max-snippet:-1, max-image-preview:large, max-video-preview:-1\" \/>\n<meta property=\"og:locale\" content=\"pl_PL\" \/>\n<meta property=\"og:type\" content=\"article\" \/>\n<meta property=\"og:url\" content=\"https:\/\/paripesaapp.com\/pl\/apk\/\" \/>\n<meta property=\"og:site_name\" content=\"Aplikacja PariPesa Pobierz najnowsz\u0105 wersj\u0119 dla systemu iOS Android\" \/>\n<meta property=\"article:modified_time\" content=\"2025-10-27T11:23:37+00:00\" \/>\n<meta property=\"og:image\" content=\"https:\/\/paripesaapp.com\/wp-content\/uploads\/2025\/02\/paripesa_apk-removebg-preview.png.webp\" \/>\n<meta name=\"twitter:label1\" content=\"Szacowany czas czytania\" \/>\n\t<meta name=\"twitter:data1\" content=\"3 minuty\" \/>\n<script type=\"application\/ld+json\" class=\"yoast-schema-graph\">{\"@context\":\"https:\/\/schema.org\",\"@graph\":[{\"@type\":\"WebPage\",\"@id\":\"https:\/\/paripesaapp.com\/pl\/apk\/\",\"url\":\"https:\/\/paripesaapp.com\/pl\/apk\/\",\"name\":\"Pobierz aplikacj\u0119 PariPesa APK na Androida | 2025\",\"isPartOf\":{\"@id\":\"https:\/\/paripesaapp.com\/#website\"},\"primaryImageOfPage\":{\"@id\":\"https:\/\/paripesaapp.com\/pl\/apk\/#primaryimage\"},\"image\":{\"@id\":\"https:\/\/paripesaapp.com\/pl\/apk\/#primaryimage\"},\"thumbnailUrl\":\"https:\/\/paripesaapp.com\/wp-content\/uploads\/2025\/02\/paripesa_apk-removebg-preview.png.webp\",\"datePublished\":\"2024-05-17T12:02:55+00:00\",\"dateModified\":\"2025-10-27T11:23:37+00:00\",\"description\":\"Zainstaluj oficjaln\u0105 aplikacj\u0119 PariPesa APK i graj w zak\u0142ady sportowe oraz kasyno na swoim telefonie. Szybka instalacja i bonusy powitalne!\",\"breadcrumb\":{\"@id\":\"https:\/\/paripesaapp.com\/pl\/apk\/#breadcrumb\"},\"inLanguage\":\"pl-PL\",\"potentialAction\":[{\"@type\":\"ReadAction\",\"target\":[\"https:\/\/paripesaapp.com\/pl\/apk\/\"]}]},{\"@type\":\"ImageObject\",\"inLanguage\":\"pl-PL\",\"@id\":\"https:\/\/paripesaapp.com\/pl\/apk\/#primaryimage\",\"url\":\"https:\/\/paripesaapp.com\/wp-content\/uploads\/2025\/02\/paripesa_apk-removebg-preview.png.webp\",\"contentUrl\":\"https:\/\/paripesaapp.com\/wp-content\/uploads\/2025\/02\/paripesa_apk-removebg-preview.png.webp\"},{\"@type\":\"BreadcrumbList\",\"@id\":\"https:\/\/paripesaapp.com\/pl\/apk\/#breadcrumb\",\"itemListElement\":[{\"@type\":\"ListItem\",\"position\":1,\"name\":\"Home\",\"item\":\"https:\/\/paripesaapp.com\/pl\/\"},{\"@type\":\"ListItem\",\"position\":2,\"name\":\"apk\"}]},{\"@type\":\"WebSite\",\"@id\":\"https:\/\/paripesaapp.com\/#website\",\"url\":\"https:\/\/paripesaapp.com\/\",\"name\":\"PariPesa App Download Latest Version for IOS Android\",\"description\":\"\",\"publisher\":{\"@id\":\"https:\/\/paripesaapp.com\/#organization\"},\"inLanguage\":\"pl-PL\"},{\"@type\":\"Organization\",\"@id\":\"https:\/\/paripesaapp.com\/#organization\",\"name\":\"PariPesa App Download Latest Version for IOS Android\",\"url\":\"https:\/\/paripesaapp.com\/\",\"logo\":{\"@type\":\"ImageObject\",\"inLanguage\":\"pl-PL\",\"@id\":\"https:\/\/paripesaapp.com\/#\/schema\/logo\/image\/\",\"url\":\"https:\/\/paripesaapp.com\/wp-content\/uploads\/2024\/03\/logo-2.png\",\"contentUrl\":\"https:\/\/paripesaapp.com\/wp-content\/uploads\/2024\/03\/logo-2.png\",\"width\":463,\"height\":79,\"caption\":\"PariPesa App Download Latest Version for IOS Android\"},\"image\":{\"@id\":\"https:\/\/paripesaapp.com\/#\/schema\/logo\/image\/\"}}]}<\/script>\n<!-- \/ Yoast SEO plugin. -->","yoast_head_json":{"title":"Pobierz aplikacj\u0119 PariPesa APK na Androida | 2025","description":"Zainstaluj oficjaln\u0105 aplikacj\u0119 PariPesa APK i graj w zak\u0142ady sportowe oraz kasyno na swoim telefonie. Szybka instalacja i bonusy powitalne!","robots":{"index":"index","follow":"follow","max-snippet":"max-snippet:-1","max-image-preview":"max-image-preview:large","max-video-preview":"max-video-preview:-1"},"og_locale":"pl_PL","og_type":"article","og_url":"https:\/\/paripesaapp.com\/pl\/apk\/","og_site_name":"Aplikacja PariPesa Pobierz najnowsz\u0105 wersj\u0119 dla systemu iOS Android","article_modified_time":"2025-10-27T11:23:37+00:00","og_image":[{"url":"https:\/\/paripesaapp.com\/wp-content\/uploads\/2025\/02\/paripesa_apk-removebg-preview.png.webp","type":"","width":"","height":""}],"twitter_misc":{"Szacowany czas czytania":"3 minuty"},"schema":{"@context":"https:\/\/schema.org","@graph":[{"@type":"WebPage","@id":"https:\/\/paripesaapp.com\/pl\/apk\/","url":"https:\/\/paripesaapp.com\/pl\/apk\/","name":"Pobierz aplikacj\u0119 PariPesa APK na Androida | 2025","isPartOf":{"@id":"https:\/\/paripesaapp.com\/#website"},"primaryImageOfPage":{"@id":"https:\/\/paripesaapp.com\/pl\/apk\/#primaryimage"},"image":{"@id":"https:\/\/paripesaapp.com\/pl\/apk\/#primaryimage"},"thumbnailUrl":"https:\/\/paripesaapp.com\/wp-content\/uploads\/2025\/02\/paripesa_apk-removebg-preview.png.webp","datePublished":"2024-05-17T12:02:55+00:00","dateModified":"2025-10-27T11:23:37+00:00","description":"Zainstaluj oficjaln\u0105 aplikacj\u0119 PariPesa APK i graj w zak\u0142ady sportowe oraz kasyno na swoim telefonie. Szybka instalacja i bonusy powitalne!","breadcrumb":{"@id":"https:\/\/paripesaapp.com\/pl\/apk\/#breadcrumb"},"inLanguage":"pl-PL","potentialAction":[{"@type":"ReadAction","target":["https:\/\/paripesaapp.com\/pl\/apk\/"]}]},{"@type":"ImageObject","inLanguage":"pl-PL","@id":"https:\/\/paripesaapp.com\/pl\/apk\/#primaryimage","url":"https:\/\/paripesaapp.com\/wp-content\/uploads\/2025\/02\/paripesa_apk-removebg-preview.png.webp","contentUrl":"https:\/\/paripesaapp.com\/wp-content\/uploads\/2025\/02\/paripesa_apk-removebg-preview.png.webp"},{"@type":"BreadcrumbList","@id":"https:\/\/paripesaapp.com\/pl\/apk\/#breadcrumb","itemListElement":[{"@type":"ListItem","position":1,"name":"Home","item":"https:\/\/paripesaapp.com\/pl\/"},{"@type":"ListItem","position":2,"name":"apk"}]},{"@type":"WebSite","@id":"https:\/\/paripesaapp.com\/#website","url":"https:\/\/paripesaapp.com\/","name":"PariPesa App Download Latest Version for IOS Android","description":"","publisher":{"@id":"https:\/\/paripesaapp.com\/#organization"},"inLanguage":"pl-PL"},{"@type":"Organization","@id":"https:\/\/paripesaapp.com\/#organization","name":"PariPesa App Download Latest Version for IOS Android","url":"https:\/\/paripesaapp.com\/","logo":{"@type":"ImageObject","inLanguage":"pl-PL","@id":"https:\/\/paripesaapp.com\/#\/schema\/logo\/image\/","url":"https:\/\/paripesaapp.com\/wp-content\/uploads\/2024\/03\/logo-2.png","contentUrl":"https:\/\/paripesaapp.com\/wp-content\/uploads\/2024\/03\/logo-2.png","width":463,"height":79,"caption":"PariPesa App Download Latest Version for IOS Android"},"image":{"@id":"https:\/\/paripesaapp.com\/#\/schema\/logo\/image\/"}}]}},"_links":{"self":[{"href":"https:\/\/paripesaapp.com\/pl\/wp-json\/wp\/v2\/pages\/4669","targetHints":{"allow":["GET"]}}],"collection":[{"href":"https:\/\/paripesaapp.com\/pl\/wp-json\/wp\/v2\/pages"}],"about":[{"href":"https:\/\/paripesaapp.com\/pl\/wp-json\/wp\/v2\/types\/page"}],"author":[{"embeddable":true,"href":"https:\/\/paripesaapp.com\/pl\/wp-json\/wp\/v2\/users\/2"}],"replies":[{"embeddable":true,"href":"https:\/\/paripesaapp.com\/pl\/wp-json\/wp\/v2\/comments?post=4669"}],"version-history":[{"count":5,"href":"https:\/\/paripesaapp.com\/pl\/wp-json\/wp\/v2\/pages\/4669\/revisions"}],"predecessor-version":[{"id":4955,"href":"https:\/\/paripesaapp.com\/pl\/wp-json\/wp\/v2\/pages\/4669\/revisions\/4955"}],"wp:attachment":[{"href":"https:\/\/paripesaapp.com\/pl\/wp-json\/wp\/v2\/media?parent=4669"}],"curies":[{"name":"wp","href":"https:\/\/api.w.org\/{rel}","templated":true}]}}