{"id":2359,"date":"2024-05-17T15:02:55","date_gmt":"2024-05-17T12:02:55","guid":{"rendered":"https:\/\/paripesaapp.com\/deposit\/"},"modified":"2025-02-26T16:28:59","modified_gmt":"2025-02-26T13:28:59","slug":"deposit","status":"publish","type":"page","link":"https:\/\/paripesaapp.com\/sv\/deposit\/","title":{"rendered":"deposit"},"content":{"rendered":"<section class=\"l-section wpb_row us_custom_f8f95f86 height_auto\"><div class=\"l-section-h i-cf\"><div class=\"g-cols vc_row via_grid cols_1 laptops-cols_inherit tablets-cols_inherit mobiles-cols_1 valign_top type_default stacking_default\"><div class=\"wpb_column vc_column_container\"><div class=\"vc_column-inner\"><nav class=\"g-breadcrumbs separator_icon align_none\" itemscope itemtype=\"http:\/\/schema.org\/BreadcrumbList\"><div class=\"g-breadcrumbs-item\" itemscope itemprop=\"itemListElement\" itemtype=\"http:\/\/schema.org\/ListItem\"><a itemprop=\"item\" href=\"https:\/\/paripesaapp.com\/sv\/\"><span itemprop=\"name\">Paripesa Sverige<\/span><\/a><meta itemprop=\"position\" content=\"1\"\/><\/div><div class=\"g-breadcrumbs-separator\"><i class=\"far fa-angle-right\"><\/i><\/div><div class=\"g-breadcrumbs-item\">Sidor<\/div><\/nav><div class=\"w-separator size_custom\" style=\"height:30px\"><\/div><div class=\"wpb_text_column\"><div class=\"wpb_wrapper\"><div id=\"ez-toc-container\" class=\"ez-toc-v2_0_71 counter-hierarchy ez-toc-counter ez-toc-grey ez-toc-container-direction\">\n<div class=\"ez-toc-title-container\">\n<p class=\"ez-toc-title\" style=\"cursor:inherit\">Inneh\u00e5llsf\u00f6rteckning\n<\/p>\n<span class=\"ez-toc-title-toggle\"><a href=\"#\" class=\"ez-toc-pull-right ez-toc-btn ez-toc-btn-xs ez-toc-btn-default ez-toc-toggle\" aria-label=\"Toggle Table of Content\"><span class=\"ez-toc-js-icon-con\"><span class=\"\"><span class=\"eztoc-hide\" style=\"display:none;\">Toggle<\/span><span class=\"ez-toc-icon-toggle-span\"><svg style=\"fill: #999;color:#999\" xmlns=\"http:\/\/www.w3.org\/2000\/svg\" class=\"list-377408\" width=\"20px\" height=\"20px\" viewBox=\"0 0 24 24\" fill=\"none\"><path d=\"M6 6H4v2h2V6zm14 0H8v2h12V6zM4 11h2v2H4v-2zm16 0H8v2h12v-2zM4 16h2v2H4v-2zm16 0H8v2h12v-2z\" fill=\"currentColor\"><\/path><\/svg><svg style=\"fill: #999;color:#999\" class=\"arrow-unsorted-368013\" xmlns=\"http:\/\/www.w3.org\/2000\/svg\" width=\"10px\" height=\"10px\" viewBox=\"0 0 24 24\" version=\"1.2\" baseProfile=\"tiny\"><path d=\"M18.2 9.3l-6.2-6.3-6.2 6.3c-.2.2-.3.4-.3.7s.1.5.3.7c.2.2.4.3.7.3h11c.3 0 .5-.1.7-.3.2-.2.3-.5.3-.7s-.1-.5-.3-.7zM5.8 14.7l6.2 6.3 6.2-6.3c.2-.2.3-.5.3-.7s-.1-.5-.3-.7c-.2-.2-.4-.3-.7-.3h-11c-.3 0-.5.1-.7.3-.2.2-.3.5-.3.7s.1.5.3.7z\"\/><\/svg><\/span><\/span><\/span><\/a><\/span><\/div>\n<nav><ul class='ez-toc-list ez-toc-list-level-1 ' ><li class='ez-toc-page-1 ez-toc-heading-level-1'><a class=\"ez-toc-link ez-toc-heading-1\" href=\"https:\/\/paripesaapp.com\/sv\/deposit\/#Paripesa_Satta_in_Pengar_Sa_Gor_Du_Enkla_och_Snabba_Insattningar\" title=\"Paripesa S\u00e4tta in Pengar: S\u00e5 G\u00f6r Du Enkla och Snabba Ins\u00e4ttningar\">Paripesa S\u00e4tta in Pengar: S\u00e5 G\u00f6r Du Enkla och Snabba Ins\u00e4ttningar<\/a><ul class='ez-toc-list-level-2' ><li class='ez-toc-heading-level-2'><a class=\"ez-toc-link ez-toc-heading-2\" href=\"https:\/\/paripesaapp.com\/sv\/deposit\/#Paripesa_Sverige_%E2%80%93_Nya_mojligheter_med_kryptoinsattning\" title=\"Paripesa Sverige \u2013 Nya m\u00f6jligheter med kryptoins\u00e4ttning\">Paripesa Sverige \u2013 Nya m\u00f6jligheter med kryptoins\u00e4ttning<\/a><ul class='ez-toc-list-level-3' ><li class='ez-toc-heading-level-3'><a class=\"ez-toc-link ez-toc-heading-3\" href=\"https:\/\/paripesaapp.com\/sv\/deposit\/#Paripesa-appen_%E2%80%93_Din_chans_att_ha_tur\" title=\"Paripesa-appen \u2013 Din chans att ha tur\">Paripesa-appen \u2013 Din chans att ha tur<\/a><\/li><\/ul><\/li><\/ul><\/li><\/ul><\/nav><\/div>\n<h1><span class=\"ez-toc-section\" id=\"Paripesa_Satta_in_Pengar_Sa_Gor_Du_Enkla_och_Snabba_Insattningar\"><\/span>Paripesa S\u00e4tta in Pengar: S\u00e5 G\u00f6r Du Enkla och Snabba Ins\u00e4ttningar<span class=\"ez-toc-section-end\"><\/span><\/h1>\n<p>\u00c5r 2029 f\u00f6rv\u00e4ntas antalet spelare inom nischen f\u00f6r onlinespel v\u00e4xa till hela 281,3 miljoner. Detta inneb\u00e4r att chanserna f\u00f6r varje spelare att vinna kommer att minska j\u00e4mf\u00f6rt med exempelvis idag.<\/p>\n<p><a href=\"\/sv\/\">Paripesa<\/a> \u2013 ett casino med trygg ins\u00e4ttning \u2013 \u00e4r din chans att b\u00f6rja tj\u00e4na pengar p\u00e5 spel redan nu och samtidigt hantera flera olika valutor.<\/p>\n<p>Denna plattform \u00e4r unik eftersom den erbjuder m\u00f6jligheten att registrera sig och g\u00f6ra ins\u00e4ttningar i kryptovalutaformat. Dessutom kan du enkelt ta ut dina vinster direkt till en kryptopl\u00e5nbok. Nyfiken? L\u00e4s mer om Paripesa och dess banbrytande funktioner!<\/p>\n<picture class=\"size-full wp-image-2665 aligncenter\"><source srcset=\"https:\/\/paripesaapp.com\/wp-content\/uploads\/2024\/05\/sweden-1.jpg.webp\" type=\"image\/webp\" \/><\/picture><picture class=\"size-full wp-image-2665 aligncenter\"><img loading=\"lazy\" decoding=\"async\" class=\"aligncenter\" src=\"data:image\/gif;base64,R0lGODdhAQABAPAAAMPDwwAAACwAAAAAAQABAAACAkQBADs=\" alt=\"casino med f\u00f6rtroendeins\u00e4ttning\" width=\"900\" height=\"446\" data-lazyloaded=\"1\" data-src=\"https:\/\/paripesaapp.com\/wp-content\/uploads\/2024\/05\/sweden-1.jpg.webp\" \/><\/picture><noscript><img loading=\"lazy\" decoding=\"async\" src=\"https:\/\/paripesaapp.com\/wp-content\/uploads\/2024\/05\/sweden-1.jpg.webp\" alt=\"casino med f\u00f6rtroendeins\u00e4ttning\" width=\"900\" height=\"446\"\/><\/noscript><\/p>\n<\/div><\/div><div class=\"w-separator size_custom\" style=\"height:15px\"><\/div><div class=\"w-btn-wrapper align_center\"><a class=\"w-btn us-btn-style_1 us_custom_c67b15c7\" href=\"https:\/\/combodef.com\/L?tag=d_4824592m_45569c_&amp;site=4824592&amp;ad=45569\"><span class=\"w-btn-label\">Registrera<\/span><\/a><\/div><div class=\"w-separator size_custom\" style=\"height:15px\"><\/div><\/div><\/div><\/div><\/div><\/section><section class=\"l-section wpb_row us_custom_f8f95f86 height_auto\"><div class=\"l-section-h i-cf\"><div class=\"g-cols vc_row via_grid cols_1 laptops-cols_inherit tablets-cols_inherit mobiles-cols_1 valign_top type_default stacking_default\"><div class=\"wpb_column vc_column_container\"><div class=\"vc_column-inner\"><div class=\"w-separator size_custom\" style=\"height:30px\"><\/div><div class=\"wpb_text_column\"><div class=\"wpb_wrapper\"><h2><span class=\"ez-toc-section\" id=\"Paripesa_Sverige_%E2%80%93_Nya_mojligheter_med_kryptoinsattning\"><\/span>Paripesa Sverige \u2013 Nya m\u00f6jligheter med kryptoins\u00e4ttning<span class=\"ez-toc-section-end\"><\/span><\/h2>\n<p>Med Paripesa-appen kan du snabbt fylla p\u00e5 ditt saldo genom att anv\u00e4nda kryptovalutor och andra digitala betalningsl\u00f6sningar. H\u00e4r \u00e4r n\u00e5gra av de m\u00e5nga f\u00f6rdelarna:<\/p>\n<ul>\n<li>Snabb ins\u00e4ttning: L\u00e4gg enkelt till pengar p\u00e5 ditt saldo direkt via appen.<\/li>\n<li>M\u00f6jlighet att \u00f6ka vinster: Tj\u00e4na \u00e4nnu mer med dina satsningar och vinster.<\/li>\n<li>Brett st\u00f6d f\u00f6r kryptovalutor: Appen st\u00f6der de flesta av de popul\u00e4raste kryptovalutorna.<\/li>\n<li>V\u00e4lkomstbonusar: Dra nytta av attraktiva bonusar som nya spelare.<\/li>\n<li>H\u00f6ga odds och vinster: Multiplicera dina tillg\u00e5ngar med hj\u00e4lp av konkurrenskraftiga odds.<\/li>\n<\/ul>\n<p>Och det \u00e4r inte allt! Paripesa-appen erbjuder \u00e4ven ett smidigt och anv\u00e4ndarv\u00e4nligt system f\u00f6r ins\u00e4ttningar och uttag.<\/p>\n<p>Fyll p\u00e5 ditt konto enkelt och b\u00f6rja spela redan idag!<\/p>\n<picture class=\"aligncenter wp-image-2256 size-full\"><source srcset=\"https:\/\/paripesaapp.com\/wp-content\/uploads\/2024\/05\/bit.jpg.webp\" type=\"image\/webp\" \/><\/picture><picture class=\"aligncenter wp-image-2256 size-full\"><img loading=\"lazy\" decoding=\"async\" class=\"aligncenter\" src=\"data:image\/gif;base64,R0lGODdhAQABAPAAAMPDwwAAACwAAAAAAQABAAACAkQBADs=\" alt=\"crypto deposit\" width=\"900\" height=\"252\" data-lazyloaded=\"1\" data-src=\"https:\/\/paripesaapp.com\/wp-content\/uploads\/2024\/05\/bit.jpg.webp\" \/><\/picture><noscript><img loading=\"lazy\" decoding=\"async\" src=\"https:\/\/paripesaapp.com\/wp-content\/uploads\/2024\/05\/bit.jpg.webp\" alt=\"crypto deposit\" width=\"900\" height=\"252\"\/><\/noscript><\/p>\n<p>S\u00e5 b\u00f6rjar du vinna med Paripesa-appen<\/p>\n<p>F\u00f6r att b\u00f6rja vinna m\u00e5ste du skapa ett konto i Paripesa-appen och genomf\u00f6ra en kryptoins\u00e4ttning. F\u00f6lj dessa enkla steg:<\/p>\n<ol>\n<li>Bes\u00f6k ins\u00e4ttningssidan: G\u00e5 till ins\u00e4ttningssidan p\u00e5 Paripesas officiella webbplats.<\/li>\n<li>Skapa ett konto eller logga in: Registrera ett nytt konto eller logga in med ditt mobilnummer eller din e-postadress.<\/li>\n<li>V\u00e4lj en ins\u00e4ttningsmetod: V\u00e4lj mellan fiatvaluta (t.ex. kort eller betaltj\u00e4nst) eller kryptovaluta (digital pl\u00e5nbok).<\/li>\n<li>Ange ins\u00e4ttningsbelopp: V\u00e4lj \u00f6nskat belopp. F\u00f6r att ta del av p\u00e5fyllningsbonusar, se till att v\u00e4lja ett belopp som uppfyller kraven.<\/li>\n<li>Bekr\u00e4fta betalningen: Slutf\u00f6r transaktionen genom att godk\u00e4nna den i det valda systemet.<\/li>\n<li>V\u00e4nta p\u00e5 kreditering: N\u00e4r pengarna \u00e4r p\u00e5 kontot kan du b\u00f6rja spela ditt favoritspel!<\/li>\n<\/ol>\n<p>Upplev enkelhet och s\u00e4kerhet med Paripesa<br \/>\nMed Paripesa-appen \u00e4r det smidigt och snabbt att komma ig\u00e5ng och b\u00f6rja spela. Oavsett om du \u00e4r nyb\u00f6rjare eller erfaren spelare g\u00f6r appen det enkelt att njuta av dina favoritspel och sportvadslagningar.<\/p>\n<h3><span class=\"ez-toc-section\" id=\"Paripesa-appen_%E2%80%93_Din_chans_att_ha_tur\"><\/span>Paripesa-appen \u2013 Din chans att ha tur<span class=\"ez-toc-section-end\"><\/span><\/h3>\n<p>Kasinospel, sportvadslagning och satsningar \u2013 det b\u00e4sta \u00e4r k\u00e4nslan av att jackpotten kan bli din! Paripesa-appen l\u00e5ter dig inte bara uppleva sp\u00e4nningen, utan ocks\u00e5 maximera dina vinster med nya infl\u00f6den av fiat- eller kryptovalutor p\u00e5 ditt konto.<\/p>\n<p>Vill du k\u00e4nna dig som en kung? Installera Paripesa-appen och b\u00f6rja vinna idag!<\/p>\n<\/div><\/div><\/div><\/div><\/div><\/div><\/section><section class=\"l-section wpb_row height_auto\"><div class=\"l-section-h i-cf\"><div class=\"g-cols vc_row via_grid cols_1 laptops-cols_inherit tablets-cols_inherit mobiles-cols_1 valign_top type_default stacking_default\"><div class=\"wpb_column vc_column_container\"><div class=\"vc_column-inner\"><div class=\"w-separator size_custom\" style=\"height:15px\"><\/div><div class=\"w-btn-wrapper align_center\"><a class=\"w-btn us-btn-style_1 us_custom_c67b15c7\" href=\"https:\/\/combodef.com\/L?tag=d_4824592m_45569c_&amp;site=4824592&amp;ad=45569\"><span class=\"w-btn-label\">Registrera<\/span><\/a><\/div><div class=\"w-separator size_custom\" style=\"height:15px\"><\/div><\/div><\/div><\/div><\/div><\/section><section class=\"l-section wpb_row height_auto\"><div class=\"l-section-h i-cf\"><div class=\"g-cols vc_row via_grid cols_1 laptops-cols_inherit tablets-cols_inherit mobiles-cols_1 valign_top type_default stacking_default\"><div class=\"wpb_column vc_column_container\"><div class=\"vc_column-inner\"><div class=\"w-text\"><span class=\"w-text-h\"><span class=\"w-text-value\">Vanliga fr\u00e5gor<\/span><\/span><\/div><div class=\"w-separator size_custom\" style=\"height:15px\"><\/div><div class=\"w-tabs style_default switch_click accordion has_scrolling\" style=\"--sections-title-size:inherit\"><div class=\"w-tabs-sections titles-align_none icon_chevron cpos_right\"><div class=\"w-tabs-section\" id=\"j83a\"><button class=\"w-tabs-section-header\" aria-controls=\"content-j83a\" aria-expanded=\"false\"><div class=\"w-tabs-section-title\">Som \u00f6verf\u00f6ra pengar med konto?<\/div><div class=\"w-tabs-section-control\"><\/div><\/button><div  class=\"w-tabs-section-content\" id=\"content-j83a\"><div class=\"w-tabs-section-content-h i-cf\"><div class=\"wpb_text_column\"><div class=\"wpb_wrapper\"><p>Logga in p\u00e5 hemsidan eller applikationen. V\u00e4lj belopp och ange uttagsadress. F\u00f6r fiatvaluta \u00e4r detta kortnumret eller adressen till den digitala pl\u00e5nboken. F\u00f6r kryptovaluta, ange numret p\u00e5 motsvarande pl\u00e5nbok som st\u00f6der den angivna blockkedjan.<\/p>\n<\/div><\/div><\/div><\/div><\/div><div class=\"w-tabs-section\" id=\"z901\"><button class=\"w-tabs-section-header\" aria-controls=\"content-z901\" aria-expanded=\"false\"><div class=\"w-tabs-section-title\">P\u00e5verkar bonusen min kryptobalans?<\/div><div class=\"w-tabs-section-control\"><\/div><\/button><div  class=\"w-tabs-section-content\" id=\"content-z901\"><div class=\"w-tabs-section-content-h i-cf\"><div class=\"wpb_text_column\"><div class=\"wpb_wrapper\"><p>Bonusmedel \u00e4r avsedda f\u00f6r att placera vad, s\u00e5 de har ingen effekt p\u00e5 det faktiska saldot p\u00e5 kontot. Men om ditt spel \u00e4r framg\u00e5ngsrikt kommer du att f\u00e5 riktiga pengar som kommer att krediteras ditt huvudsaldo.<\/p>\n<\/div><\/div><\/div><\/div><\/div><div class=\"w-tabs-section\" id=\"t9c3\"><button class=\"w-tabs-section-header\" aria-controls=\"content-t9c3\" aria-expanded=\"false\"><div class=\"w-tabs-section-title\">F\u00e5r jag ytterligare medel f\u00f6r att s\u00e4tta in eller fylla p\u00e5 pengar?<\/div><div class=\"w-tabs-section-control\"><\/div><\/button><div  class=\"w-tabs-section-content\" id=\"content-t9c3\"><div class=\"w-tabs-section-content-h i-cf\"><div class=\"wpb_text_column\"><div class=\"wpb_wrapper\"><p>Ja, enligt villkoren f\u00f6r programmet. Om du till exempel fyller p\u00e5 ditt saldo med beloppet f\u00f6r en ins\u00e4ttning som garanterar bonusar, kommer du att f\u00e5 ytterligare medel p\u00e5 motsvarande konto.<\/p>\n<\/div><\/div><\/div><\/div><\/div><div class=\"w-tabs-section\" id=\"ca6b\"><button class=\"w-tabs-section-header\" aria-controls=\"content-ca6b\" aria-expanded=\"false\"><div class=\"w-tabs-section-title\">Varf\u00f6r har jag Trust Paripesa-appen?<\/div><div class=\"w-tabs-section-control\"><\/div><\/button><div  class=\"w-tabs-section-content\" id=\"content-ca6b\"><div class=\"w-tabs-section-content-h i-cf\"><div class=\"wpb_text_column\"><div class=\"wpb_wrapper\"><p>Applikationen \u00e4r utvecklad enligt de modernaste cybers\u00e4kerhetsstandarderna och \u00e4r helt p\u00e5litlig och stabil. Varje transaktion behandlas s\u00e5 att din ekonomi uteslutande g\u00e5r till det anvisade kontot och inte kan avlyssnas eller stj\u00e4las.<\/p>\n<\/div><\/div><\/div><\/div><\/div><\/div><\/div><\/div><\/div><\/div><\/div><\/section>\n","protected":false},"excerpt":{"rendered":"Paripesa SverigeSidorParipesa S\u00e4tta in Pengar: S\u00e5 G\u00f6r Du Enkla och Snabba Ins\u00e4ttningar \u00c5r 2029 f\u00f6rv\u00e4ntas antalet spelare inom nischen f\u00f6r onlinespel v\u00e4xa till hela 281,3 miljoner. Detta inneb\u00e4r att chanserna f\u00f6r varje spelare att vinna kommer att minska j\u00e4mf\u00f6rt med exempelvis idag. Paripesa \u2013 ett casino med trygg ins\u00e4ttning \u2013 \u00e4r din chans att b\u00f6rja...","protected":false},"author":2,"featured_media":0,"parent":0,"menu_order":0,"comment_status":"closed","ping_status":"closed","template":"","meta":{"_sitemap_exclude":false,"_sitemap_priority":"","_sitemap_frequency":"","footnotes":""},"class_list":["post-2359","page","type-page","status-publish","hentry"],"acf":[],"yoast_head":"<!-- This site is optimized with the Yoast SEO plugin v24.0 - https:\/\/yoast.com\/wordpress\/plugins\/seo\/ -->\n<title>Paripesa S\u00e4tta in Pengar | Snabba och S\u00e4kra Betalningar<\/title>\n<meta name=\"description\" content=\"L\u00e4r dig hur du s\u00e4tter in pengar p\u00e5 Paripesa i Sverige. Anv\u00e4nd snabba och s\u00e4kra betalningsmetoder f\u00f6r att enkelt finansiera ditt konto och b\u00f6rja spela.\" \/>\n<meta name=\"robots\" content=\"index, follow, max-snippet:-1, max-image-preview:large, max-video-preview:-1\" \/>\n<meta property=\"og:locale\" content=\"sv_SE\" \/>\n<meta property=\"og:type\" content=\"article\" \/>\n<meta property=\"og:url\" content=\"https:\/\/paripesaapp.com\/sv\/deposit\/\" \/>\n<meta property=\"og:site_name\" content=\"PariPesa App Ladda ner senaste versionen f\u00f6r IOS Android\" \/>\n<meta property=\"article:modified_time\" content=\"2025-02-26T13:28:59+00:00\" \/>\n<meta property=\"og:image\" content=\"https:\/\/paripesaapp.com\/wp-content\/uploads\/2024\/05\/sweden-1.jpg.webp\" \/>\n<meta name=\"twitter:label1\" content=\"Ber\u00e4knad l\u00e4stid\" \/>\n\t<meta name=\"twitter:data1\" content=\"4 minuter\" \/>\n<script type=\"application\/ld+json\" class=\"yoast-schema-graph\">{\"@context\":\"https:\/\/schema.org\",\"@graph\":[{\"@type\":\"WebPage\",\"@id\":\"https:\/\/paripesaapp.com\/sv\/deposit\/\",\"url\":\"https:\/\/paripesaapp.com\/sv\/deposit\/\",\"name\":\"Paripesa S\u00e4tta in Pengar | Snabba och S\u00e4kra Betalningar\",\"isPartOf\":{\"@id\":\"https:\/\/paripesaapp.com\/#website\"},\"primaryImageOfPage\":{\"@id\":\"https:\/\/paripesaapp.com\/sv\/deposit\/#primaryimage\"},\"image\":{\"@id\":\"https:\/\/paripesaapp.com\/sv\/deposit\/#primaryimage\"},\"thumbnailUrl\":\"https:\/\/paripesaapp.com\/wp-content\/uploads\/2024\/05\/sweden-1.jpg.webp\",\"datePublished\":\"2024-05-17T12:02:55+00:00\",\"dateModified\":\"2025-02-26T13:28:59+00:00\",\"description\":\"L\u00e4r dig hur du s\u00e4tter in pengar p\u00e5 Paripesa i Sverige. Anv\u00e4nd snabba och s\u00e4kra betalningsmetoder f\u00f6r att enkelt finansiera ditt konto och b\u00f6rja spela.\",\"breadcrumb\":{\"@id\":\"https:\/\/paripesaapp.com\/sv\/deposit\/#breadcrumb\"},\"inLanguage\":\"sv-SE\",\"potentialAction\":[{\"@type\":\"ReadAction\",\"target\":[\"https:\/\/paripesaapp.com\/sv\/deposit\/\"]}]},{\"@type\":\"ImageObject\",\"inLanguage\":\"sv-SE\",\"@id\":\"https:\/\/paripesaapp.com\/sv\/deposit\/#primaryimage\",\"url\":\"https:\/\/paripesaapp.com\/wp-content\/uploads\/2024\/05\/sweden-1.jpg.webp\",\"contentUrl\":\"https:\/\/paripesaapp.com\/wp-content\/uploads\/2024\/05\/sweden-1.jpg.webp\"},{\"@type\":\"BreadcrumbList\",\"@id\":\"https:\/\/paripesaapp.com\/sv\/deposit\/#breadcrumb\",\"itemListElement\":[{\"@type\":\"ListItem\",\"position\":1,\"name\":\"Home\",\"item\":\"https:\/\/paripesaapp.com\/sv\/\"},{\"@type\":\"ListItem\",\"position\":2,\"name\":\"deposit\"}]},{\"@type\":\"WebSite\",\"@id\":\"https:\/\/paripesaapp.com\/#website\",\"url\":\"https:\/\/paripesaapp.com\/\",\"name\":\"PariPesa App Download Latest Version for IOS Android\",\"description\":\"\",\"publisher\":{\"@id\":\"https:\/\/paripesaapp.com\/#organization\"},\"inLanguage\":\"sv-SE\"},{\"@type\":\"Organization\",\"@id\":\"https:\/\/paripesaapp.com\/#organization\",\"name\":\"PariPesa App Download Latest Version for IOS Android\",\"url\":\"https:\/\/paripesaapp.com\/\",\"logo\":{\"@type\":\"ImageObject\",\"inLanguage\":\"sv-SE\",\"@id\":\"https:\/\/paripesaapp.com\/#\/schema\/logo\/image\/\",\"url\":\"https:\/\/paripesaapp.com\/wp-content\/uploads\/2024\/03\/logo-2.png\",\"contentUrl\":\"https:\/\/paripesaapp.com\/wp-content\/uploads\/2024\/03\/logo-2.png\",\"width\":463,\"height\":79,\"caption\":\"PariPesa App Download Latest Version for IOS Android\"},\"image\":{\"@id\":\"https:\/\/paripesaapp.com\/#\/schema\/logo\/image\/\"}}]}<\/script>\n<!-- \/ Yoast SEO plugin. -->","yoast_head_json":{"title":"Paripesa S\u00e4tta in Pengar | Snabba och S\u00e4kra Betalningar","description":"L\u00e4r dig hur du s\u00e4tter in pengar p\u00e5 Paripesa i Sverige. Anv\u00e4nd snabba och s\u00e4kra betalningsmetoder f\u00f6r att enkelt finansiera ditt konto och b\u00f6rja spela.","robots":{"index":"index","follow":"follow","max-snippet":"max-snippet:-1","max-image-preview":"max-image-preview:large","max-video-preview":"max-video-preview:-1"},"og_locale":"sv_SE","og_type":"article","og_url":"https:\/\/paripesaapp.com\/sv\/deposit\/","og_site_name":"PariPesa App Ladda ner senaste versionen f\u00f6r IOS Android","article_modified_time":"2025-02-26T13:28:59+00:00","og_image":[{"url":"https:\/\/paripesaapp.com\/wp-content\/uploads\/2024\/05\/sweden-1.jpg.webp","type":"","width":"","height":""}],"twitter_misc":{"Ber\u00e4knad l\u00e4stid":"4 minuter"},"schema":{"@context":"https:\/\/schema.org","@graph":[{"@type":"WebPage","@id":"https:\/\/paripesaapp.com\/sv\/deposit\/","url":"https:\/\/paripesaapp.com\/sv\/deposit\/","name":"Paripesa S\u00e4tta in Pengar | Snabba och S\u00e4kra Betalningar","isPartOf":{"@id":"https:\/\/paripesaapp.com\/#website"},"primaryImageOfPage":{"@id":"https:\/\/paripesaapp.com\/sv\/deposit\/#primaryimage"},"image":{"@id":"https:\/\/paripesaapp.com\/sv\/deposit\/#primaryimage"},"thumbnailUrl":"https:\/\/paripesaapp.com\/wp-content\/uploads\/2024\/05\/sweden-1.jpg.webp","datePublished":"2024-05-17T12:02:55+00:00","dateModified":"2025-02-26T13:28:59+00:00","description":"L\u00e4r dig hur du s\u00e4tter in pengar p\u00e5 Paripesa i Sverige. Anv\u00e4nd snabba och s\u00e4kra betalningsmetoder f\u00f6r att enkelt finansiera ditt konto och b\u00f6rja spela.","breadcrumb":{"@id":"https:\/\/paripesaapp.com\/sv\/deposit\/#breadcrumb"},"inLanguage":"sv-SE","potentialAction":[{"@type":"ReadAction","target":["https:\/\/paripesaapp.com\/sv\/deposit\/"]}]},{"@type":"ImageObject","inLanguage":"sv-SE","@id":"https:\/\/paripesaapp.com\/sv\/deposit\/#primaryimage","url":"https:\/\/paripesaapp.com\/wp-content\/uploads\/2024\/05\/sweden-1.jpg.webp","contentUrl":"https:\/\/paripesaapp.com\/wp-content\/uploads\/2024\/05\/sweden-1.jpg.webp"},{"@type":"BreadcrumbList","@id":"https:\/\/paripesaapp.com\/sv\/deposit\/#breadcrumb","itemListElement":[{"@type":"ListItem","position":1,"name":"Home","item":"https:\/\/paripesaapp.com\/sv\/"},{"@type":"ListItem","position":2,"name":"deposit"}]},{"@type":"WebSite","@id":"https:\/\/paripesaapp.com\/#website","url":"https:\/\/paripesaapp.com\/","name":"PariPesa App Download Latest Version for IOS Android","description":"","publisher":{"@id":"https:\/\/paripesaapp.com\/#organization"},"inLanguage":"sv-SE"},{"@type":"Organization","@id":"https:\/\/paripesaapp.com\/#organization","name":"PariPesa App Download Latest Version for IOS Android","url":"https:\/\/paripesaapp.com\/","logo":{"@type":"ImageObject","inLanguage":"sv-SE","@id":"https:\/\/paripesaapp.com\/#\/schema\/logo\/image\/","url":"https:\/\/paripesaapp.com\/wp-content\/uploads\/2024\/03\/logo-2.png","contentUrl":"https:\/\/paripesaapp.com\/wp-content\/uploads\/2024\/03\/logo-2.png","width":463,"height":79,"caption":"PariPesa App Download Latest Version for IOS Android"},"image":{"@id":"https:\/\/paripesaapp.com\/#\/schema\/logo\/image\/"}}]}},"_links":{"self":[{"href":"https:\/\/paripesaapp.com\/sv\/wp-json\/wp\/v2\/pages\/2359","targetHints":{"allow":["GET"]}}],"collection":[{"href":"https:\/\/paripesaapp.com\/sv\/wp-json\/wp\/v2\/pages"}],"about":[{"href":"https:\/\/paripesaapp.com\/sv\/wp-json\/wp\/v2\/types\/page"}],"author":[{"embeddable":true,"href":"https:\/\/paripesaapp.com\/sv\/wp-json\/wp\/v2\/users\/2"}],"replies":[{"embeddable":true,"href":"https:\/\/paripesaapp.com\/sv\/wp-json\/wp\/v2\/comments?post=2359"}],"version-history":[{"count":7,"href":"https:\/\/paripesaapp.com\/sv\/wp-json\/wp\/v2\/pages\/2359\/revisions"}],"predecessor-version":[{"id":4410,"href":"https:\/\/paripesaapp.com\/sv\/wp-json\/wp\/v2\/pages\/2359\/revisions\/4410"}],"wp:attachment":[{"href":"https:\/\/paripesaapp.com\/sv\/wp-json\/wp\/v2\/media?parent=2359"}],"curies":[{"name":"wp","href":"https:\/\/api.w.org\/{rel}","templated":true}]}}