{"id":2542,"date":"2024-05-20T12:56:10","date_gmt":"2024-05-20T09:56:10","guid":{"rendered":"https:\/\/paripesaapp.com\/withdraw\/"},"modified":"2025-01-13T17:28:57","modified_gmt":"2025-01-13T14:28:57","slug":"withdraw","status":"publish","type":"page","link":"https:\/\/paripesaapp.com\/sv\/withdraw\/","title":{"rendered":"withdraw"},"content":{"rendered":"<section class=\"l-section wpb_row height_auto\"><div class=\"l-section-h i-cf\"><div class=\"g-cols vc_row via_grid cols_1 laptops-cols_inherit tablets-cols_inherit mobiles-cols_1 valign_top type_default stacking_default\"><div class=\"wpb_column vc_column_container\"><div class=\"vc_column-inner\"><nav class=\"g-breadcrumbs separator_icon align_none\" itemscope itemtype=\"http:\/\/schema.org\/BreadcrumbList\"><div class=\"g-breadcrumbs-item\" itemscope itemprop=\"itemListElement\" itemtype=\"http:\/\/schema.org\/ListItem\"><a itemprop=\"item\" href=\"https:\/\/paripesaapp.com\/sv\/\"><span itemprop=\"name\">PariPesa Sveriges<\/span><\/a><meta itemprop=\"position\" content=\"1\"\/><\/div><div class=\"g-breadcrumbs-separator\"><i class=\"far fa-angle-right\"><\/i><\/div><div class=\"g-breadcrumbs-item\">Sidor<\/div><\/nav><div class=\"w-separator size_custom\" style=\"height:30px\"><\/div><div id=\"ez-toc-container\" class=\"ez-toc-v2_0_71 counter-hierarchy ez-toc-counter ez-toc-grey ez-toc-container-direction\">\n<div class=\"ez-toc-title-container\">\n<p class=\"ez-toc-title\" style=\"cursor:inherit\">Inneh\u00e5llsf\u00f6rteckning\n<\/p>\n<span class=\"ez-toc-title-toggle\"><a href=\"#\" class=\"ez-toc-pull-right ez-toc-btn ez-toc-btn-xs ez-toc-btn-default ez-toc-toggle\" aria-label=\"Toggle Table of Content\"><span class=\"ez-toc-js-icon-con\"><span class=\"\"><span class=\"eztoc-hide\" style=\"display:none;\">Toggle<\/span><span class=\"ez-toc-icon-toggle-span\"><svg style=\"fill: #999;color:#999\" xmlns=\"http:\/\/www.w3.org\/2000\/svg\" class=\"list-377408\" width=\"20px\" height=\"20px\" viewBox=\"0 0 24 24\" fill=\"none\"><path d=\"M6 6H4v2h2V6zm14 0H8v2h12V6zM4 11h2v2H4v-2zm16 0H8v2h12v-2zM4 16h2v2H4v-2zm16 0H8v2h12v-2z\" fill=\"currentColor\"><\/path><\/svg><svg style=\"fill: #999;color:#999\" class=\"arrow-unsorted-368013\" xmlns=\"http:\/\/www.w3.org\/2000\/svg\" width=\"10px\" height=\"10px\" viewBox=\"0 0 24 24\" version=\"1.2\" baseProfile=\"tiny\"><path d=\"M18.2 9.3l-6.2-6.3-6.2 6.3c-.2.2-.3.4-.3.7s.1.5.3.7c.2.2.4.3.7.3h11c.3 0 .5-.1.7-.3.2-.2.3-.5.3-.7s-.1-.5-.3-.7zM5.8 14.7l6.2 6.3 6.2-6.3c.2-.2.3-.5.3-.7s-.1-.5-.3-.7c-.2-.2-.4-.3-.7-.3h-11c-.3 0-.5.1-.7.3-.2.2-.3.5-.3.7s.1.5.3.7z\"\/><\/svg><\/span><\/span><\/span><\/a><\/span><\/div>\n<nav><ul class='ez-toc-list ez-toc-list-level-1 ' ><li class='ez-toc-page-1 ez-toc-heading-level-1'><a class=\"ez-toc-link ez-toc-heading-1\" href=\"https:\/\/paripesaapp.com\/sv\/withdraw\/#Paripesa_Uttag_%E2%80%93_Snabba_och_Sakra_Utbetalningar_%F0%9F%93%B1\" title=\"Paripesa Uttag \u2013 Snabba och S\u00e4kra Utbetalningar \ud83d\udcf1\">Paripesa Uttag \u2013 Snabba och S\u00e4kra Utbetalningar \ud83d\udcf1<\/a><ul class='ez-toc-list-level-3' ><li class='ez-toc-heading-level-3'><ul class='ez-toc-list-level-3' ><li class='ez-toc-heading-level-3'><a class=\"ez-toc-link ez-toc-heading-2\" href=\"https:\/\/paripesaapp.com\/sv\/withdraw\/#Hur_tar_man_ut_pengar_via_Paripesa-appen\" title=\"Hur tar man ut pengar via Paripesa-appen?\">Hur tar man ut pengar via Paripesa-appen?<\/a><\/li><\/ul><\/li><li class='ez-toc-page-1 ez-toc-heading-level-2'><a class=\"ez-toc-link ez-toc-heading-3\" href=\"https:\/\/paripesaapp.com\/sv\/withdraw\/#Vanliga_fragor\" title=\"Vanliga fr\u00e5gor\">Vanliga fr\u00e5gor<\/a><\/li><\/ul><\/li><\/ul><\/nav><\/div>\n<h1 class=\"w-text\"><span class=\"ez-toc-section\" id=\"Paripesa_Uttag_%E2%80%93_Snabba_och_Sakra_Utbetalningar_%F0%9F%93%B1\"><\/span><span class=\"w-text-h\"><span class=\"w-text-value\">Paripesa Uttag \u2013 Snabba och S\u00e4kra Utbetalningar \ud83d\udcf1<\/span><\/span><span class=\"ez-toc-section-end\"><\/span><\/h1><div class=\"w-separator size_custom\" style=\"height:30px\"><\/div><div class=\"wpb_text_column\"><div class=\"wpb_wrapper\"><p>Tr\u00f6tt p\u00e5 att v\u00e4nta p\u00e5 utbetalningar? Uppt\u00e4ck <a href=\"\/sv\/\">Paripesa App<\/a>-bonusar<\/p>\n<p>\u00c4r du tr\u00f6tt p\u00e5 att v\u00e4nta p\u00e5 vinnande utbetalningar och h\u00f6ga avgifter? Med Paripesa-appen \u00e4r det ett minne blott.<\/p>\n<p>F\u00f6lj den enkla registreringsprocessen i appen och f\u00e5 m\u00f6jligheten att snabbt ta ut dina vinster fr\u00e5n plattformen. Uppt\u00e4ck dessutom de fr\u00e4msta funktionerna:<\/p>\n<ul>\n<li>Betalningar i kryptovaluta: En smidig och modern l\u00f6sning.<\/li>\n<li>S\u00e4kerhet och f\u00f6rtroende: Certifikat och avancerade algoritmer som skyddar din information.<\/li>\n<li>Stort spelutbud: V\u00e4lj bland \u00f6ver 100 spel och andra sp\u00e4nnande aktiviteter.<\/li>\n<li>Flexibla betalningsmetoder: St\u00f6d f\u00f6r olika alternativ som passar dina behov.<\/li>\n<li>Exklusiva bonusar: F\u00e5 v\u00e4lkomstbonusar och ta del av specialprogram.<\/li>\n<\/ul>\n<p>Redo att vinna? Skapa ditt konto idag och upplev en ny niv\u00e5 av bekv\u00e4mlighet och sp\u00e4nning med Paripesa!<\/p>\n<p><span style=\"font-weight: 400;\"><picture class=\"size-full wp-image-2545 aligncenter\"><source srcset=\"https:\/\/paripesaapp.com\/wp-content\/uploads\/2024\/05\/W-sweden.jpg.webp\" type=\"image\/webp\" \/><\/picture><picture class=\"size-full wp-image-2545 aligncenter\"><img loading=\"lazy\" decoding=\"async\" class=\"aligncenter\" src=\"data:image\/gif;base64,R0lGODdhAQABAPAAAMPDwwAAACwAAAAAAQABAAACAkQBADs=\" alt=\"omedelbart uttag online casino\" width=\"900\" height=\"440\" data-lazyloaded=\"1\" data-src=\"https:\/\/paripesaapp.com\/wp-content\/uploads\/2024\/05\/W-sweden.jpg.webp\" \/><\/picture><noscript><img loading=\"lazy\" decoding=\"async\" src=\"https:\/\/paripesaapp.com\/wp-content\/uploads\/2024\/05\/W-sweden.jpg.webp\" alt=\"omedelbart uttag online casino\" width=\"900\" height=\"440\"\/><\/noscript><\/span><\/p>\n<p>Redo att vinna? Skapa sedan ett konto och g\u00e5 med oss.<\/p>\n<h3><span class=\"ez-toc-section\" id=\"Hur_tar_man_ut_pengar_via_Paripesa-appen\"><\/span>Hur tar man ut pengar via Paripesa-appen?<span class=\"ez-toc-section-end\"><\/span><\/h3>\n<p>F\u00f6r att utf\u00f6ra processen att ta ut pengar fr\u00e5n kontot i ett onlinekasino med omedelbart uttag, m\u00e5ste du g\u00f6ra f\u00f6ljande:<\/p>\n<table>\n<tbody>\n<tr>\n<td>Logga in p\u00e5 applikationen eller plattformen<\/td>\n<td>Ange ditt mobilnummer, inloggning eller e-post.<\/td>\n<\/tr>\n<tr>\n<td>Kontrollera tillg\u00e4ngligheten f\u00f6r uttagsbeloppet<\/td>\n<td>\u00d6ppna saldosk\u00e4rmen, d\u00e4r kontostatus visas.<\/td>\n<\/tr>\n<tr>\n<td>V\u00e4lj ett uttagsalternativ<\/td>\n<td>Fullst\u00e4ndigt uttag, delvis, standardbelopp.<\/td>\n<\/tr>\n<tr>\n<td>Ange detaljer f\u00f6r att ta emot pengar<\/td>\n<td>Ett bankkort eller digital tj\u00e4nst f\u00f6r fiat, en kryptopl\u00e5nbok f\u00f6r kryptovaluta.<\/td>\n<\/tr>\n<tr>\n<td>V\u00e4nta p\u00e5 registrering<\/td>\n<td>Kontrollera statusen f\u00f6r m\u00e5lkontot. Transaktionen omedelbar eller varar i n\u00e5gra minuter.<\/td>\n<\/tr>\n<\/tbody>\n<\/table>\n<p>Paripesa app \u00e4r en plattform som g\u00f6r att du snabbt och bekv\u00e4mt kan ta emot dina vinster &#8220;i dina h\u00e4nder&#8221;. Det finns inga f\u00f6rv\u00e4ntningar, h\u00f6ga avgifter eller minimigr\u00e4nser.<\/p>\n<\/div><\/div><div class=\"w-separator size_custom\" style=\"height:30px\"><\/div><div class=\"w-btn-wrapper align_center\"><a class=\"w-btn us-btn-style_1 us_custom_c67b15c7\" href=\"https:\/\/combodef.com\/L?tag=d_4824592m_45569c_&amp;site=4824592&amp;ad=45569\"><span class=\"w-btn-label\">REGISTRERA<\/span><\/a><\/div><div class=\"w-separator size_custom\" style=\"height:30px\"><\/div><\/div><\/div><\/div><\/div><\/section><section class=\"l-section wpb_row height_auto\"><div class=\"l-section-h i-cf\"><div class=\"g-cols vc_row via_grid cols_1 laptops-cols_inherit tablets-cols_inherit mobiles-cols_1 valign_top type_default stacking_default\"><div class=\"wpb_column vc_column_container\"><div class=\"vc_column-inner\"><h2 class=\"w-text\"><span class=\"ez-toc-section\" id=\"Vanliga_fragor\"><\/span><span class=\"w-text-h\"><span class=\"w-text-value\">Vanliga fr\u00e5gor<\/span><\/span><span class=\"ez-toc-section-end\"><\/span><\/h2><div class=\"w-separator size_custom\" style=\"height:30px\"><\/div><div class=\"w-tabs style_default switch_click accordion has_scrolling\" style=\"--sections-title-size:inherit\"><div class=\"w-tabs-sections titles-align_none icon_chevron cpos_right\"><div class=\"w-tabs-section\" id=\"i049\"><button class=\"w-tabs-section-header\" aria-controls=\"content-i049\" aria-expanded=\"false\"><div class=\"w-tabs-section-title\">Hur l\u00e4nge m\u00e5ste jag v\u00e4nta p\u00e5 att vinsterna ska krediteras?<\/div><div class=\"w-tabs-section-control\"><\/div><\/button><div  class=\"w-tabs-section-content\" id=\"content-i049\"><div class=\"w-tabs-section-content-h i-cf\"><div class=\"wpb_text_column\"><div class=\"wpb_wrapper\"><p>Omedelbart uttag onlinecasino Paripesa app \u2013 det \u00e4r d\u00e5 namnet talar f\u00f6r sig sj\u00e4lvt. Den maximala v\u00e4ntetiden f\u00f6r betalning \u00e4r upp till 5 minuter fr\u00e5n plattformen. Den enda m\u00f6jliga f\u00f6rdr\u00f6jningen \u00e4r hastigheten p\u00e5 transaktionsbearbetningen fr\u00e5n bankens sida (n\u00e4r det g\u00e4ller fiat-valutor).<\/p>\n<\/div><\/div><\/div><\/div><\/div><div class=\"w-tabs-section\" id=\"r11b\"><button class=\"w-tabs-section-header\" aria-controls=\"content-r11b\" aria-expanded=\"false\"><div class=\"w-tabs-section-title\">Var kommer pengar, vunna pengar i kasinot?<\/div><div class=\"w-tabs-section-control\"><\/div><\/button><div  class=\"w-tabs-section-content\" id=\"content-r11b\"><div class=\"w-tabs-section-content-h i-cf\"><div class=\"wpb_text_column\"><div class=\"wpb_wrapper\"><p>Paripesa-appen l\u00e5ter dig ta ut pengar till ett brett utbud av olika betalningsplattformar, bankkonton och kryptopl\u00e5nb\u00f6cker med flera blockkedjor. D\u00e4rf\u00f6r kan du sj\u00e4lvst\u00e4ndigt v\u00e4lja detaljerna, enligt vilka du kommer att debiteras ekonomi fr\u00e5n vinster i kasinot.<\/p>\n<\/div><\/div><\/div><\/div><\/div><div class=\"w-tabs-section\" id=\"y1e4\"><button class=\"w-tabs-section-header\" aria-controls=\"content-y1e4\" aria-expanded=\"false\"><div class=\"w-tabs-section-title\">Kan jag mata in och mata ut krypto?<\/div><div class=\"w-tabs-section-control\"><\/div><\/button><div  class=\"w-tabs-section-content\" id=\"content-y1e4\"><div class=\"w-tabs-section-content-h i-cf\"><div class=\"wpb_text_column\"><div class=\"wpb_wrapper\"><p>Paripesa app \u00e4r en av f\u00e5 plattformar som arbetar direkt med kryptovalutor och olika blockkedjor. H\u00e4r kan du v\u00e4lja token och n\u00e4tverk d\u00e4r ber\u00e4kningen ska g\u00f6ras. Pengar kommer att skickas till dig omedelbart och kommer in p\u00e5 ditt konto omedelbart efter att transaktionen har bekr\u00e4ftats.<\/p>\n<\/div><\/div><\/div><\/div><\/div><div class=\"w-tabs-section\" id=\"d2ad\"><button class=\"w-tabs-section-header\" aria-controls=\"content-d2ad\" aria-expanded=\"false\"><div class=\"w-tabs-section-title\">Finns det n\u00e5gra bonusar f\u00f6r nya spelare?<\/div><div class=\"w-tabs-section-control\"><\/div><\/button><div  class=\"w-tabs-section-content\" id=\"content-d2ad\"><div class=\"w-tabs-section-content-h i-cf\"><div class=\"wpb_text_column\"><div class=\"wpb_wrapper\"><p>Paripesa app ger tillg\u00e5ng till olika bonusprogram, till exempel v\u00e4lkomstbonusar med extra r\u00e4nta p\u00e5 kontot. F\u00f6r varje transaktion kan du ocks\u00e5 f\u00e5 +100% cashback eller byta finanser f\u00f6r ytterligare kurser, \u00f6kade koefficienter, etc.<\/p>\n<\/div><\/div><\/div><\/div><\/div><\/div><\/div><\/div><\/div><\/div><\/div><\/section>\n","protected":false},"excerpt":{"rendered":"PariPesa SverigesSidorParipesa Uttag \u2013 Snabba och S\u00e4kra Utbetalningar \ud83d\udcf1Tr\u00f6tt p\u00e5 att v\u00e4nta p\u00e5 utbetalningar? Uppt\u00e4ck Paripesa App-bonusar \u00c4r du tr\u00f6tt p\u00e5 att v\u00e4nta p\u00e5 vinnande utbetalningar och h\u00f6ga avgifter? Med Paripesa-appen \u00e4r det ett minne blott. F\u00f6lj den enkla registreringsprocessen i appen och f\u00e5 m\u00f6jligheten att snabbt ta ut dina vinster fr\u00e5n plattformen. Uppt\u00e4ck dessutom...","protected":false},"author":2,"featured_media":0,"parent":0,"menu_order":0,"comment_status":"closed","ping_status":"closed","template":"","meta":{"_sitemap_exclude":false,"_sitemap_priority":"","_sitemap_frequency":"","footnotes":""},"class_list":["post-2542","page","type-page","status-publish","hentry"],"acf":[],"yoast_head":"<!-- This site is optimized with the Yoast SEO plugin v24.0 - https:\/\/yoast.com\/wordpress\/plugins\/seo\/ -->\n<title>Paripesa Uttag | Snabba och S\u00e4kra Transaktioner<\/title>\n<meta name=\"description\" content=\"Uppt\u00e4ck hur du g\u00f6r uttag p\u00e5 Paripesa i Sverige. Njut av enkla, snabba och s\u00e4kra metoder f\u00f6r att f\u00e5 tillg\u00e5ng till dina vinster utan kr\u00e5ngel.\" \/>\n<meta name=\"robots\" content=\"index, follow, max-snippet:-1, max-image-preview:large, max-video-preview:-1\" \/>\n<meta property=\"og:locale\" content=\"sv_SE\" \/>\n<meta property=\"og:type\" content=\"article\" \/>\n<meta property=\"og:url\" content=\"https:\/\/paripesaapp.com\/sv\/withdraw\/\" \/>\n<meta property=\"og:site_name\" content=\"PariPesa App Ladda ner senaste versionen f\u00f6r IOS Android\" \/>\n<meta property=\"article:modified_time\" content=\"2025-01-13T14:28:57+00:00\" \/>\n<meta property=\"og:image\" content=\"https:\/\/paripesaapp.com\/wp-content\/uploads\/2024\/05\/W-sweden.jpg.webp\" \/>\n<meta name=\"twitter:label1\" content=\"Ber\u00e4knad l\u00e4stid\" \/>\n\t<meta name=\"twitter:data1\" content=\"3 minuter\" \/>\n<script type=\"application\/ld+json\" class=\"yoast-schema-graph\">{\"@context\":\"https:\/\/schema.org\",\"@graph\":[{\"@type\":\"WebPage\",\"@id\":\"https:\/\/paripesaapp.com\/sv\/withdraw\/\",\"url\":\"https:\/\/paripesaapp.com\/sv\/withdraw\/\",\"name\":\"Paripesa Uttag | Snabba och S\u00e4kra Transaktioner\",\"isPartOf\":{\"@id\":\"https:\/\/paripesaapp.com\/#website\"},\"primaryImageOfPage\":{\"@id\":\"https:\/\/paripesaapp.com\/sv\/withdraw\/#primaryimage\"},\"image\":{\"@id\":\"https:\/\/paripesaapp.com\/sv\/withdraw\/#primaryimage\"},\"thumbnailUrl\":\"https:\/\/paripesaapp.com\/wp-content\/uploads\/2024\/05\/W-sweden.jpg.webp\",\"datePublished\":\"2024-05-20T09:56:10+00:00\",\"dateModified\":\"2025-01-13T14:28:57+00:00\",\"description\":\"Uppt\u00e4ck hur du g\u00f6r uttag p\u00e5 Paripesa i Sverige. Njut av enkla, snabba och s\u00e4kra metoder f\u00f6r att f\u00e5 tillg\u00e5ng till dina vinster utan kr\u00e5ngel.\",\"breadcrumb\":{\"@id\":\"https:\/\/paripesaapp.com\/sv\/withdraw\/#breadcrumb\"},\"inLanguage\":\"sv-SE\",\"potentialAction\":[{\"@type\":\"ReadAction\",\"target\":[\"https:\/\/paripesaapp.com\/sv\/withdraw\/\"]}]},{\"@type\":\"ImageObject\",\"inLanguage\":\"sv-SE\",\"@id\":\"https:\/\/paripesaapp.com\/sv\/withdraw\/#primaryimage\",\"url\":\"https:\/\/paripesaapp.com\/wp-content\/uploads\/2024\/05\/W-sweden.jpg.webp\",\"contentUrl\":\"https:\/\/paripesaapp.com\/wp-content\/uploads\/2024\/05\/W-sweden.jpg.webp\"},{\"@type\":\"BreadcrumbList\",\"@id\":\"https:\/\/paripesaapp.com\/sv\/withdraw\/#breadcrumb\",\"itemListElement\":[{\"@type\":\"ListItem\",\"position\":1,\"name\":\"Home\",\"item\":\"https:\/\/paripesaapp.com\/sv\/\"},{\"@type\":\"ListItem\",\"position\":2,\"name\":\"withdraw\"}]},{\"@type\":\"WebSite\",\"@id\":\"https:\/\/paripesaapp.com\/#website\",\"url\":\"https:\/\/paripesaapp.com\/\",\"name\":\"PariPesa App Download Latest Version for IOS Android\",\"description\":\"\",\"publisher\":{\"@id\":\"https:\/\/paripesaapp.com\/#organization\"},\"inLanguage\":\"sv-SE\"},{\"@type\":\"Organization\",\"@id\":\"https:\/\/paripesaapp.com\/#organization\",\"name\":\"PariPesa App Download Latest Version for IOS Android\",\"url\":\"https:\/\/paripesaapp.com\/\",\"logo\":{\"@type\":\"ImageObject\",\"inLanguage\":\"sv-SE\",\"@id\":\"https:\/\/paripesaapp.com\/#\/schema\/logo\/image\/\",\"url\":\"https:\/\/paripesaapp.com\/wp-content\/uploads\/2024\/03\/logo-2.png\",\"contentUrl\":\"https:\/\/paripesaapp.com\/wp-content\/uploads\/2024\/03\/logo-2.png\",\"width\":463,\"height\":79,\"caption\":\"PariPesa App Download Latest Version for IOS Android\"},\"image\":{\"@id\":\"https:\/\/paripesaapp.com\/#\/schema\/logo\/image\/\"}}]}<\/script>\n<!-- \/ Yoast SEO plugin. -->","yoast_head_json":{"title":"Paripesa Uttag | Snabba och S\u00e4kra Transaktioner","description":"Uppt\u00e4ck hur du g\u00f6r uttag p\u00e5 Paripesa i Sverige. Njut av enkla, snabba och s\u00e4kra metoder f\u00f6r att f\u00e5 tillg\u00e5ng till dina vinster utan kr\u00e5ngel.","robots":{"index":"index","follow":"follow","max-snippet":"max-snippet:-1","max-image-preview":"max-image-preview:large","max-video-preview":"max-video-preview:-1"},"og_locale":"sv_SE","og_type":"article","og_url":"https:\/\/paripesaapp.com\/sv\/withdraw\/","og_site_name":"PariPesa App Ladda ner senaste versionen f\u00f6r IOS Android","article_modified_time":"2025-01-13T14:28:57+00:00","og_image":[{"url":"https:\/\/paripesaapp.com\/wp-content\/uploads\/2024\/05\/W-sweden.jpg.webp","type":"","width":"","height":""}],"twitter_misc":{"Ber\u00e4knad l\u00e4stid":"3 minuter"},"schema":{"@context":"https:\/\/schema.org","@graph":[{"@type":"WebPage","@id":"https:\/\/paripesaapp.com\/sv\/withdraw\/","url":"https:\/\/paripesaapp.com\/sv\/withdraw\/","name":"Paripesa Uttag | Snabba och S\u00e4kra Transaktioner","isPartOf":{"@id":"https:\/\/paripesaapp.com\/#website"},"primaryImageOfPage":{"@id":"https:\/\/paripesaapp.com\/sv\/withdraw\/#primaryimage"},"image":{"@id":"https:\/\/paripesaapp.com\/sv\/withdraw\/#primaryimage"},"thumbnailUrl":"https:\/\/paripesaapp.com\/wp-content\/uploads\/2024\/05\/W-sweden.jpg.webp","datePublished":"2024-05-20T09:56:10+00:00","dateModified":"2025-01-13T14:28:57+00:00","description":"Uppt\u00e4ck hur du g\u00f6r uttag p\u00e5 Paripesa i Sverige. Njut av enkla, snabba och s\u00e4kra metoder f\u00f6r att f\u00e5 tillg\u00e5ng till dina vinster utan kr\u00e5ngel.","breadcrumb":{"@id":"https:\/\/paripesaapp.com\/sv\/withdraw\/#breadcrumb"},"inLanguage":"sv-SE","potentialAction":[{"@type":"ReadAction","target":["https:\/\/paripesaapp.com\/sv\/withdraw\/"]}]},{"@type":"ImageObject","inLanguage":"sv-SE","@id":"https:\/\/paripesaapp.com\/sv\/withdraw\/#primaryimage","url":"https:\/\/paripesaapp.com\/wp-content\/uploads\/2024\/05\/W-sweden.jpg.webp","contentUrl":"https:\/\/paripesaapp.com\/wp-content\/uploads\/2024\/05\/W-sweden.jpg.webp"},{"@type":"BreadcrumbList","@id":"https:\/\/paripesaapp.com\/sv\/withdraw\/#breadcrumb","itemListElement":[{"@type":"ListItem","position":1,"name":"Home","item":"https:\/\/paripesaapp.com\/sv\/"},{"@type":"ListItem","position":2,"name":"withdraw"}]},{"@type":"WebSite","@id":"https:\/\/paripesaapp.com\/#website","url":"https:\/\/paripesaapp.com\/","name":"PariPesa App Download Latest Version for IOS Android","description":"","publisher":{"@id":"https:\/\/paripesaapp.com\/#organization"},"inLanguage":"sv-SE"},{"@type":"Organization","@id":"https:\/\/paripesaapp.com\/#organization","name":"PariPesa App Download Latest Version for IOS Android","url":"https:\/\/paripesaapp.com\/","logo":{"@type":"ImageObject","inLanguage":"sv-SE","@id":"https:\/\/paripesaapp.com\/#\/schema\/logo\/image\/","url":"https:\/\/paripesaapp.com\/wp-content\/uploads\/2024\/03\/logo-2.png","contentUrl":"https:\/\/paripesaapp.com\/wp-content\/uploads\/2024\/03\/logo-2.png","width":463,"height":79,"caption":"PariPesa App Download Latest Version for IOS Android"},"image":{"@id":"https:\/\/paripesaapp.com\/#\/schema\/logo\/image\/"}}]}},"_links":{"self":[{"href":"https:\/\/paripesaapp.com\/sv\/wp-json\/wp\/v2\/pages\/2542","targetHints":{"allow":["GET"]}}],"collection":[{"href":"https:\/\/paripesaapp.com\/sv\/wp-json\/wp\/v2\/pages"}],"about":[{"href":"https:\/\/paripesaapp.com\/sv\/wp-json\/wp\/v2\/types\/page"}],"author":[{"embeddable":true,"href":"https:\/\/paripesaapp.com\/sv\/wp-json\/wp\/v2\/users\/2"}],"replies":[{"embeddable":true,"href":"https:\/\/paripesaapp.com\/sv\/wp-json\/wp\/v2\/comments?post=2542"}],"version-history":[{"count":6,"href":"https:\/\/paripesaapp.com\/sv\/wp-json\/wp\/v2\/pages\/2542\/revisions"}],"predecessor-version":[{"id":4411,"href":"https:\/\/paripesaapp.com\/sv\/wp-json\/wp\/v2\/pages\/2542\/revisions\/4411"}],"wp:attachment":[{"href":"https:\/\/paripesaapp.com\/sv\/wp-json\/wp\/v2\/media?parent=2542"}],"curies":[{"name":"wp","href":"https:\/\/api.w.org\/{rel}","templated":true}]}}