{"id":2748,"date":"2024-05-21T11:47:54","date_gmt":"2024-05-21T08:47:54","guid":{"rendered":"https:\/\/paripesaapp.com\/bonus\/"},"modified":"2025-01-13T16:58:04","modified_gmt":"2025-01-13T13:58:04","slug":"bonus","status":"publish","type":"page","link":"https:\/\/paripesaapp.com\/sv\/bonus\/","title":{"rendered":"bonus"},"content":{"rendered":"<section class=\"l-section wpb_row height_auto\"><div class=\"l-section-h i-cf\"><div class=\"g-cols vc_row via_grid cols_1 laptops-cols_inherit tablets-cols_inherit mobiles-cols_1 valign_top type_default stacking_default\"><div class=\"wpb_column vc_column_container\"><div class=\"vc_column-inner\"><nav class=\"g-breadcrumbs separator_icon align_none\" itemscope itemtype=\"http:\/\/schema.org\/BreadcrumbList\"><div class=\"g-breadcrumbs-item\" itemscope itemprop=\"itemListElement\" itemtype=\"http:\/\/schema.org\/ListItem\"><a itemprop=\"item\" href=\"https:\/\/paripesaapp.com\/sv\/\"><span itemprop=\"name\">Paripesa Sveriges<\/span><\/a><meta itemprop=\"position\" content=\"1\"\/><\/div><div class=\"g-breadcrumbs-separator\"><i class=\"far fa-angle-right\"><\/i><\/div><div class=\"g-breadcrumbs-item\">Sidor<\/div><\/nav><div class=\"w-separator size_custom\" style=\"height:30px\"><\/div><div id=\"ez-toc-container\" class=\"ez-toc-v2_0_71 counter-hierarchy ez-toc-counter ez-toc-grey ez-toc-container-direction\">\n<div class=\"ez-toc-title-container\">\n<p class=\"ez-toc-title\" style=\"cursor:inherit\">Inneh\u00e5llsf\u00f6rteckning\n<\/p>\n<span class=\"ez-toc-title-toggle\"><a href=\"#\" class=\"ez-toc-pull-right ez-toc-btn ez-toc-btn-xs ez-toc-btn-default ez-toc-toggle\" aria-label=\"Toggle Table of Content\"><span class=\"ez-toc-js-icon-con\"><span class=\"\"><span class=\"eztoc-hide\" style=\"display:none;\">Toggle<\/span><span class=\"ez-toc-icon-toggle-span\"><svg style=\"fill: #999;color:#999\" xmlns=\"http:\/\/www.w3.org\/2000\/svg\" class=\"list-377408\" width=\"20px\" height=\"20px\" viewBox=\"0 0 24 24\" fill=\"none\"><path d=\"M6 6H4v2h2V6zm14 0H8v2h12V6zM4 11h2v2H4v-2zm16 0H8v2h12v-2zM4 16h2v2H4v-2zm16 0H8v2h12v-2z\" fill=\"currentColor\"><\/path><\/svg><svg style=\"fill: #999;color:#999\" class=\"arrow-unsorted-368013\" xmlns=\"http:\/\/www.w3.org\/2000\/svg\" width=\"10px\" height=\"10px\" viewBox=\"0 0 24 24\" version=\"1.2\" baseProfile=\"tiny\"><path d=\"M18.2 9.3l-6.2-6.3-6.2 6.3c-.2.2-.3.4-.3.7s.1.5.3.7c.2.2.4.3.7.3h11c.3 0 .5-.1.7-.3.2-.2.3-.5.3-.7s-.1-.5-.3-.7zM5.8 14.7l6.2 6.3 6.2-6.3c.2-.2.3-.5.3-.7s-.1-.5-.3-.7c-.2-.2-.4-.3-.7-.3h-11c-.3 0-.5.1-.7.3-.2.2-.3.5-.3.7s.1.5.3.7z\"\/><\/svg><\/span><\/span><\/span><\/a><\/span><\/div>\n<nav><ul class='ez-toc-list ez-toc-list-level-1 ' ><li class='ez-toc-page-1 ez-toc-heading-level-1'><a class=\"ez-toc-link ez-toc-heading-1\" href=\"https:\/\/paripesaapp.com\/sv\/bonus\/#Paripesa_Bonus_%E2%80%93_Maxa_Dina_Vinster_med_Exklusiva_Erbjudanden_%E2%9C%A8\" title=\"Paripesa Bonus \u2013 Maxa Dina Vinster med Exklusiva Erbjudanden \u2728\">Paripesa Bonus \u2013 Maxa Dina Vinster med Exklusiva Erbjudanden \u2728<\/a><ul class='ez-toc-list-level-3' ><li class='ez-toc-heading-level-3'><ul class='ez-toc-list-level-3' ><li class='ez-toc-heading-level-3'><a class=\"ez-toc-link ez-toc-heading-2\" href=\"https:\/\/paripesaapp.com\/sv\/bonus\/#Obegransat_antal_bonusar_med_Paripesa_App\" title=\"Obegr\u00e4nsat antal bonusar med Paripesa App\">Obegr\u00e4nsat antal bonusar med Paripesa App<\/a><\/li><\/ul><\/li><li class='ez-toc-page-1 ez-toc-heading-level-2'><a class=\"ez-toc-link ez-toc-heading-3\" href=\"https:\/\/paripesaapp.com\/sv\/bonus\/#Vanliga_fragor\" title=\"Vanliga fr\u00e5gor\">Vanliga fr\u00e5gor<\/a><\/li><\/ul><\/li><\/ul><\/nav><\/div>\n<h1 class=\"w-text\"><span class=\"ez-toc-section\" id=\"Paripesa_Bonus_%E2%80%93_Maxa_Dina_Vinster_med_Exklusiva_Erbjudanden_%E2%9C%A8\"><\/span><span class=\"w-text-h\"><span class=\"w-text-value\">Paripesa Bonus \u2013 Maxa Dina Vinster med Exklusiva Erbjudanden \u2728 <\/span><\/span><span class=\"ez-toc-section-end\"><\/span><\/h1><div class=\"w-separator size_custom\" style=\"height:30px\"><\/div><div class=\"wpb_text_column\"><div class=\"wpb_wrapper\"><p>\u00c4r du tr\u00f6tt p\u00e5 att spendera dina egna pengar p\u00e5 spel? Prova <a href=\"\/sv\/\">Paripesa-appen<\/a> \u2013 ett kasino d\u00e4r du f\u00e5r bonuspengar, satsningar och f\u00f6rdelaktiga odds.<br \/>\nMed appen f\u00e5r du m\u00f6jlighet att:<\/p>\n<ul>\n<li>F\u00e5 upp till 300 % av din ins\u00e4ttning tillbaka som bonus.<\/li>\n<li>Anv\u00e4nda din lokala valuta f\u00f6r satsningar.<\/li>\n<li>\u00d6ka dina vinster genom accumulatorer.<\/li>\n<li>Omvandla bonusar till riktiga pengar.<\/li>\n<li>S\u00e4kerhetstest av olika spelstrategier.<\/li>\n<\/ul>\n<p>Ta chansen att maximera din spelupplevelse och uppt\u00e4ck alla f\u00f6rdelar med Paripesa redan idag!<\/p>\n<p><span style=\"font-weight: 400;\"><picture class=\"aligncenter wp-image-2691 size-full\"><source srcset=\"https:\/\/paripesaapp.com\/wp-content\/uploads\/2024\/05\/\u0431\u043e\u043d\u0443\u0441.jpg.webp\" type=\"image\/webp\" \/><\/picture><picture class=\"aligncenter wp-image-2691 size-full\"><img loading=\"lazy\" decoding=\"async\" class=\"aligncenter\" src=\"data:image\/gif;base64,R0lGODdhAQABAPAAAMPDwwAAACwAAAAAAQABAAACAkQBADs=\" alt=\"online casino bonus erbjudanden\" width=\"1200\" height=\"410\" data-lazyloaded=\"1\" data-src=\"https:\/\/paripesaapp.com\/wp-content\/uploads\/2024\/05\/\u0431\u043e\u043d\u0443\u0441.jpg.webp\" \/><\/picture><noscript><img loading=\"lazy\" decoding=\"async\" src=\"https:\/\/paripesaapp.com\/wp-content\/uploads\/2024\/05\/\u0431\u043e\u043d\u0443\u0441.jpg.webp\" alt=\"online casino bonus erbjudanden\" width=\"1200\" height=\"410\"\/><\/noscript><\/span><\/p>\n<p>Detta \u00e4r bara en liten m\u00e4ngd av vad du f\u00e5r genom att registrera dig p\u00e5 plattformen.<\/p>\n<p>De b\u00e4sta erbjudandena i Paripesa App<\/p>\n<p>Paripesa app har m\u00e5nga online casino bonus erbjudanden, vilket g\u00f6r att du kan spendera tid i systemet med f\u00f6rdelar och n\u00f6je. Allt f\u00f6r att plattformen erbjuder alla spelare ett unikt bonusprogram som inkluderar:<\/p>\n<table>\n<tbody>\n<tr>\n<td>V\u00e4lkomsterbjudanden<\/td>\n<td>Upp till 100 % cashback p\u00e5 ins\u00e4ttningar upp till 100 $, gratissnurr och spel.<\/td>\n<\/tr>\n<tr>\n<td>Ackumulatorer<\/td>\n<td>M\u00f6jligheten att \u00f6ka vinsterna genom att investera i evenemangets allm\u00e4nna fond.<\/td>\n<\/tr>\n<tr>\n<td>Ers\u00e4ttning<\/td>\n<td>Avkastning % av f\u00f6rlorade medel f\u00f6r en f\u00f6rlorad rad.<\/td>\n<\/tr>\n<tr>\n<td>Prioriterade h\u00e4ndelser<\/td>\n<td>\u00d6kade koefficienter och medel f\u00f6r fans av sportt\u00e4vlingar och lag.<\/td>\n<\/tr>\n<tr>\n<td>Periodiska bonusar<\/td>\n<td>St\u00e4ndiga aktiviteter som l\u00e5ter dig vinna ytterligare pengar, gratissnurr och odds.<\/td>\n<\/tr>\n<\/tbody>\n<\/table>\n<p>&nbsp;<\/p>\n<p>Ju mer du spelar, desto fler bonusar och f\u00f6rdelar f\u00e5r du fr\u00e5n plattformen.<\/p>\n<h3><span class=\"ez-toc-section\" id=\"Obegransat_antal_bonusar_med_Paripesa_App\"><\/span>Obegr\u00e4nsat antal bonusar med Paripesa App<span class=\"ez-toc-section-end\"><\/span><\/h3>\n<p>Paripesa app &#8211; casino online app med obegr\u00e4nsad potential f\u00f6r alla som vill vinna mer. Plattformen erbjuder ett flexibelt bonussystem f\u00f6r nyb\u00f6rjare och vanliga anv\u00e4ndare.<\/p>\n<p>M\u00e5natliga kampanjer, veckobonusar, dagliga prioriterade aktiviteter med lotterier, cashback f\u00f6r ins\u00e4ttningar och m\u00f6jligheten att multiplicera vinster.<\/p>\n<p>Tror inte? Registrera dig bara f\u00f6r appen och b\u00f6rja tj\u00e4na pengar p\u00e5 din hobby!<\/p>\n<\/div><\/div><div class=\"w-separator size_custom\" style=\"height:30px\"><\/div><div class=\"w-btn-wrapper align_center\"><a class=\"w-btn us-btn-style_1 us_custom_c67b15c7\" href=\"https:\/\/combodef.com\/L?tag=d_4824592m_45569c_&amp;site=4824592&amp;ad=45569\"><span class=\"w-btn-label\">REGISTRERA<\/span><\/a><\/div><div class=\"w-separator size_custom\" style=\"height:30px\"><\/div><h2 class=\"w-text\"><span class=\"ez-toc-section\" id=\"Vanliga_fragor\"><\/span><span class=\"w-text-h\"><span class=\"w-text-value\">Vanliga fr\u00e5gor<\/span><\/span><span class=\"ez-toc-section-end\"><\/span><\/h2><div class=\"w-separator size_custom\" style=\"height:30px\"><\/div><div class=\"w-tabs style_default switch_click accordion has_scrolling\" style=\"--sections-title-size:inherit\"><div class=\"w-tabs-sections titles-align_none icon_chevron cpos_right\"><div class=\"w-tabs-section\" id=\"ofd4\"><button class=\"w-tabs-section-header\" aria-controls=\"content-ofd4\" aria-expanded=\"false\"><div class=\"w-tabs-section-title\">Vilken kampanjbonus ska jag r\u00e4kna med?<\/div><div class=\"w-tabs-section-control\"><\/div><\/button><div  class=\"w-tabs-section-content\" id=\"content-ofd4\"><div class=\"w-tabs-section-content-h i-cf\"><div class=\"wpb_text_column\"><div class=\"wpb_wrapper\"><p>Paripesa app publicerar st\u00e4ndigt nya koder, s\u00e4rskilt i lojalitetsprogrammet, som \u00e4r tillg\u00e4ngliga f\u00f6r alla registrerade spelare. H\u00e4r kan du v\u00e4lja de b\u00e4sta erbjudandena och l\u00f6nsamt omvandla dina ins\u00e4ttningar till mycket st\u00f6rre fonder som du kan anv\u00e4nda f\u00f6r att \u00f6ka din inkomst.<\/p>\n<\/div><\/div><\/div><\/div><\/div><div class=\"w-tabs-section\" id=\"p08d\"><button class=\"w-tabs-section-header\" aria-controls=\"content-p08d\" aria-expanded=\"false\"><div class=\"w-tabs-section-title\">Var tar man den b\u00e4sta koden f\u00f6r registrering?<\/div><div class=\"w-tabs-section-control\"><\/div><\/button><div  class=\"w-tabs-section-content\" id=\"content-p08d\"><div class=\"w-tabs-section-content-h i-cf\"><div class=\"wpb_text_column\"><div class=\"wpb_wrapper\"><p>Paripesa app erbjuder st\u00e4ndigt online casino bonuserbjudanden, inklusive nya anv\u00e4ndare. Starta bara registreringsprocessen och f\u00e5 en v\u00e4lkomstkod som garanterar ett visst antal gratissnurr, upp till 100 % cashback och ett antal ytterligare bonusar.<\/p>\n<\/div><\/div><\/div><\/div><\/div><div class=\"w-tabs-section\" id=\"e134\"><button class=\"w-tabs-section-header\" aria-controls=\"content-e134\" aria-expanded=\"false\"><div class=\"w-tabs-section-title\">\u00c4r det m\u00f6jligt att konvertera v\u00e4lkomsterbjudanden till riktiga pengar?<\/div><div class=\"w-tabs-section-control\"><\/div><\/button><div  class=\"w-tabs-section-content\" id=\"content-e134\"><div class=\"w-tabs-section-content-h i-cf\"><div class=\"wpb_text_column\"><div class=\"wpb_wrapper\"><p>Paripesa-appen till\u00e5ter konverteringar \u00f6ver flera konton. F\u00f6r detta b\u00f6r du f\u00e5 bonusar och spela p\u00e5 sport eller delta i andra aktiviteter p\u00e5 plattformen. Genom att spendera ytterligare pengar f\u00e5r du vinster p\u00e5 ett naturligt saldo och kan omedelbart ta ut dem p\u00e5 vilket bekv\u00e4mt s\u00e4tt som helst.<\/p>\n<\/div><\/div><\/div><\/div><\/div><div class=\"w-tabs-section\" id=\"v1ce\"><button class=\"w-tabs-section-header\" aria-controls=\"content-v1ce\" aria-expanded=\"false\"><div class=\"w-tabs-section-title\">Vad f\u00e5r jag som ny spelare?<\/div><div class=\"w-tabs-section-control\"><\/div><\/button><div  class=\"w-tabs-section-content\" id=\"content-v1ce\"><div class=\"w-tabs-section-content-h i-cf\"><div class=\"wpb_text_column\"><div class=\"wpb_wrapper\"><p>Paripesa app uppskattar nya plattformsmedlemmar och erbjuder flera bonusprogram f\u00f6r nykomlingar. Ja, du kan f\u00e5 ett betydande antal gratissnurr, cashback upp till ins\u00e4ttningsbeloppet, b\u00e4ttre odds och garanterat deltagande i lojalitetsprogrammet. Registrera bara ett konto i systemet.<\/p>\n<\/div><\/div><\/div><\/div><\/div><\/div><\/div><\/div><\/div><\/div><\/div><\/section>\n","protected":false},"excerpt":{"rendered":"Paripesa SverigesSidorParipesa Bonus \u2013 Maxa Dina Vinster med Exklusiva Erbjudanden \u2728 \u00c4r du tr\u00f6tt p\u00e5 att spendera dina egna pengar p\u00e5 spel? Prova Paripesa-appen \u2013 ett kasino d\u00e4r du f\u00e5r bonuspengar, satsningar och f\u00f6rdelaktiga odds. Med appen f\u00e5r du m\u00f6jlighet att: F\u00e5 upp till 300 % av din ins\u00e4ttning tillbaka som bonus. Anv\u00e4nda din lokala...","protected":false},"author":2,"featured_media":0,"parent":0,"menu_order":0,"comment_status":"closed","ping_status":"closed","template":"","meta":{"_sitemap_exclude":false,"_sitemap_priority":"","_sitemap_frequency":"","footnotes":""},"class_list":["post-2748","page","type-page","status-publish","hentry"],"acf":[],"yoast_head":"<!-- This site is optimized with the Yoast SEO plugin v24.0 - https:\/\/yoast.com\/wordpress\/plugins\/seo\/ -->\n<title>Paripesa Bonus | Exklusiva Erbjudanden f\u00f6r Betting &amp; Casino<\/title>\n<meta name=\"description\" content=\"Uppt\u00e4ck Paripesa bonusar i Sverige. Ta del av v\u00e4lkomstbonusar, free spins och kampanjer f\u00f6r att f\u00f6rb\u00e4ttra din betting- och casinoupplevelse.\" \/>\n<meta name=\"robots\" content=\"index, follow, max-snippet:-1, max-image-preview:large, max-video-preview:-1\" \/>\n<meta property=\"og:locale\" content=\"sv_SE\" \/>\n<meta property=\"og:type\" content=\"article\" \/>\n<meta property=\"og:url\" content=\"https:\/\/paripesaapp.com\/sv\/bonus\/\" \/>\n<meta property=\"og:site_name\" content=\"PariPesa App Ladda ner senaste versionen f\u00f6r IOS Android\" \/>\n<meta property=\"article:modified_time\" content=\"2025-01-13T13:58:04+00:00\" \/>\n<meta name=\"twitter:label1\" content=\"Ber\u00e4knad l\u00e4stid\" \/>\n\t<meta name=\"twitter:data1\" content=\"3 minuter\" \/>\n<script type=\"application\/ld+json\" class=\"yoast-schema-graph\">{\"@context\":\"https:\/\/schema.org\",\"@graph\":[{\"@type\":\"WebPage\",\"@id\":\"https:\/\/paripesaapp.com\/sv\/bonus\/\",\"url\":\"https:\/\/paripesaapp.com\/sv\/bonus\/\",\"name\":\"Paripesa Bonus | Exklusiva Erbjudanden f\u00f6r Betting & Casino\",\"isPartOf\":{\"@id\":\"https:\/\/paripesaapp.com\/#website\"},\"datePublished\":\"2024-05-21T08:47:54+00:00\",\"dateModified\":\"2025-01-13T13:58:04+00:00\",\"description\":\"Uppt\u00e4ck Paripesa bonusar i Sverige. Ta del av v\u00e4lkomstbonusar, free spins och kampanjer f\u00f6r att f\u00f6rb\u00e4ttra din betting- och casinoupplevelse.\",\"breadcrumb\":{\"@id\":\"https:\/\/paripesaapp.com\/sv\/bonus\/#breadcrumb\"},\"inLanguage\":\"sv-SE\",\"potentialAction\":[{\"@type\":\"ReadAction\",\"target\":[\"https:\/\/paripesaapp.com\/sv\/bonus\/\"]}]},{\"@type\":\"BreadcrumbList\",\"@id\":\"https:\/\/paripesaapp.com\/sv\/bonus\/#breadcrumb\",\"itemListElement\":[{\"@type\":\"ListItem\",\"position\":1,\"name\":\"Home\",\"item\":\"https:\/\/paripesaapp.com\/sv\/\"},{\"@type\":\"ListItem\",\"position\":2,\"name\":\"bonus\"}]},{\"@type\":\"WebSite\",\"@id\":\"https:\/\/paripesaapp.com\/#website\",\"url\":\"https:\/\/paripesaapp.com\/\",\"name\":\"PariPesa App Download Latest Version for IOS Android\",\"description\":\"\",\"publisher\":{\"@id\":\"https:\/\/paripesaapp.com\/#organization\"},\"inLanguage\":\"sv-SE\"},{\"@type\":\"Organization\",\"@id\":\"https:\/\/paripesaapp.com\/#organization\",\"name\":\"PariPesa App Download Latest Version for IOS Android\",\"url\":\"https:\/\/paripesaapp.com\/\",\"logo\":{\"@type\":\"ImageObject\",\"inLanguage\":\"sv-SE\",\"@id\":\"https:\/\/paripesaapp.com\/#\/schema\/logo\/image\/\",\"url\":\"https:\/\/paripesaapp.com\/wp-content\/uploads\/2024\/03\/logo-2.png\",\"contentUrl\":\"https:\/\/paripesaapp.com\/wp-content\/uploads\/2024\/03\/logo-2.png\",\"width\":463,\"height\":79,\"caption\":\"PariPesa App Download Latest Version for IOS Android\"},\"image\":{\"@id\":\"https:\/\/paripesaapp.com\/#\/schema\/logo\/image\/\"}}]}<\/script>\n<!-- \/ Yoast SEO plugin. -->","yoast_head_json":{"title":"Paripesa Bonus | Exklusiva Erbjudanden f\u00f6r Betting & Casino","description":"Uppt\u00e4ck Paripesa bonusar i Sverige. Ta del av v\u00e4lkomstbonusar, free spins och kampanjer f\u00f6r att f\u00f6rb\u00e4ttra din betting- och casinoupplevelse.","robots":{"index":"index","follow":"follow","max-snippet":"max-snippet:-1","max-image-preview":"max-image-preview:large","max-video-preview":"max-video-preview:-1"},"og_locale":"sv_SE","og_type":"article","og_url":"https:\/\/paripesaapp.com\/sv\/bonus\/","og_site_name":"PariPesa App Ladda ner senaste versionen f\u00f6r IOS Android","article_modified_time":"2025-01-13T13:58:04+00:00","twitter_misc":{"Ber\u00e4knad l\u00e4stid":"3 minuter"},"schema":{"@context":"https:\/\/schema.org","@graph":[{"@type":"WebPage","@id":"https:\/\/paripesaapp.com\/sv\/bonus\/","url":"https:\/\/paripesaapp.com\/sv\/bonus\/","name":"Paripesa Bonus | Exklusiva Erbjudanden f\u00f6r Betting & Casino","isPartOf":{"@id":"https:\/\/paripesaapp.com\/#website"},"datePublished":"2024-05-21T08:47:54+00:00","dateModified":"2025-01-13T13:58:04+00:00","description":"Uppt\u00e4ck Paripesa bonusar i Sverige. Ta del av v\u00e4lkomstbonusar, free spins och kampanjer f\u00f6r att f\u00f6rb\u00e4ttra din betting- och casinoupplevelse.","breadcrumb":{"@id":"https:\/\/paripesaapp.com\/sv\/bonus\/#breadcrumb"},"inLanguage":"sv-SE","potentialAction":[{"@type":"ReadAction","target":["https:\/\/paripesaapp.com\/sv\/bonus\/"]}]},{"@type":"BreadcrumbList","@id":"https:\/\/paripesaapp.com\/sv\/bonus\/#breadcrumb","itemListElement":[{"@type":"ListItem","position":1,"name":"Home","item":"https:\/\/paripesaapp.com\/sv\/"},{"@type":"ListItem","position":2,"name":"bonus"}]},{"@type":"WebSite","@id":"https:\/\/paripesaapp.com\/#website","url":"https:\/\/paripesaapp.com\/","name":"PariPesa App Download Latest Version for IOS Android","description":"","publisher":{"@id":"https:\/\/paripesaapp.com\/#organization"},"inLanguage":"sv-SE"},{"@type":"Organization","@id":"https:\/\/paripesaapp.com\/#organization","name":"PariPesa App Download Latest Version for IOS Android","url":"https:\/\/paripesaapp.com\/","logo":{"@type":"ImageObject","inLanguage":"sv-SE","@id":"https:\/\/paripesaapp.com\/#\/schema\/logo\/image\/","url":"https:\/\/paripesaapp.com\/wp-content\/uploads\/2024\/03\/logo-2.png","contentUrl":"https:\/\/paripesaapp.com\/wp-content\/uploads\/2024\/03\/logo-2.png","width":463,"height":79,"caption":"PariPesa App Download Latest Version for IOS Android"},"image":{"@id":"https:\/\/paripesaapp.com\/#\/schema\/logo\/image\/"}}]}},"_links":{"self":[{"href":"https:\/\/paripesaapp.com\/sv\/wp-json\/wp\/v2\/pages\/2748","targetHints":{"allow":["GET"]}}],"collection":[{"href":"https:\/\/paripesaapp.com\/sv\/wp-json\/wp\/v2\/pages"}],"about":[{"href":"https:\/\/paripesaapp.com\/sv\/wp-json\/wp\/v2\/types\/page"}],"author":[{"embeddable":true,"href":"https:\/\/paripesaapp.com\/sv\/wp-json\/wp\/v2\/users\/2"}],"replies":[{"embeddable":true,"href":"https:\/\/paripesaapp.com\/sv\/wp-json\/wp\/v2\/comments?post=2748"}],"version-history":[{"count":5,"href":"https:\/\/paripesaapp.com\/sv\/wp-json\/wp\/v2\/pages\/2748\/revisions"}],"predecessor-version":[{"id":4409,"href":"https:\/\/paripesaapp.com\/sv\/wp-json\/wp\/v2\/pages\/2748\/revisions\/4409"}],"wp:attachment":[{"href":"https:\/\/paripesaapp.com\/sv\/wp-json\/wp\/v2\/media?parent=2748"}],"curies":[{"name":"wp","href":"https:\/\/api.w.org\/{rel}","templated":true}]}}